{"id":17246,"date":"2025-12-18T14:28:52","date_gmt":"2025-12-18T14:28:52","guid":{"rendered":"https:\/\/sabanadelamartours.com\/?post_type=product&#038;p=17246"},"modified":"2026-01-09T14:28:48","modified_gmt":"2026-01-09T14:28:48","slug":"navsteva-altos-de-chavon-z-punta-cana","status":"publish","type":"product","link":"https:\/\/sabanadelamartours.com\/cs\/prohlidka\/navsteva-altos-de-chavon-z-punta-cana\/","title":{"rendered":"N\u00e1v\u0161t\u011bva Altos de Chav\u00f3n z Punta Cany"},"content":{"rendered":"<p>Vydejte se na nezapomenuteln\u00e9 dobrodru\u017estv\u00ed a pono\u0159te se do dechberouc\u00ed kr\u00e1sy, kter\u00e1 n\u00e1s obklopuje! Ka\u017ed\u00fd n\u00e1\u0161 krok napln\u00ed na\u0161e srdce vzru\u0161en\u00edm a o\u010di \u00fachvatn\u00fdmi v\u00fdhledy. Kdy\u017e vystoup\u00e1me na vrchol kopce, \u010dek\u00e1 na n\u00e1s malebn\u00e1 vesni\u010dka, kter\u00e1 se rozkl\u00e1d\u00e1 u \u0159eky Chav\u00f3n. Panoramatick\u00fd v\u00fdhled na panenskou \u0159eku a jej\u00ed nedot\u010den\u00e9 okol\u00ed v\u00e1m vyraz\u00ed dech!<\/p>\n<p>Projdeme se \u00fazk\u00fdmi dl\u00e1\u017ed\u011bn\u00fdmi uli\u010dkami v podmaniv\u00e9 vesnici Altos de Chav\u00f3n a p\u0159eneseme se v \u010dase. Starobyle vypadaj\u00edc\u00ed domy \u0161eptaj\u00ed p\u0159\u00edb\u011bhy z minul\u00fdch dob, zat\u00edmco kostel a font\u00e1ny vytv\u00e1\u0159ej\u00ed kouzelnou atmosf\u00e9ru. Ale to nen\u00ed v\u0161echno - na\u0161e destinace odhaluje tak\u00e9 \u0159\u00edmsk\u00fd amfite\u00e1tr, kulturn\u00ed centrum a archeologick\u00e9 muzeum!<\/p>\n<p>P\u0159ipravte se na vzru\u0161uj\u00edc\u00ed z\u00e1\u017eitek, kter\u00fd pohne va\u0161\u00ed du\u0161\u00ed. Ka\u017ed\u00fd kout tohoto okouzluj\u00edc\u00edho m\u00edsta je pln\u00fd emoc\u00ed a objev\u016f. Poc\u00edt\u00edte, jak v\u00e1m v \u017eil\u00e1ch koluje historick\u00e1 energie, a\u017e budeme spole\u010dn\u011b objevovat divy Altos de Chav\u00f3n!<\/p>","protected":false},"excerpt":{"rendered":"<div data-track=\"overview\" data-v-83a2b402=\"\">\n<section id=\"activity-overview\" class=\"activity-overview\" data-component=\"overview\" data-v-83a2b402=\"\" data-v-f3236c42=\"\">\n<p class=\"activity-overview__content\" data-test-id=\"activity-overview-content\" data-v-f3236c42=\"\">Sv\u011btozn\u00e1m\u00e9 m\u011bsto um\u011blc\u016f! Tato vila ve st\u0159edomo\u0159sk\u00e9m stylu, kter\u00e1 se ty\u010d\u00ed nad majest\u00e1tn\u00ed \u0159ekou Chavon v Dominik\u00e1nsk\u00e9 republice, v\u00e1s zve, abyste poznali jej\u00ed neodolateln\u00fd p\u016fvab.<\/p>\n<\/section>\n<\/div>\n<div data-track=\"key-details\" data-v-83a2b402=\"\"><\/div>","protected":false},"featured_media":17300,"template":"","meta":[],"product_brand":[],"product_cat":[97],"product_tag":[101,102],"class_list":{"0":"post-17246","1":"product","2":"type-product","3":"status-publish","4":"has-post-thumbnail","6":"product_cat-dominican-republic","7":"product_tag-excursion","8":"product_tag-tour","10":"first","11":"instock","12":"sale","13":"shipping-taxable","14":"product-type-external"},"_links":{"self":[{"href":"https:\/\/sabanadelamartours.com\/cs\/wp-json\/wp\/v2\/product\/17246","targetHints":{"allow":["GET"]}}],"collection":[{"href":"https:\/\/sabanadelamartours.com\/cs\/wp-json\/wp\/v2\/product"}],"about":[{"href":"https:\/\/sabanadelamartours.com\/cs\/wp-json\/wp\/v2\/types\/product"}],"version-history":[{"count":1,"href":"https:\/\/sabanadelamartours.com\/cs\/wp-json\/wp\/v2\/product\/17246\/revisions"}],"predecessor-version":[{"id":18773,"href":"https:\/\/sabanadelamartours.com\/cs\/wp-json\/wp\/v2\/product\/17246\/revisions\/18773"}],"wp:featuredmedia":[{"embeddable":true,"href":"https:\/\/sabanadelamartours.com\/cs\/wp-json\/wp\/v2\/media\/17300"}],"wp:attachment":[{"href":"https:\/\/sabanadelamartours.com\/cs\/wp-json\/wp\/v2\/media?parent=17246"}],"wp:term":[{"taxonomy":"product_brand","embeddable":true,"href":"https:\/\/sabanadelamartours.com\/cs\/wp-json\/wp\/v2\/product_brand?post=17246"},{"taxonomy":"product_cat","embeddable":true,"href":"https:\/\/sabanadelamartours.com\/cs\/wp-json\/wp\/v2\/product_cat?post=17246"},{"taxonomy":"product_tag","embeddable":true,"href":"https:\/\/sabanadelamartours.com\/cs\/wp-json\/wp\/v2\/product_tag?post=17246"}],"curies":[{"name":"wp","href":"https:\/\/api.w.org\/{rel}","templated":true}]}}