{"id":17355,"date":"2025-12-18T14:33:19","date_gmt":"2025-12-18T14:33:19","guid":{"rendered":"https:\/\/sabanadelamartours.com\/?post_type=product&#038;p=17355"},"modified":"2026-01-09T14:41:41","modified_gmt":"2026-01-09T14:41:41","slug":"vylet-buggy-a-parasailing","status":"publish","type":"product","link":"https:\/\/sabanadelamartours.com\/cs\/prohlidka\/vylet-buggy-a-parasailing\/","title":{"rendered":"Z\u00e1\u017eitek z j\u00edzdy na bugin\u00e1ch a parasailingu"},"content":{"rendered":"<p>jeho v\u00fdlety jsou dokonal\u00e9, abyste si je u\u017eili v p\u0159\u00edrod\u011b... pro celou rodinu a ml\u00e1de\u017e v z\u00e1bav\u011b V \u010dase, kter\u00fd si vyberete, v\u00e1s vyzvedneme ve va\u0161em hotelu v Punta Can\u011b a odvezeme v\u00e1s do tepl\u00fdch vod Karibsk\u00e9ho mo\u0159e, kde si u\u017eijete prav\u00e9 parasailingov\u00e9 dobrodru\u017estv\u00ed. Jste p\u0159ipraveni?<\/p>\n<p>Vyzvedneme v\u00e1s na m\u00edst\u011b vyzvednut\u00ed r\u00e1no od 7:30 do 8:00, tak\u017ee ve 14:00 budete ve sv\u00e9m hotelu s ob\u011bma absolvovan\u00fdmi v\u00fdlety.<\/p>\n<p>Pokud nen\u00ed v\u00edtr stabiln\u00ed a bezpe\u010dn\u00fd, m\u016f\u017ee se v\u00fdlet na paraglidu trochu prot\u00e1hnout. Pro va\u0161i bezpe\u010dnost budeme v\u017edy doufat, \u017ee v\u00edtr je v nejlep\u0161\u00edm stavu, aby v\u00e1\u0161 v\u00fdlet prob\u011bhl s ve\u0161kerou pot\u0159ebnou bezpe\u010dnost\u00ed.<\/p>","protected":false},"excerpt":{"rendered":"<div data-track=\"overview\" data-v-83a2b402=\"\">\n<section id=\"activity-overview\" class=\"activity-overview\" data-component=\"overview\" data-v-83a2b402=\"\" data-v-f3236c42=\"\">\n<p class=\"activity-overview__content\" data-test-id=\"activity-overview-content\" data-v-f3236c42=\"\">U\u017eijte si dva v\u00fdlety, kdy\u017e si objedn\u00e1te 1. dobrodru\u017enou j\u00edzdu buginou a pot\u00e9 si u\u017eijete 60 metr\u016f vysok\u00fd parasailing. den pln\u00fd dobrodru\u017estv\u00ed<\/p>\n<\/section>\n<\/div>\n<div data-track=\"key-details\" data-v-83a2b402=\"\"><\/div>","protected":false},"featured_media":17496,"template":"","meta":[],"product_brand":[],"product_cat":[97],"product_tag":[101,102],"class_list":{"0":"post-17355","1":"product","2":"type-product","3":"status-publish","4":"has-post-thumbnail","6":"product_cat-dominican-republic","7":"product_tag-excursion","8":"product_tag-tour","10":"first","11":"instock","12":"shipping-taxable","13":"product-type-external"},"_links":{"self":[{"href":"https:\/\/sabanadelamartours.com\/cs\/wp-json\/wp\/v2\/product\/17355","targetHints":{"allow":["GET"]}}],"collection":[{"href":"https:\/\/sabanadelamartours.com\/cs\/wp-json\/wp\/v2\/product"}],"about":[{"href":"https:\/\/sabanadelamartours.com\/cs\/wp-json\/wp\/v2\/types\/product"}],"version-history":[{"count":1,"href":"https:\/\/sabanadelamartours.com\/cs\/wp-json\/wp\/v2\/product\/17355\/revisions"}],"predecessor-version":[{"id":18779,"href":"https:\/\/sabanadelamartours.com\/cs\/wp-json\/wp\/v2\/product\/17355\/revisions\/18779"}],"wp:featuredmedia":[{"embeddable":true,"href":"https:\/\/sabanadelamartours.com\/cs\/wp-json\/wp\/v2\/media\/17496"}],"wp:attachment":[{"href":"https:\/\/sabanadelamartours.com\/cs\/wp-json\/wp\/v2\/media?parent=17355"}],"wp:term":[{"taxonomy":"product_brand","embeddable":true,"href":"https:\/\/sabanadelamartours.com\/cs\/wp-json\/wp\/v2\/product_brand?post=17355"},{"taxonomy":"product_cat","embeddable":true,"href":"https:\/\/sabanadelamartours.com\/cs\/wp-json\/wp\/v2\/product_cat?post=17355"},{"taxonomy":"product_tag","embeddable":true,"href":"https:\/\/sabanadelamartours.com\/cs\/wp-json\/wp\/v2\/product_tag?post=17355"}],"curies":[{"name":"wp","href":"https:\/\/api.w.org\/{rel}","templated":true}]}}