{"id":17362,"date":"2025-12-18T14:33:19","date_gmt":"2025-12-18T14:33:19","guid":{"rendered":"https:\/\/sabanadelamartours.com\/?post_type=product&#038;p=17362"},"modified":"2026-01-09T14:46:20","modified_gmt":"2026-01-09T14:46:20","slug":"-646","status":"publish","type":"product","link":"https:\/\/sabanadelamartours.com\/cs\/prohlidka\/-646\/","title":{"rendered":"Dune Buggie + Breef Safari + \u0158\u00ed\u010dn\u00ed jeskyn\u011b a pl\u00e1\u017e Macao"},"content":{"rendered":"<p>An exciting and fun adventure where you will meet buggies part of Dominican culture, as it is, coffee, cocoa, snuff and their process as well as the visit to Macao and its beautiful beach and crystal clear waters.<\/p>\n<p>Enjoy an exciting adventure buggies where you can admire the stunning scenery of Macao beach and swim in its waters amazing. This will be an unforgettable and crazy half day adventure that will take place on trails in the Dominican countryside.<\/p>\n<div class=\"toggle-content__content toggle-content__content--expanded toggle-content__content--packable\" data-v-59485d64=\"\">\n<div data-test-id=\"activity-full-description-text\" data-v-5835c99c=\"\">Will also have a stop at a typical Dominican house to watch as manufactured cocoa, coffee while still being able to delight in a new world of flavors and smells. Then we continue driving until you reach an underground cave with crystal clear water where you can enjoy a swim. A day full of fun for those looking for a tour to see the natural beauty of the Dominican Republic.<\/div>\n<\/div>\n<div class=\"toggle-content__label-placeholder\" data-v-59485d64=\"\"><\/div>","protected":false},"excerpt":{"rendered":"<div data-track=\"overview\" data-v-83a2b402=\"\">\n<section id=\"activity-overview\" class=\"activity-overview\" data-component=\"overview\" data-v-83a2b402=\"\" data-v-f3236c42=\"\">\n<p class=\"activity-overview__content\" data-test-id=\"activity-overview-content\" data-v-f3236c42=\"\">Nasko\u010dte na buginu a sledujte bujnou p\u0159\u00edrodu, kter\u00e1 v\u00e1s bude m\u00edjet b\u011bhem p\u016fldenn\u00edho v\u00fdletu z Punta Cany. V tov\u00e1rn\u011b se sezn\u00e1m\u00edte s v\u00fdrobou k\u00e1vy, na pl\u00e1\u017ei Macao se budete vyh\u0159\u00edvat na slunci a nav\u0161t\u00edv\u00edte podzemn\u00ed jeskyni.<\/p>\n<\/section>\n<\/div>\n<div data-track=\"key-details\" data-v-83a2b402=\"\"><\/div>","protected":false},"featured_media":17544,"template":"","meta":[],"product_brand":[],"product_cat":[97],"product_tag":[101,102],"class_list":{"0":"post-17362","1":"product","2":"type-product","3":"status-publish","4":"has-post-thumbnail","6":"product_cat-dominican-republic","7":"product_tag-excursion","8":"product_tag-tour","10":"first","11":"instock","12":"shipping-taxable","13":"product-type-external"},"_links":{"self":[{"href":"https:\/\/sabanadelamartours.com\/cs\/wp-json\/wp\/v2\/product\/17362","targetHints":{"allow":["GET"]}}],"collection":[{"href":"https:\/\/sabanadelamartours.com\/cs\/wp-json\/wp\/v2\/product"}],"about":[{"href":"https:\/\/sabanadelamartours.com\/cs\/wp-json\/wp\/v2\/types\/product"}],"version-history":[{"count":1,"href":"https:\/\/sabanadelamartours.com\/cs\/wp-json\/wp\/v2\/product\/17362\/revisions"}],"predecessor-version":[{"id":18784,"href":"https:\/\/sabanadelamartours.com\/cs\/wp-json\/wp\/v2\/product\/17362\/revisions\/18784"}],"wp:featuredmedia":[{"embeddable":true,"href":"https:\/\/sabanadelamartours.com\/cs\/wp-json\/wp\/v2\/media\/17544"}],"wp:attachment":[{"href":"https:\/\/sabanadelamartours.com\/cs\/wp-json\/wp\/v2\/media?parent=17362"}],"wp:term":[{"taxonomy":"product_brand","embeddable":true,"href":"https:\/\/sabanadelamartours.com\/cs\/wp-json\/wp\/v2\/product_brand?post=17362"},{"taxonomy":"product_cat","embeddable":true,"href":"https:\/\/sabanadelamartours.com\/cs\/wp-json\/wp\/v2\/product_cat?post=17362"},{"taxonomy":"product_tag","embeddable":true,"href":"https:\/\/sabanadelamartours.com\/cs\/wp-json\/wp\/v2\/product_tag?post=17362"}],"curies":[{"name":"wp","href":"https:\/\/api.w.org\/{rel}","templated":true}]}}