{"id":17402,"date":"2025-12-18T14:35:08","date_gmt":"2025-12-18T14:35:08","guid":{"rendered":"https:\/\/sabanadelamartours.com\/?post_type=product&#038;p=17402"},"modified":"2025-12-18T14:44:22","modified_gmt":"2025-12-18T14:44:22","slug":"-649","status":"publish","type":"product","link":"https:\/\/sabanadelamartours.com\/cs\/prohlidka\/-649\/","title":{"rendered":"Punta Cana: P\u00e1rty lo\u010f p\u0159i z\u00e1padu slunce se \u0161norchlov\u00e1n\u00edm"},"content":{"rendered":"<p>The afternoon begins with hotel pick up in Punta Cana. Once onboard, the first stop will be to a shallow reef for a 30-40 minute snorkeling tour. For those who have never snorkeled, our certified guides will provide instructions as well as all the necessary equipment.<\/p>\n<div class=\"toggle-content__content toggle-content__content--expanded toggle-content__content--packable\" data-v-59485d64=\"\">\n<div data-test-id=\"activity-full-description-text\" data-v-5835c99c=\"\">Afterwards, cruise up the coast to the natural pool; a sandbank where visitors can enjoy clear shallow waters and take part in fun water activities and competitions organized by our friendly crew and animation team.\u00a0 Onboard, enjoy unlimited beverages including beer, rum, and mamajuana, as well as a selection of fresh fruit and snacks. Dance the afternoon away to local and international hits and enjoy the sun\u2019s last rays over the Caribbean Sea.<\/div>\n<\/div>\n<div class=\"toggle-content__label-placeholder\" data-v-59485d64=\"\"><\/div>\n<div data-v-59485d64=\"\"><\/div>","protected":false},"excerpt":{"rendered":"<div data-track=\"overview\" data-v-83a2b402=\"\">\n<section id=\"activity-overview\" class=\"activity-overview\" data-component=\"overview\" data-v-83a2b402=\"\" data-v-f3236c42=\"\">\n<p class=\"activity-overview__content\" data-test-id=\"activity-overview-content\" data-v-f3236c42=\"\">V r\u00e1mci t\u00e9to t\u0159\u00edhodinov\u00e9 plavby p\u0159i z\u00e1padu slunce se na palub\u011b dvoupatrov\u00e9ho katamar\u00e1nu proj\u00ed\u017ed\u011bjte pod\u00e9l pl\u00e1\u017ee Bavaro a kochejte se b\u00edl\u00fdm p\u00edskem a tyrkysovou vodou. Sko\u010dte do vody a \u0161norchlujte nebo protan\u010dete odpoledne na palub\u011b.<\/p>\n<\/section>\n<\/div>\n<div data-track=\"key-details\" data-v-83a2b402=\"\"><\/div>","protected":false},"featured_media":17596,"template":"","meta":[],"product_brand":[],"product_cat":[97],"product_tag":[101,102],"class_list":{"0":"post-17402","1":"product","2":"type-product","3":"status-publish","4":"has-post-thumbnail","6":"product_cat-dominican-republic","7":"product_tag-excursion","8":"product_tag-tour","10":"first","11":"instock","12":"shipping-taxable","13":"product-type-external"},"_links":{"self":[{"href":"https:\/\/sabanadelamartours.com\/cs\/wp-json\/wp\/v2\/product\/17402","targetHints":{"allow":["GET"]}}],"collection":[{"href":"https:\/\/sabanadelamartours.com\/cs\/wp-json\/wp\/v2\/product"}],"about":[{"href":"https:\/\/sabanadelamartours.com\/cs\/wp-json\/wp\/v2\/types\/product"}],"version-history":[{"count":0,"href":"https:\/\/sabanadelamartours.com\/cs\/wp-json\/wp\/v2\/product\/17402\/revisions"}],"wp:featuredmedia":[{"embeddable":true,"href":"https:\/\/sabanadelamartours.com\/cs\/wp-json\/wp\/v2\/media\/17596"}],"wp:attachment":[{"href":"https:\/\/sabanadelamartours.com\/cs\/wp-json\/wp\/v2\/media?parent=17402"}],"wp:term":[{"taxonomy":"product_brand","embeddable":true,"href":"https:\/\/sabanadelamartours.com\/cs\/wp-json\/wp\/v2\/product_brand?post=17402"},{"taxonomy":"product_cat","embeddable":true,"href":"https:\/\/sabanadelamartours.com\/cs\/wp-json\/wp\/v2\/product_cat?post=17402"},{"taxonomy":"product_tag","embeddable":true,"href":"https:\/\/sabanadelamartours.com\/cs\/wp-json\/wp\/v2\/product_tag?post=17402"}],"curies":[{"name":"wp","href":"https:\/\/api.w.org\/{rel}","templated":true}]}}