{"id":17450,"date":"2025-12-18T14:37:34","date_gmt":"2025-12-18T14:37:34","guid":{"rendered":"https:\/\/sabanadelamartours.com\/?post_type=product&#038;p=17450"},"modified":"2025-12-18T14:46:33","modified_gmt":"2025-12-18T14:46:33","slug":"-653","status":"publish","type":"product","link":"https:\/\/sabanadelamartours.com\/cs\/prohlidka\/-653\/","title":{"rendered":"Z\u00e1\u017eitek z parasailingu s vyzvednut\u00edm v hotelu o airbnb"},"content":{"rendered":"<div class=\"toggle-content__content toggle-content__content--packable\" data-v-59485d64=\"\">\n<div data-test-id=\"activity-full-description-text\" data-v-5835c99c=\"\">Paragliding je \u00fa\u017easn\u00e9 dobrodru\u017estv\u00ed a jedna z nejlep\u0161\u00edch aktivit v Punta Can\u011b! Pohled na pob\u0159e\u017e\u00ed z v\u00fd\u0161ky 200 stop p\u0159i placht\u011bn\u00ed je naprosto \u00fachvatn\u00fd a z\u00e1bavn\u00fd z\u00e1\u017eitek pro celou rodinu.<\/div>\n<\/div>\n<div class=\"toggle-content__label-placeholder\" data-v-59485d64=\"\"><\/div>","protected":false},"excerpt":{"rendered":"<div data-track=\"overview\" data-v-83a2b402=\"\">\n<section id=\"activity-overview\" class=\"activity-overview\" data-component=\"overview\" data-v-83a2b402=\"\" data-v-f3236c42=\"\">\n<p class=\"activity-overview__content\" data-test-id=\"activity-overview-content\" data-v-f3236c42=\"\">Paragliding je \u00fa\u017easn\u00e9 dobrodru\u017estv\u00ed a jedna z nejlep\u0161\u00edch aktivit v Punta Can\u011b! Pohled na pob\u0159e\u017e\u00ed z v\u00fd\u0161ky 200 stop p\u0159i placht\u011bn\u00ed je naprosto \u00fachvatn\u00fd a z\u00e1bavn\u00fd z\u00e1\u017eitek pro celou rodinu.<\/p>\n<\/section>\n<\/div>\n<div data-track=\"key-details\" data-v-83a2b402=\"\"><\/div>","protected":false},"featured_media":17643,"template":"","meta":[],"product_brand":[],"product_cat":[97],"product_tag":[101,102],"class_list":{"0":"post-17450","1":"product","2":"type-product","3":"status-publish","4":"has-post-thumbnail","6":"product_cat-dominican-republic","7":"product_tag-excursion","8":"product_tag-tour","10":"first","11":"instock","12":"shipping-taxable","13":"product-type-external"},"_links":{"self":[{"href":"https:\/\/sabanadelamartours.com\/cs\/wp-json\/wp\/v2\/product\/17450","targetHints":{"allow":["GET"]}}],"collection":[{"href":"https:\/\/sabanadelamartours.com\/cs\/wp-json\/wp\/v2\/product"}],"about":[{"href":"https:\/\/sabanadelamartours.com\/cs\/wp-json\/wp\/v2\/types\/product"}],"version-history":[{"count":0,"href":"https:\/\/sabanadelamartours.com\/cs\/wp-json\/wp\/v2\/product\/17450\/revisions"}],"wp:featuredmedia":[{"embeddable":true,"href":"https:\/\/sabanadelamartours.com\/cs\/wp-json\/wp\/v2\/media\/17643"}],"wp:attachment":[{"href":"https:\/\/sabanadelamartours.com\/cs\/wp-json\/wp\/v2\/media?parent=17450"}],"wp:term":[{"taxonomy":"product_brand","embeddable":true,"href":"https:\/\/sabanadelamartours.com\/cs\/wp-json\/wp\/v2\/product_brand?post=17450"},{"taxonomy":"product_cat","embeddable":true,"href":"https:\/\/sabanadelamartours.com\/cs\/wp-json\/wp\/v2\/product_cat?post=17450"},{"taxonomy":"product_tag","embeddable":true,"href":"https:\/\/sabanadelamartours.com\/cs\/wp-json\/wp\/v2\/product_tag?post=17450"}],"curies":[{"name":"wp","href":"https:\/\/api.w.org\/{rel}","templated":true}]}}