{"id":17495,"date":"2025-12-18T14:39:56","date_gmt":"2025-12-18T14:39:56","guid":{"rendered":"https:\/\/sabanadelamartours.com\/?post_type=product&#038;p=17495"},"modified":"2026-02-14T02:19:45","modified_gmt":"2026-02-14T02:19:45","slug":"prohlidka-mesta-kolonialni-santo-domingo-a-skryte-prirodni-krasy","status":"publish","type":"product","link":"https:\/\/sabanadelamartours.com\/cs\/prohlidka\/prohlidka-mesta-kolonialni-santo-domingo-a-skryte-prirodni-krasy\/","title":{"rendered":"Koloni\u00e1ln\u00ed Santo Domingo a skryt\u00e9 p\u0159\u00edrodn\u00ed kr\u00e1sy Prohl\u00eddka m\u011bsta"},"content":{"rendered":"<p>B\u011bhem t\u00e9to aktivity se z\u00e1kazn\u00edci vydaj\u00ed na obohacuj\u00edc\u00ed cestu centrem Santo Dominga, kter\u00e1 za\u010d\u00edn\u00e1 n\u00e1v\u0161t\u011bvou Zona Colonial z 15. stolet\u00ed. Zde budou m\u00edt p\u0159\u00edle\u017eitost prozkoumat jedine\u010dn\u00e1 m\u00edsta, po\u0159\u00eddit \u00fachvatn\u00e9 fotografie a pono\u0159it se do bohat\u00e9 historie t\u00e9to oblasti. Sou\u010d\u00e1st\u00ed prohl\u00eddky bude n\u00e1v\u0161t\u011bva n\u011bkter\u00fdch z nejp\u016fsobiv\u011bj\u0161\u00edch muze\u00ed, kter\u00e1 nab\u00eddnou pohled do minulosti m\u011bsta a jeho kulturn\u00edho d\u011bdictv\u00ed.<\/p>\n<p>P\u0159i proch\u00e1zce p\u016fvabn\u00fdmi uli\u010dkami Zona Colonial se n\u00e1v\u0161t\u011bvn\u00edci setkaj\u00ed s kulturn\u00edmi pam\u00e1tkami, jako jsou n\u00e1m\u011bst\u00ed Plaza de Espa\u00f1a a Calles las Damas, pojmenovan\u00e9 podle dam, kter\u00e9 se po nich kdysi ka\u017ed\u00e9 odpoledne proch\u00e1zely. Budou obdivovat architektonick\u00e9 z\u00e1zraky prvn\u00ed katedr\u00e1ly Nov\u00e9ho sv\u011bta a objev\u00ed dal\u0161\u00ed zvl\u00e1\u0161tn\u00ed m\u00edsta, kter\u00e1 maj\u00ed v\u00fdznam v historii m\u011bsta.<\/p>\n<p>Po prohl\u00eddce historick\u00e9 Zona Colonial pokra\u010duje dobrodru\u017estv\u00ed n\u00e1v\u0161t\u011bvou parku Los Tres Ojos, kter\u00fd je zn\u00e1m\u00fd sv\u00fdmi \u00fachvatn\u00fdmi p\u0159\u00edrodn\u00edmi kr\u00e1sami. Zde budou m\u00edt host\u00e9 mo\u017enost prozkoumat podzemn\u00ed jezera obklopen\u00e1 bujnou zelen\u00ed a vysok\u00fdmi stromy. Mohou se proch\u00e1zet po malebn\u00fdch stezk\u00e1ch, obdivovat \u00fachvatn\u00e9 v\u00e1pencov\u00e9 \u00fatvary a vychutn\u00e1vat si klid t\u00e9to skryt\u00e9 o\u00e1zy.<\/p>\n<p>Po celou dobu aktivity budou m\u00edt host\u00e9 k dispozici soukromou dopravu v klimatizovan\u00e9m vozidle, kter\u00e1 jim zajist\u00ed pohodln\u00fd a bezprobl\u00e9mov\u00fd z\u00e1\u017eitek. Po celou dobu prohl\u00eddky bude host\u016fm k dispozici balen\u00e1 voda, aby se mohli osv\u011b\u017eit. V\u0161echny poplatky, taxy a vstupy do n\u00e1rodn\u00edho parku jsou zahrnuty v bal\u00ed\u010dku, tak\u017ee host\u00e9 mohou relaxovat a pln\u011b se pono\u0159it do z\u00e1\u017eitk\u016f bez dal\u0161\u00edch starost\u00ed.<\/p>\n<p>A\u0165 u\u017e se host\u00e9 rozhodnou jet p\u0159\u00edmo na m\u00edsto setk\u00e1n\u00ed, nebo po\u017e\u00e1daj\u00ed o vyzvednut\u00ed z m\u00edsta, kde se nach\u00e1z\u00ed jejich Airbnb v Distrito Nacional v Santo Domingu, mohou o\u010dek\u00e1vat bezprobl\u00e9mov\u00fd a p\u0159\u00edjemn\u00fd z\u00e1\u017eitek od za\u010d\u00e1tku a\u017e do konce. Aktivita kon\u010d\u00ed na m\u00edst\u011b setk\u00e1n\u00ed a host\u00e9 si odn\u00e1\u0161ej\u00ed nezapomenuteln\u00e9 vzpom\u00ednky na pr\u016fzkum historick\u00e9 Zona Colonial v Santo Domingu a p\u0159\u00edrodn\u00edch kr\u00e1s parku Los Tres Ojos.<\/p>","protected":false},"excerpt":{"rendered":"<div data-track=\"overview\" data-v-83a2b402=\"\">\n<section id=\"activity-overview\" class=\"activity-overview\" data-component=\"overview\" data-v-83a2b402=\"\" data-v-f3236c42=\"\">\n<p class=\"activity-overview__content\" data-test-id=\"activity-overview-content\" data-v-f3236c42=\"\">Prozkoumejte historickou \u010d\u00e1st Santo Dominga Zona Colonial a nav\u0161tivte p\u016fsobiv\u00e1 muzea, pot\u00e9 se pono\u0159te do p\u0159\u00edrodn\u00edch kr\u00e1s podzemn\u00edch jezer a zelen\u00fdch strom\u016f v parku Los Tres Ojos.<\/p>\n<\/section>\n<\/div>\n<div data-track=\"key-details\" data-v-83a2b402=\"\"><\/div>","protected":false},"featured_media":17688,"template":"","meta":[],"product_brand":[],"product_cat":[97],"product_tag":[101,102],"class_list":{"0":"post-17495","1":"product","2":"type-product","3":"status-publish","4":"has-post-thumbnail","6":"product_cat-dominican-republic","7":"product_tag-excursion","8":"product_tag-tour","10":"first","11":"instock","12":"shipping-taxable","13":"product-type-external"},"_links":{"self":[{"href":"https:\/\/sabanadelamartours.com\/cs\/wp-json\/wp\/v2\/product\/17495","targetHints":{"allow":["GET"]}}],"collection":[{"href":"https:\/\/sabanadelamartours.com\/cs\/wp-json\/wp\/v2\/product"}],"about":[{"href":"https:\/\/sabanadelamartours.com\/cs\/wp-json\/wp\/v2\/types\/product"}],"version-history":[{"count":1,"href":"https:\/\/sabanadelamartours.com\/cs\/wp-json\/wp\/v2\/product\/17495\/revisions"}],"predecessor-version":[{"id":19147,"href":"https:\/\/sabanadelamartours.com\/cs\/wp-json\/wp\/v2\/product\/17495\/revisions\/19147"}],"wp:featuredmedia":[{"embeddable":true,"href":"https:\/\/sabanadelamartours.com\/cs\/wp-json\/wp\/v2\/media\/17688"}],"wp:attachment":[{"href":"https:\/\/sabanadelamartours.com\/cs\/wp-json\/wp\/v2\/media?parent=17495"}],"wp:term":[{"taxonomy":"product_brand","embeddable":true,"href":"https:\/\/sabanadelamartours.com\/cs\/wp-json\/wp\/v2\/product_brand?post=17495"},{"taxonomy":"product_cat","embeddable":true,"href":"https:\/\/sabanadelamartours.com\/cs\/wp-json\/wp\/v2\/product_cat?post=17495"},{"taxonomy":"product_tag","embeddable":true,"href":"https:\/\/sabanadelamartours.com\/cs\/wp-json\/wp\/v2\/product_tag?post=17495"}],"curies":[{"name":"wp","href":"https:\/\/api.w.org\/{rel}","templated":true}]}}