{"id":17506,"date":"2025-12-18T14:40:20","date_gmt":"2025-12-18T14:40:20","guid":{"rendered":"https:\/\/sabanadelamartours.com\/?post_type=product&#038;p=17506"},"modified":"2026-02-14T02:18:32","modified_gmt":"2026-02-14T02:18:32","slug":"soukromy-transfer-z-letiste-santo-domingo-tam-a-zpet","status":"publish","type":"product","link":"https:\/\/sabanadelamartours.com\/cs\/prohlidka\/soukromy-transfer-z-letiste-santo-domingo-tam-a-zpet\/","title":{"rendered":"Santo Domingo: Soukrom\u00fd transfer z leti\u0161t\u011b tam i zp\u011bt"},"content":{"rendered":"<p>Za\u010dn\u011bte dovolenou stylov\u011b soukrom\u00fdm klimatizovan\u00fdm transferem s uniformovan\u00fdm \u0159idi\u010dem. Nemus\u00edte se zdr\u017eovat a ztr\u00e1cet drahocenn\u00fd \u010das na dovolen\u00e9 \u010dek\u00e1n\u00edm na ostatn\u00ed.<\/p>\n<p>Zarezervujte si ji nyn\u00ed a u\u0161et\u0159ete si starosti a nejistotu p\u0159i hled\u00e1n\u00ed spolehliv\u00e9ho taxi po p\u0159\u00edjezdu. Pohodln\u00fd soukrom\u00fd transfer do letovisek, vil a apartm\u00e1n\u016f v Boca Chica. Poskytovatel provozuje kvalitn\u00ed transfery z dominik\u00e1nsk\u00e9ho leti\u0161t\u011b ji\u017e v\u00edce ne\u017e 25 let.<\/p>","protected":false},"excerpt":{"rendered":"<div data-track=\"overview\" data-v-83a2b402=\"\">\n<section id=\"activity-overview\" class=\"activity-overview\" data-component=\"overview\" data-v-83a2b402=\"\" data-v-f3236c42=\"\">\n<p class=\"activity-overview__content\" data-test-id=\"activity-overview-content\" data-v-f3236c42=\"\">Po p\u0159\u00edjezdu do Santo Dominga se zbavte nejistoty p\u0159i hled\u00e1n\u00ed spolehliv\u00e9ho m\u00edstn\u00edho taxi. S touto p\u0159epravn\u00ed slu\u017ebou v\u00e1s vyzvedneme z m\u00edsta, kde se nach\u00e1z\u00edte, a pohodln\u011b v\u00e1s doprav\u00edme do c\u00edle.<\/p>\n<\/section>\n<\/div>\n<div data-track=\"key-details\" data-v-83a2b402=\"\"><\/div>","protected":false},"featured_media":17702,"template":"","meta":[],"product_brand":[],"product_cat":[97],"product_tag":[101,102],"class_list":{"0":"post-17506","1":"product","2":"type-product","3":"status-publish","4":"has-post-thumbnail","6":"product_cat-dominican-republic","7":"product_tag-excursion","8":"product_tag-tour","10":"first","11":"instock","12":"shipping-taxable","13":"product-type-external"},"_links":{"self":[{"href":"https:\/\/sabanadelamartours.com\/cs\/wp-json\/wp\/v2\/product\/17506","targetHints":{"allow":["GET"]}}],"collection":[{"href":"https:\/\/sabanadelamartours.com\/cs\/wp-json\/wp\/v2\/product"}],"about":[{"href":"https:\/\/sabanadelamartours.com\/cs\/wp-json\/wp\/v2\/types\/product"}],"version-history":[{"count":1,"href":"https:\/\/sabanadelamartours.com\/cs\/wp-json\/wp\/v2\/product\/17506\/revisions"}],"predecessor-version":[{"id":19146,"href":"https:\/\/sabanadelamartours.com\/cs\/wp-json\/wp\/v2\/product\/17506\/revisions\/19146"}],"wp:featuredmedia":[{"embeddable":true,"href":"https:\/\/sabanadelamartours.com\/cs\/wp-json\/wp\/v2\/media\/17702"}],"wp:attachment":[{"href":"https:\/\/sabanadelamartours.com\/cs\/wp-json\/wp\/v2\/media?parent=17506"}],"wp:term":[{"taxonomy":"product_brand","embeddable":true,"href":"https:\/\/sabanadelamartours.com\/cs\/wp-json\/wp\/v2\/product_brand?post=17506"},{"taxonomy":"product_cat","embeddable":true,"href":"https:\/\/sabanadelamartours.com\/cs\/wp-json\/wp\/v2\/product_cat?post=17506"},{"taxonomy":"product_tag","embeddable":true,"href":"https:\/\/sabanadelamartours.com\/cs\/wp-json\/wp\/v2\/product_tag?post=17506"}],"curies":[{"name":"wp","href":"https:\/\/api.w.org\/{rel}","templated":true}]}}