{"id":17567,"date":"2025-12-18T14:43:09","date_gmt":"2025-12-18T14:43:09","guid":{"rendered":"https:\/\/sabanadelamartours.com\/?post_type=product&#038;p=17567"},"modified":"2026-01-09T14:57:36","modified_gmt":"2026-01-09T14:57:36","slug":"-656","status":"publish","type":"product","link":"https:\/\/sabanadelamartours.com\/cs\/prohlidka\/-656\/","title":{"rendered":"Miches: Safari v\u00fdlet Montana Redonda"},"content":{"rendered":"<p>Explore one of the most beautiful places in the Dominican Republic with this fabulous trip to Monta\u00f1a Redonda. Surround yourself with the region&#8217;s exuberant nature and enjoy unparalleled panoramic views.<\/p>\n<p>we&#8217;ll drive to the Monta\u00f1a Redonda, one of the most beautiful places in the Caribbean country.<\/p>\n<p>After an hour by road, we&#8217;ll arrive at the foot of Monta\u00f1a Redonda, in Miches, where we take a ride in a powerful 4&#215;4 vehicle to the summit of this beautiful mountain. At the top, you&#8217;ll enjoy amazing panoramic views of the surrounding landscapes. Do you dare to ride on the swing at 1000 feet high up?<\/p>\n<div class=\"toggle-content__content toggle-content__content--expanded toggle-content__content--packable\" data-v-59485d64=\"\">\n<div data-test-id=\"activity-full-description-text\" data-v-5835c99c=\"\">You&#8217;ll have a unique view of the bay of Saman\u00e1, the Redonda lagoon, and the coastline. We&#8217;ll also see the sunrise beautifully reflected on the water.<\/div>\n<\/div>\n<div class=\"toggle-content__label-placeholder\" data-v-59485d64=\"\"><\/div>","protected":false},"excerpt":{"rendered":"<div data-track=\"overview\" data-v-83a2b402=\"\">\n<section id=\"activity-overview\" class=\"activity-overview\" data-component=\"overview\" data-v-83a2b402=\"\" data-v-f3236c42=\"\">\n<p class=\"activity-overview__content\" data-test-id=\"activity-overview-content\" data-v-f3236c42=\"\">Prozkoumejte Montana redonda v Miches a u\u017eijte si safari kamion na vrchol hory. Spravujte sv\u016fj \u010das s rodinou a p\u0159\u00edtelem a nastavte nejlep\u0161\u00ed v\u00fdlet s \u00fa\u017easn\u00fdmi v\u00fdhledy na Playa Limon, Laguna Limon.<\/p>\n<\/section>\n<\/div>\n<div data-track=\"key-details\" data-v-83a2b402=\"\"><\/div>","protected":false},"featured_media":17738,"template":"","meta":[],"product_brand":[],"product_cat":[97],"product_tag":[101,102],"class_list":{"0":"post-17567","1":"product","2":"type-product","3":"status-publish","4":"has-post-thumbnail","6":"product_cat-dominican-republic","7":"product_tag-excursion","8":"product_tag-tour","10":"first","11":"instock","12":"shipping-taxable","13":"product-type-external"},"_links":{"self":[{"href":"https:\/\/sabanadelamartours.com\/cs\/wp-json\/wp\/v2\/product\/17567","targetHints":{"allow":["GET"]}}],"collection":[{"href":"https:\/\/sabanadelamartours.com\/cs\/wp-json\/wp\/v2\/product"}],"about":[{"href":"https:\/\/sabanadelamartours.com\/cs\/wp-json\/wp\/v2\/types\/product"}],"version-history":[{"count":1,"href":"https:\/\/sabanadelamartours.com\/cs\/wp-json\/wp\/v2\/product\/17567\/revisions"}],"predecessor-version":[{"id":18792,"href":"https:\/\/sabanadelamartours.com\/cs\/wp-json\/wp\/v2\/product\/17567\/revisions\/18792"}],"wp:featuredmedia":[{"embeddable":true,"href":"https:\/\/sabanadelamartours.com\/cs\/wp-json\/wp\/v2\/media\/17738"}],"wp:attachment":[{"href":"https:\/\/sabanadelamartours.com\/cs\/wp-json\/wp\/v2\/media?parent=17567"}],"wp:term":[{"taxonomy":"product_brand","embeddable":true,"href":"https:\/\/sabanadelamartours.com\/cs\/wp-json\/wp\/v2\/product_brand?post=17567"},{"taxonomy":"product_cat","embeddable":true,"href":"https:\/\/sabanadelamartours.com\/cs\/wp-json\/wp\/v2\/product_cat?post=17567"},{"taxonomy":"product_tag","embeddable":true,"href":"https:\/\/sabanadelamartours.com\/cs\/wp-json\/wp\/v2\/product_tag?post=17567"}],"curies":[{"name":"wp","href":"https:\/\/api.w.org\/{rel}","templated":true}]}}