{"id":17579,"date":"2025-12-18T14:43:31","date_gmt":"2025-12-18T14:43:31","guid":{"rendered":"https:\/\/sabanadelamartours.com\/?post_type=product&#038;p=17579"},"modified":"2026-02-14T02:17:50","modified_gmt":"2026-02-14T02:17:50","slug":"-659","status":"publish","type":"product","link":"https:\/\/sabanadelamartours.com\/cs\/prohlidka\/-659\/","title":{"rendered":"Leti\u0161t\u011b Puerto Plata - Cabarete"},"content":{"rendered":"<div class=\"toggle-content__content toggle-content__content--expanded toggle-content__content--packable\" data-v-59485d64=\"\">\n<div data-test-id=\"activity-full-description-text\" data-v-5835c99c=\"\">V\u00edtejte v Dominik\u00e1nsk\u00e9 republice, nejobl\u00edben\u011bj\u0161\u00ed zemi Latinsk\u00e9 Ameriky, kde m\u00e1me v\u0161e. V t\u00e9to aktivit\u011b na v\u00e1s budu \u010dekat p\u0159ed v\u00fdchodem z velk\u00fdch dve\u0159\u00ed leti\u0161t\u011b a pot\u00e9 se pod\u00edv\u00e1me na ulici a do va\u0161\u00ed destinace.V\u00edtejte v Dominik\u00e1nsk\u00e9 republice, zemi nejobl\u00edben\u011bj\u0161\u00ed v Latinoamerice, pr\u00e1v\u011b tady m\u00e1me v\u0161echno. V t\u00e9to aktivit\u011b na v\u00e1s budu \u010dekat p\u0159ed v\u00fdchodem z velk\u00fdch dve\u0159\u00ed leti\u0161t\u011b a pot\u00e9 uvid\u00edte ulici a sv\u016fj c\u00edl. v\u00edtejte v Dominik\u00e1nsk\u00e9 republice zemi nejpopul\u00e1rn\u011bj\u0161\u00ed v Latinoamerice pr\u00e1v\u011b tady m\u00e1me v\u0161echno. V t\u00e9to aktivit\u011b na v\u00e1s budu \u010dekat p\u0159ed v\u00fdchodem z velk\u00fdch dve\u0159\u00ed leti\u0161t\u011b a pot\u00e9 se pod\u00edv\u00e1me na ulici a v\u00e1\u0161 c\u00edl.<\/div>\n<\/div>\n<div class=\"toggle-content__label-placeholder\" data-v-59485d64=\"\"><\/div>","protected":false},"excerpt":{"rendered":"<div data-track=\"overview\" data-v-83a2b402=\"\">\n<section id=\"activity-overview\" class=\"activity-overview\" data-component=\"overview\" data-v-83a2b402=\"\" data-v-f3236c42=\"\">\n<p class=\"activity-overview__content\" data-test-id=\"activity-overview-content\" data-v-f3236c42=\"\">Bezpe\u010dnostn\u00ed komfort \u010cist\u00e1 auta<\/p>\n<\/section>\n<\/div>\n<div data-track=\"key-details\" data-v-83a2b402=\"\"><\/div>","protected":false},"featured_media":17762,"template":"","meta":[],"product_brand":[],"product_cat":[97],"product_tag":[101,102],"class_list":{"0":"post-17579","1":"product","2":"type-product","3":"status-publish","4":"has-post-thumbnail","6":"product_cat-dominican-republic","7":"product_tag-excursion","8":"product_tag-tour","10":"first","11":"instock","12":"shipping-taxable","13":"product-type-external"},"_links":{"self":[{"href":"https:\/\/sabanadelamartours.com\/cs\/wp-json\/wp\/v2\/product\/17579","targetHints":{"allow":["GET"]}}],"collection":[{"href":"https:\/\/sabanadelamartours.com\/cs\/wp-json\/wp\/v2\/product"}],"about":[{"href":"https:\/\/sabanadelamartours.com\/cs\/wp-json\/wp\/v2\/types\/product"}],"version-history":[{"count":1,"href":"https:\/\/sabanadelamartours.com\/cs\/wp-json\/wp\/v2\/product\/17579\/revisions"}],"predecessor-version":[{"id":19145,"href":"https:\/\/sabanadelamartours.com\/cs\/wp-json\/wp\/v2\/product\/17579\/revisions\/19145"}],"wp:featuredmedia":[{"embeddable":true,"href":"https:\/\/sabanadelamartours.com\/cs\/wp-json\/wp\/v2\/media\/17762"}],"wp:attachment":[{"href":"https:\/\/sabanadelamartours.com\/cs\/wp-json\/wp\/v2\/media?parent=17579"}],"wp:term":[{"taxonomy":"product_brand","embeddable":true,"href":"https:\/\/sabanadelamartours.com\/cs\/wp-json\/wp\/v2\/product_brand?post=17579"},{"taxonomy":"product_cat","embeddable":true,"href":"https:\/\/sabanadelamartours.com\/cs\/wp-json\/wp\/v2\/product_cat?post=17579"},{"taxonomy":"product_tag","embeddable":true,"href":"https:\/\/sabanadelamartours.com\/cs\/wp-json\/wp\/v2\/product_tag?post=17579"}],"curies":[{"name":"wp","href":"https:\/\/api.w.org\/{rel}","templated":true}]}}