{"id":17595,"date":"2025-12-18T14:44:05","date_gmt":"2025-12-18T14:44:05","guid":{"rendered":"https:\/\/sabanadelamartours.com\/?post_type=product&#038;p=17595"},"modified":"2025-12-18T14:51:56","modified_gmt":"2025-12-18T14:51:56","slug":"-661","status":"publish","type":"product","link":"https:\/\/sabanadelamartours.com\/cs\/prohlidka\/-661\/","title":{"rendered":"Punta Cana Dobrodru\u017estv\u00ed p\u0159i rekrea\u010dn\u00edm pot\u00e1p\u011bn\u00ed na 40 stop\u00e1ch"},"content":{"rendered":"<div class=\"toggle-content__content toggle-content__content--expanded toggle-content__content--packable\" data-v-59485d64=\"\">\n<div data-test-id=\"activity-full-description-text\" data-v-5835c99c=\"\">Embark on the Punta Cana Coastal Diving Adventure and discover the underwater wonders of the Caribbean Sea! This exciting diving experience is perfect for both beginners and experienced divers. Explore vibrant coral reefs teeming with tropical fish, encounter majestic marine life, and marvel at the crystal-clear waters. Our professional guides ensure a safe and unforgettable experience. Create lasting memories with an amazing underwater adventure. Book your Punta Cana Coastal Diving Adventure today and dive into the magic of the Caribbean Sea!<\/div>\n<\/div>\n<div class=\"toggle-content__label-placeholder\" data-v-59485d64=\"\"><\/div>","protected":false},"excerpt":{"rendered":"<div data-track=\"overview\" data-v-83a2b402=\"\">\n<section id=\"activity-overview\" class=\"activity-overview\" data-component=\"overview\" data-v-83a2b402=\"\" data-v-f3236c42=\"\">\n<p class=\"activity-overview__content\" data-test-id=\"activity-overview-content\" data-v-f3236c42=\"\">Pono\u0159te se do tepl\u00fdch a l\u00e1kav\u00fdch p\u0159\u00edrodn\u00edch baz\u00e9n\u016f a objevte exotick\u00fd mo\u0159sk\u00fd \u017eivot, kter\u00fd se rozkl\u00e1d\u00e1 pod vlnami, p\u0159i pot\u00e1p\u011bn\u00ed se silou.<\/p>\n<\/section>\n<\/div>\n<div data-track=\"key-details\" data-v-83a2b402=\"\"><\/div>","protected":false},"featured_media":17779,"template":"","meta":[],"product_brand":[],"product_cat":[97],"product_tag":[101,102],"class_list":{"0":"post-17595","1":"product","2":"type-product","3":"status-publish","4":"has-post-thumbnail","6":"product_cat-dominican-republic","7":"product_tag-excursion","8":"product_tag-tour","10":"first","11":"instock","12":"shipping-taxable","13":"product-type-external"},"_links":{"self":[{"href":"https:\/\/sabanadelamartours.com\/cs\/wp-json\/wp\/v2\/product\/17595","targetHints":{"allow":["GET"]}}],"collection":[{"href":"https:\/\/sabanadelamartours.com\/cs\/wp-json\/wp\/v2\/product"}],"about":[{"href":"https:\/\/sabanadelamartours.com\/cs\/wp-json\/wp\/v2\/types\/product"}],"version-history":[{"count":0,"href":"https:\/\/sabanadelamartours.com\/cs\/wp-json\/wp\/v2\/product\/17595\/revisions"}],"wp:featuredmedia":[{"embeddable":true,"href":"https:\/\/sabanadelamartours.com\/cs\/wp-json\/wp\/v2\/media\/17779"}],"wp:attachment":[{"href":"https:\/\/sabanadelamartours.com\/cs\/wp-json\/wp\/v2\/media?parent=17595"}],"wp:term":[{"taxonomy":"product_brand","embeddable":true,"href":"https:\/\/sabanadelamartours.com\/cs\/wp-json\/wp\/v2\/product_brand?post=17595"},{"taxonomy":"product_cat","embeddable":true,"href":"https:\/\/sabanadelamartours.com\/cs\/wp-json\/wp\/v2\/product_cat?post=17595"},{"taxonomy":"product_tag","embeddable":true,"href":"https:\/\/sabanadelamartours.com\/cs\/wp-json\/wp\/v2\/product_tag?post=17595"}],"curies":[{"name":"wp","href":"https:\/\/api.w.org\/{rel}","templated":true}]}}