{"id":17613,"date":"2025-12-18T14:44:41","date_gmt":"2025-12-18T14:44:41","guid":{"rendered":"https:\/\/sabanadelamartours.com\/?post_type=product&#038;p=17613"},"modified":"2026-02-14T02:17:14","modified_gmt":"2026-02-14T02:17:14","slug":"transfery-a-taxisluzby-opic-v-puerto-plata","status":"publish","type":"product","link":"https:\/\/sabanadelamartours.com\/cs\/prohlidka\/transfery-a-taxisluzby-opic-v-puerto-plata\/","title":{"rendered":"Transfery a tax\u00edky Monkey land v Puerto Plata"},"content":{"rendered":"<p>Projd\u011bte se barevnou botanickou zahradou a poznejte l\u00e9\u010div\u00e9 rostliny, kv\u011btiny a ovocn\u00e9 stromy poch\u00e1zej\u00edc\u00ed z Dominik\u00e1nsk\u00e9 republiky.                V opi\u010d\u00ed zemi se m\u016f\u017eete setkat s na\u0161imi kr\u00e1sn\u00fdmi opicemi veverkami.                                                                                                      Pozorujte opice v p\u0159irozen\u00e9m prost\u0159ed\u00ed, kter\u00e9 nab\u00edz\u00ed n\u00e1dhern\u00fd v\u00fdhled na hory.                                                                            Na z\u00e1v\u011br t\u00e9to p\u0159\u00edjemn\u00e9 a p\u0159ekvapiv\u00e9 prohl\u00eddky projdete na\u0161\u00edm obchodem se suven\u00fdry Monkeyland.                                                                                      Nav\u0161tivte k\u00e1vovou a kakaovou plant\u00e1\u017e. Nav\u0161tivte typick\u00fd d\u016fm a pod\u00edvejte se, jak \u017eij\u00ed m\u00edstn\u00ed obyvatel\u00e9. Projd\u011bte se barevnou botanickou zahradou a identifikujte l\u00e9\u010div\u00e9 rostliny, kv\u011btiny a ovocn\u00e9 stromy poch\u00e1zej\u00edc\u00ed z Dominik\u00e1nsk\u00e9 republiky. Interakce v t\u011bsn\u00e9 bl\u00edzkosti na\u0161ich kr\u00e1sn\u00fdch opic veverek v Monkeylandu. Pozorujte opice v p\u0159irozen\u00e9m prost\u0159ed\u00ed, kter\u00e9 nab\u00edz\u00ed n\u00e1dhern\u00fd v\u00fdhled na hory. Na z\u00e1v\u011br t\u00e9to p\u0159\u00edjemn\u00e9 a p\u0159ekvapiv\u00e9 prohl\u00eddky projdete na\u0161\u00edm obchodem se suven\u00fdry Monkeyland. Nav\u0161tivte k\u00e1vovou a kakaovou plant\u00e1\u017e. Nav\u0161tivte typick\u00fd d\u016fm a pod\u00edvejte se, jak \u017eij\u00ed m\u00edstn\u00ed obyvatel\u00e9.<\/p>","protected":false},"excerpt":{"rendered":"<div data-track=\"overview\" data-v-83a2b402=\"\">\n<section id=\"activity-overview\" class=\"activity-overview\" data-component=\"overview\" data-v-83a2b402=\"\" data-v-f3236c42=\"\">\n<p class=\"activity-overview__content\" data-test-id=\"activity-overview-content\" data-v-f3236c42=\"\">Projd\u011bte se barevnou botanickou zahradou a poznejte l\u00e9\u010div\u00e9 rostliny, kv\u011btiny a ovocn\u00e9 stromy poch\u00e1zej\u00edc\u00ed z Dominik\u00e1nsk\u00e9 republiky.<\/p>\n<\/section>\n<\/div>\n<div data-track=\"key-details\" data-v-83a2b402=\"\"><\/div>","protected":false},"featured_media":17794,"template":"","meta":[],"product_brand":[],"product_cat":[97],"product_tag":[101,102],"class_list":{"0":"post-17613","1":"product","2":"type-product","3":"status-publish","4":"has-post-thumbnail","6":"product_cat-dominican-republic","7":"product_tag-excursion","8":"product_tag-tour","10":"first","11":"instock","12":"shipping-taxable","13":"product-type-external"},"_links":{"self":[{"href":"https:\/\/sabanadelamartours.com\/cs\/wp-json\/wp\/v2\/product\/17613","targetHints":{"allow":["GET"]}}],"collection":[{"href":"https:\/\/sabanadelamartours.com\/cs\/wp-json\/wp\/v2\/product"}],"about":[{"href":"https:\/\/sabanadelamartours.com\/cs\/wp-json\/wp\/v2\/types\/product"}],"version-history":[{"count":1,"href":"https:\/\/sabanadelamartours.com\/cs\/wp-json\/wp\/v2\/product\/17613\/revisions"}],"predecessor-version":[{"id":19144,"href":"https:\/\/sabanadelamartours.com\/cs\/wp-json\/wp\/v2\/product\/17613\/revisions\/19144"}],"wp:featuredmedia":[{"embeddable":true,"href":"https:\/\/sabanadelamartours.com\/cs\/wp-json\/wp\/v2\/media\/17794"}],"wp:attachment":[{"href":"https:\/\/sabanadelamartours.com\/cs\/wp-json\/wp\/v2\/media?parent=17613"}],"wp:term":[{"taxonomy":"product_brand","embeddable":true,"href":"https:\/\/sabanadelamartours.com\/cs\/wp-json\/wp\/v2\/product_brand?post=17613"},{"taxonomy":"product_cat","embeddable":true,"href":"https:\/\/sabanadelamartours.com\/cs\/wp-json\/wp\/v2\/product_cat?post=17613"},{"taxonomy":"product_tag","embeddable":true,"href":"https:\/\/sabanadelamartours.com\/cs\/wp-json\/wp\/v2\/product_tag?post=17613"}],"curies":[{"name":"wp","href":"https:\/\/api.w.org\/{rel}","templated":true}]}}