{"id":17650,"date":"2025-12-18T14:46:35","date_gmt":"2025-12-18T14:46:35","guid":{"rendered":"https:\/\/sabanadelamartours.com\/?post_type=product&#038;p=17650"},"modified":"2026-01-09T15:02:52","modified_gmt":"2026-01-09T15:02:52","slug":"soukroma-prohlidka-mesta-santo-domingo-pesky","status":"publish","type":"product","link":"https:\/\/sabanadelamartours.com\/cs\/prohlidka\/soukroma-prohlidka-mesta-santo-domingo-pesky\/","title":{"rendered":"Santo Domingo: Soukrom\u00e1 prohl\u00eddka m\u011bsta p\u011b\u0161ky"},"content":{"rendered":"<p>Zde byla postavena prvn\u00ed katedr\u00e1la, zde byl vysv\u011bcen prvn\u00ed biskup, zde s\u00eddlil prvn\u00ed guvern\u00e9r a zde byla otev\u0159ena prvn\u00ed nemocnice. M\u011bsto m\u00e1 mnoho kulturn\u00edch atribut\u016f a architektonick\u00fdch zaj\u00edmavost\u00ed, jako nikde jinde na ostrov\u011b Hispaniola.<\/p>\n<div class=\"toggle-content__content toggle-content__content--expanded toggle-content__content--packable\" data-v-59485d64=\"\">\n<div data-test-id=\"activity-full-description-text\" data-v-5835c99c=\"\">P\u011b\u0161\u00ed prohl\u00eddka za\u010d\u00edn\u00e1 v historick\u00e9 koloni\u00e1ln\u00ed \u010d\u00e1sti m\u011bsta, kter\u00e1 je zaps\u00e1na na seznamu sv\u011btov\u00e9ho d\u011bdictv\u00ed UNESCO. V\u00fdlet je dokonale vhodn\u00fd pro v\u0161echny, kte\u0159\u00ed se cht\u011bj\u00ed dozv\u011bd\u011bt v\u00edce o historick\u00fdch po\u010d\u00e1tc\u00edch Nov\u00e9ho sv\u011bta. B\u011bhem proch\u00e1zky nav\u0161t\u00edv\u00edte prvn\u00ed katedr\u00e1lu, prvn\u00ed univerzitu, pevnost a justi\u010dn\u00ed pal\u00e1c. Vychutnejte si proch\u00e1zku po Calle Las Damas, prvn\u00ed dl\u00e1\u017ed\u011bn\u00e9 ulici, a prohl\u00e9dn\u011bte si prvn\u00ed nemocnici, prvn\u00ed lod\u011bnici a prvn\u00ed m\u00edstodr\u017eitelsk\u00fd pal\u00e1c americk\u00e9ho kontinentu. Prohl\u00e9dn\u011bte si n\u011bkter\u00e1 z nejv\u00fdznamn\u011bj\u0161\u00edch muze\u00ed, n\u00e1m\u011bst\u00ed a pam\u011btihodnost\u00ed a vyu\u017eijte t\u00e9to mimo\u0159\u00e1dn\u00e9 p\u0159\u00edle\u017eitosti k po\u0159\u00edzen\u00ed jedine\u010dn\u00fdch fotografi\u00ed.<\/div>\n<\/div>\n<div class=\"toggle-content__label-placeholder\" data-v-59485d64=\"\"><\/div>","protected":false},"excerpt":{"rendered":"<div data-track=\"overview\" data-v-83a2b402=\"\">\n<section id=\"activity-overview\" class=\"activity-overview\" data-component=\"overview\" data-v-83a2b402=\"\" data-v-f3236c42=\"\">\n<p class=\"activity-overview__content\" data-test-id=\"activity-overview-content\" data-v-f3236c42=\"\">Poznejte historick\u00e9 pam\u00e1tky Santo Dominga, prvn\u00edho evropsk\u00e9ho m\u011bsta v Americe. Nav\u0161tivte Zona Colonial a jej\u00ed kulturn\u00ed pam\u00e1tky.<\/p>\n<\/section>\n<\/div>\n<div data-track=\"key-details\" data-v-83a2b402=\"\"><\/div>","protected":false},"featured_media":17821,"template":"","meta":[],"product_brand":[],"product_cat":[97],"product_tag":[101,102],"class_list":{"0":"post-17650","1":"product","2":"type-product","3":"status-publish","4":"has-post-thumbnail","6":"product_cat-dominican-republic","7":"product_tag-excursion","8":"product_tag-tour","10":"first","11":"instock","12":"shipping-taxable","13":"product-type-external"},"_links":{"self":[{"href":"https:\/\/sabanadelamartours.com\/cs\/wp-json\/wp\/v2\/product\/17650","targetHints":{"allow":["GET"]}}],"collection":[{"href":"https:\/\/sabanadelamartours.com\/cs\/wp-json\/wp\/v2\/product"}],"about":[{"href":"https:\/\/sabanadelamartours.com\/cs\/wp-json\/wp\/v2\/types\/product"}],"version-history":[{"count":1,"href":"https:\/\/sabanadelamartours.com\/cs\/wp-json\/wp\/v2\/product\/17650\/revisions"}],"predecessor-version":[{"id":18795,"href":"https:\/\/sabanadelamartours.com\/cs\/wp-json\/wp\/v2\/product\/17650\/revisions\/18795"}],"wp:featuredmedia":[{"embeddable":true,"href":"https:\/\/sabanadelamartours.com\/cs\/wp-json\/wp\/v2\/media\/17821"}],"wp:attachment":[{"href":"https:\/\/sabanadelamartours.com\/cs\/wp-json\/wp\/v2\/media?parent=17650"}],"wp:term":[{"taxonomy":"product_brand","embeddable":true,"href":"https:\/\/sabanadelamartours.com\/cs\/wp-json\/wp\/v2\/product_brand?post=17650"},{"taxonomy":"product_cat","embeddable":true,"href":"https:\/\/sabanadelamartours.com\/cs\/wp-json\/wp\/v2\/product_cat?post=17650"},{"taxonomy":"product_tag","embeddable":true,"href":"https:\/\/sabanadelamartours.com\/cs\/wp-json\/wp\/v2\/product_tag?post=17650"}],"curies":[{"name":"wp","href":"https:\/\/api.w.org\/{rel}","templated":true}]}}