{"id":17651,"date":"2025-12-18T14:46:35","date_gmt":"2025-12-18T14:46:35","guid":{"rendered":"https:\/\/sabanadelamartours.com\/?post_type=product&#038;p=17651"},"modified":"2025-12-18T14:54:23","modified_gmt":"2025-12-18T14:54:23","slug":"saona-ostrovni-raj-z-punta-cana","status":"publish","type":"product","link":"https:\/\/sabanadelamartours.com\/cs\/prohlidka\/saona-ostrovni-raj-z-punta-cana\/","title":{"rendered":"Ostrov Saona z Punta Cany"},"content":{"rendered":"<p>P\u0159i rezervaci t\u00e9to celodenn\u00ed plavby po ostrov\u011b Saona si vyberte m\u00edsto vyzvednut\u00ed v Punta Can\u011b. Dny plavby za\u010d\u00ednaj\u00ed jednoduch\u00fdm vyzvednut\u00edm z m\u00edsta, kter\u00e9 jste si vybrali.<\/p>\n<p>Po n\u00e1stupu do vozidla p\u0159eje\u010fte do oblasti, odkud startuje va\u0161e lo\u010f, a nasedn\u011bte na motorov\u00fd \u010dlun nebo katamar\u00e1n a vydejte se za dobrodru\u017estv\u00edm.<\/p>\n<p>3 hodiny voln\u00e9ho \u010dasu na tomto kr\u00e1sn\u00e9m ostrov\u011b, m\u016f\u017eete relaxovat na pl\u00e1\u017ei, pozorovat kr\u00e1sy p\u0159\u00edrody, poob\u011bdvat, vychutnat si otev\u0159en\u00fd bar.<\/p>\n<p>V tomto p\u0159\u00edstavu se dostanete lod\u00ed na ostrov.<\/p>\n<div class=\"toggle-content__content toggle-content__content--expanded toggle-content__content--packable\" data-v-59485d64=\"\">\n<div data-test-id=\"activity-full-description-text\" data-v-5835c99c=\"\">Poznejte idylick\u00fd ostrov Saona b\u011bhem celodenn\u00edho v\u00fdletu z pevniny rychl\u00fdm \u010dlunem a katamar\u00e1nem. Na ostrov se dostanete rychl\u00fdm \u010dlunem, kter\u00fd v\u00e1m zajist\u00ed dostatek \u010dasu na odpo\u010dinek a relaxaci nebo na vodn\u00ed sporty. Zp\u011bt se m\u016f\u017eete vr\u00e1tit na palub\u011b plachetnice, pop\u00edjet n\u00e1poje z otev\u0159en\u00e9ho baru a tan\u010dit na ostrovn\u00ed rytmy. Vyzvednut\u00ed v hotelu a odvoz z lodi v\u00e1m usnadn\u00ed cestu tam i zp\u011bt. Tradi\u010dn\u00ed dominik\u00e1nsk\u00fd ob\u011bd formou bufetu Otev\u0159en\u00fd bar a balen\u00e1 voda Vstupn\u00e9 na ostrov Saona v cen\u011b Pohodln\u00e9 vyzvednut\u00ed v hotelu a p\u0159ed\u00e1n\u00ed v Punta Can\u011b.<\/div>\n<\/div>\n<div class=\"toggle-content__label-placeholder\" data-v-59485d64=\"\"><\/div>\n<div data-v-59485d64=\"\">\n<hr \/>\n<h1><strong>V\u00fdlet na ostrov Saona z Punta Cany - celodenn\u00ed program (odjezd v 7:00)<\/strong><\/h1>\n<p>\u2705 <strong>Nejlep\u0161\u00ed prohl\u00eddka ostrova Saona z Punta Cany<\/strong> | \u23f3 <strong>Celodenn\u00ed dobrodru\u017estv\u00ed<\/strong> | \ud83c\udf34 <strong>R\u00e1j \u010dek\u00e1!<\/strong><\/p>\n<h2><strong>7:00 - Vyzvednut\u00ed v hotelu v Punta Can\u011b<\/strong><\/h2>\n<p>Va\u0161e cesta k <strong>Ostrov Saona<\/strong> za\u010d\u00edn\u00e1me pohodln\u00fdm vyzvednut\u00edm z hotelu v letovisku Punta Cana, Bavaro nebo Uvero Alto. Na\u0161e pohodln\u00e1, klimatizovan\u00e1 doprava v\u00e1s odveze do... <strong>Bayahibe<\/strong>, v\u00fdchoz\u00ed bod pro va\u0161e ostrovn\u00ed dobrodru\u017estv\u00ed.<\/p>\n<h2><strong>9:00 - P\u0159\u00edjezd do Bayahibe a nalod\u011bn\u00ed na motorov\u00fd \u010dlun\/katamar\u00e1n<\/strong><\/h2>\n<p>Po p\u0159\u00edjezdu do <strong>Pl\u00e1\u017e Bayahibe<\/strong>, nastoup\u00edte bu\u010f do <strong>rychl\u00fd \u010dlun pro rychlou j\u00edzdu<\/strong> nebo <strong>katamar\u00e1n pro klidn\u011bj\u0161\u00ed v\u00fdlet<\/strong> s hudbou, tancem a n\u00e1poji.<\/p>\n<h2><strong>10:00 - Zast\u00e1vka u p\u0159\u00edrodn\u00edho koupali\u0161t\u011b (Las Palmillas)<\/strong><\/h2>\n<p>Zast\u00e1vka, kterou mus\u00edte vid\u011bt! Vychutnejte si slavnou <strong>P\u0159\u00edrodn\u00ed baz\u00e9n<\/strong>, m\u011blk\u00e1, k\u0159i\u0161\u0165\u00e1lov\u011b \u010dist\u00e1 laguna pln\u00e1 hv\u011bzdic. Zde budete m\u00edt \u010das na koup\u00e1n\u00ed, fotografov\u00e1n\u00ed a bezplatn\u00e9 pit\u00ed ve vod\u011b hlubok\u00e9 do pasu.<\/p>\n<h2><strong>11:30 - P\u0159\u00edjezd na ostrov Saona<\/strong><\/h2>\n<p>V\u00edtejte v <strong>Ostrov Saona<\/strong>, tropick\u00fd r\u00e1j s b\u00edl\u00fdm p\u00edskem, tyrkysovou vodou a houpaj\u00edc\u00edmi se palmami. U\u017eijte si sv\u016fj \u010das:<\/p>\n<ul>\n<li>Odpo\u010dinek na pl\u00e1\u017ei<\/li>\n<li>Koup\u00e1n\u00ed v tepl\u00fdch karibsk\u00fdch vod\u00e1ch<\/li>\n<li>Objevujte p\u0159\u00edrodn\u00ed kr\u00e1sy ostrova<\/li>\n<li>Po\u0159izov\u00e1n\u00ed fotografi\u00ed hodn\u00fdch Instagramu<\/li>\n<\/ul>\n<h2><strong>12:30 - Dominik\u00e1nsk\u00fd ob\u011bd formou bufetu a otev\u0159en\u00fd bar<\/strong><\/h2>\n<p>Vychutnejte si lahodnou <strong>dominik\u00e1nsk\u00fd ob\u011bd formou bufetu<\/strong> s grilovan\u00fdm ku\u0159ec\u00edm masem, \u010derstv\u00fdmi mo\u0159sk\u00fdmi plody, r\u00fd\u017e\u00ed, sal\u00e1ty a tropick\u00fdm ovocem. Na <strong>otev\u0159en\u00fd bar<\/strong> s m\u00edstn\u00edm rumem, pivem a nealkoholick\u00fdmi n\u00e1poji je k dispozici po celou dobu pobytu.<\/p>\n<h2><strong>14:30 - Voln\u00fd \u010das na ostrov\u011b Saona<\/strong><\/h2>\n<p>Po ob\u011bd\u011b si vychutnejte <strong>voln\u00fd \u010das<\/strong>-opalujte se, \u0161norchlujte nebo se proch\u00e1zejte pod\u00e9l pob\u0159e\u017e\u00ed.<\/p>\n<h2><strong>15:30 - N\u00e1vrat do Bayahibe<\/strong><\/h2>\n<p>Nastupte si na palubu <strong>katamar\u00e1n (p\u00e1rty atmosf\u00e9ra s hudbou a n\u00e1poji) nebo motorov\u00fd \u010dlun (rychlej\u0161\u00ed j\u00edzda)<\/strong> zp\u011bt na <strong>Bayahibe<\/strong>.<\/p>\n<h2><strong>17:00 - N\u00e1vrat do hotel\u016f v Punta Can\u011b<\/strong><\/h2>\n<p>Po vzru\u0161uj\u00edc\u00edm dni v\u00e1s na\u0161e doprava odveze zp\u011bt do va\u0161eho hotelu, kam doraz\u00edte p\u0159ibli\u017en\u011b v 10:00. <strong>19:00<\/strong>.<\/p>\n<hr \/>\n<h2><strong>Pro\u010d si vybrat n\u00e1\u0161 v\u00fdlet na ostrov Saona z Punta Cany?<\/strong><\/h2>\n<p>\u2705 <strong>Vyzvednut\u00ed a p\u0159ed\u00e1n\u00ed v hotelu<\/strong> \ud83d\ude90<br \/>\n\u2705 <strong>Mo\u017enosti rychl\u00e9ho \u010dlunu a katamar\u00e1nu<\/strong> \u26f5<br \/>\n\u2705 <strong>Zast\u00e1vka u p\u0159\u00edrodn\u00edch t\u016fn\u00ed s hv\u011bzdicemi<\/strong> \u2b50<br \/>\n\u2705 <strong>Ob\u011bd a n\u00e1poje v dominik\u00e1nsk\u00e9m stylu all inclusive<\/strong> \ud83c\udf79<br \/>\n\u2705 <strong>Nejlep\u0161\u00ed cena za nezapomenuteln\u00fd z\u00e1\u017eitek!<\/strong><\/p>\n<p>\ud83d\udcc5 <strong>Rezervujte si prohl\u00eddku ostrova Saona je\u0161t\u011b dnes!<\/strong> \ud83c\udf34<\/p>\n<hr \/>\n<p>&nbsp;<\/p>\n<\/div>","protected":false},"excerpt":{"rendered":"<div data-track=\"overview\" data-v-83a2b402=\"\">\n<section id=\"activity-overview\" class=\"activity-overview\" data-component=\"overview\" data-v-83a2b402=\"\" data-v-f3236c42=\"\"><strong>Za\u017eijte nejlep\u0161\u00ed v\u00fdlet na ostrov Saona z Punta Cany!<\/strong> \ud83c\udf34 Odjezd v <strong>7 HODIN R\u00c1NO<\/strong> s vyzvednut\u00edm v hotelu, u\u017eijte si <strong>j\u00edzda katamar\u00e1nem nebo motorov\u00fdm \u010dlunem<\/strong>, plavat v <strong>P\u0159\u00edrodn\u00ed baz\u00e9n s hv\u011bzdicemi<\/strong>, a odpo\u010d\u00edvat na <strong>pl\u00e1\u017ee s b\u00edl\u00fdm p\u00edskem<\/strong> s <strong>all-inclusive dominik\u00e1nsk\u00fd ob\u011bd a otev\u0159en\u00fd bar<\/strong>. <strong>Rezervujte si nyn\u00ed!<\/strong> \ud83d\udea4\u2728<\/p>\n<p class=\"activity-overview__content\" data-test-id=\"activity-overview-content\" data-v-f3236c42=\"\">Poznejte idylick\u00fd ostrov Saona b\u011bhem celodenn\u00edho v\u00fdletu z pevniny rychl\u00fdm \u010dlunem a katamar\u00e1nem. Na ostrov se dostanete rychl\u00fdm \u010dlunem, kter\u00fd v\u00e1m zajist\u00ed dostatek \u010dasu na odpo\u010dinek.<\/p>\n<\/section>\n<\/div>\n<div data-track=\"key-details\" data-v-83a2b402=\"\"><\/div>","protected":false},"featured_media":17830,"template":"","meta":[],"product_brand":[],"product_cat":[97,98],"product_tag":[101,102],"class_list":{"0":"post-17651","1":"product","2":"type-product","3":"status-publish","4":"has-post-thumbnail","6":"product_cat-dominican-republic","7":"product_cat-saona-island","8":"product_tag-excursion","9":"product_tag-tour","11":"first","12":"instock","13":"shipping-taxable","14":"product-type-external"},"_links":{"self":[{"href":"https:\/\/sabanadelamartours.com\/cs\/wp-json\/wp\/v2\/product\/17651","targetHints":{"allow":["GET"]}}],"collection":[{"href":"https:\/\/sabanadelamartours.com\/cs\/wp-json\/wp\/v2\/product"}],"about":[{"href":"https:\/\/sabanadelamartours.com\/cs\/wp-json\/wp\/v2\/types\/product"}],"version-history":[{"count":0,"href":"https:\/\/sabanadelamartours.com\/cs\/wp-json\/wp\/v2\/product\/17651\/revisions"}],"wp:featuredmedia":[{"embeddable":true,"href":"https:\/\/sabanadelamartours.com\/cs\/wp-json\/wp\/v2\/media\/17830"}],"wp:attachment":[{"href":"https:\/\/sabanadelamartours.com\/cs\/wp-json\/wp\/v2\/media?parent=17651"}],"wp:term":[{"taxonomy":"product_brand","embeddable":true,"href":"https:\/\/sabanadelamartours.com\/cs\/wp-json\/wp\/v2\/product_brand?post=17651"},{"taxonomy":"product_cat","embeddable":true,"href":"https:\/\/sabanadelamartours.com\/cs\/wp-json\/wp\/v2\/product_cat?post=17651"},{"taxonomy":"product_tag","embeddable":true,"href":"https:\/\/sabanadelamartours.com\/cs\/wp-json\/wp\/v2\/product_tag?post=17651"}],"curies":[{"name":"wp","href":"https:\/\/api.w.org\/{rel}","templated":true}]}}