{"id":17737,"date":"2025-12-18T14:49:54","date_gmt":"2025-12-18T14:49:54","guid":{"rendered":"https:\/\/sabanadelamartours.com\/?post_type=product&#038;p=17737"},"modified":"2025-12-18T14:58:43","modified_gmt":"2025-12-18T14:58:43","slug":"punta-cana-soukrome-transfery-taxi-bavaro-punta-cana","status":"publish","type":"product","link":"https:\/\/sabanadelamartours.com\/cs\/prohlidka\/punta-cana-soukrome-transfery-taxi-bavaro-punta-cana\/","title":{"rendered":"Punta Cana: Soukrom\u00e9 transfery Taxi Bavaro Punta Cana"},"content":{"rendered":"<div class=\"toggle-content__content toggle-content__content--expanded toggle-content__content--packable\" data-v-59485d64=\"\">\n<div data-test-id=\"activity-full-description-text\" data-v-5835c99c=\"\">P\u0159ij\u010fte si u\u017e\u00edt nezapomenuteln\u00fd z\u00e1\u017eitek na nejvy\u0161\u0161\u00ed \u00farovni bezpe\u010dnosti, pohodl\u00ed a komfortu v oblasti Punta Cana a Dominik\u00e1nsk\u00e9 republiky, va\u0161i bezpe\u010dnou a v\u010dasnou p\u0159epravu do c\u00edle, m\u00e1me celou \u0159adu vozidel s kapacitou od 1 do 60 osob, m\u00e1me tak\u00e9 slu\u017ebu Vip Suburban pro z\u00e1kazn\u00edky, kte\u0159\u00ed pot\u0159ebuj\u00ed v\u011bt\u0161\u00ed pohodl\u00ed a nezapomenuteln\u00fd z\u00e1\u017eitek.<\/div>\n<\/div>\n<div class=\"toggle-content__label-placeholder\" data-v-59485d64=\"\"><\/div>","protected":false},"excerpt":{"rendered":"<div data-track=\"overview\" data-v-83a2b402=\"\">\n<section id=\"activity-overview\" class=\"activity-overview\" data-component=\"overview\" data-v-83a2b402=\"\" data-v-f3236c42=\"\">\n<p class=\"activity-overview__content\" data-test-id=\"activity-overview-content\" data-v-f3236c42=\"\">Jsme ofici\u00e1ln\u00ed spole\u010dnost\u00ed pro taxislu\u017ebu, transfer a turistickou dopravu na nejvy\u0161\u0161\u00ed \u00farovni v oblasti Punta Cana a cel\u00e9 Dominik\u00e1nsk\u00e9 republiky Rezervujte si nyn\u00ed a za\u017eijte ty nejlep\u0161\u00ed z\u00e1\u017eitky.<\/p>\n<\/section>\n<\/div>\n<div data-track=\"key-details\" data-v-83a2b402=\"\"><\/div>","protected":false},"featured_media":17934,"template":"","meta":[],"product_brand":[],"product_cat":[97],"product_tag":[101,102],"class_list":{"0":"post-17737","1":"product","2":"type-product","3":"status-publish","4":"has-post-thumbnail","6":"product_cat-dominican-republic","7":"product_tag-excursion","8":"product_tag-tour","10":"first","11":"instock","12":"shipping-taxable","13":"product-type-external"},"_links":{"self":[{"href":"https:\/\/sabanadelamartours.com\/cs\/wp-json\/wp\/v2\/product\/17737","targetHints":{"allow":["GET"]}}],"collection":[{"href":"https:\/\/sabanadelamartours.com\/cs\/wp-json\/wp\/v2\/product"}],"about":[{"href":"https:\/\/sabanadelamartours.com\/cs\/wp-json\/wp\/v2\/types\/product"}],"version-history":[{"count":0,"href":"https:\/\/sabanadelamartours.com\/cs\/wp-json\/wp\/v2\/product\/17737\/revisions"}],"wp:featuredmedia":[{"embeddable":true,"href":"https:\/\/sabanadelamartours.com\/cs\/wp-json\/wp\/v2\/media\/17934"}],"wp:attachment":[{"href":"https:\/\/sabanadelamartours.com\/cs\/wp-json\/wp\/v2\/media?parent=17737"}],"wp:term":[{"taxonomy":"product_brand","embeddable":true,"href":"https:\/\/sabanadelamartours.com\/cs\/wp-json\/wp\/v2\/product_brand?post=17737"},{"taxonomy":"product_cat","embeddable":true,"href":"https:\/\/sabanadelamartours.com\/cs\/wp-json\/wp\/v2\/product_cat?post=17737"},{"taxonomy":"product_tag","embeddable":true,"href":"https:\/\/sabanadelamartours.com\/cs\/wp-json\/wp\/v2\/product_tag?post=17737"}],"curies":[{"name":"wp","href":"https:\/\/api.w.org\/{rel}","templated":true}]}}