{"id":17778,"date":"2025-12-18T14:51:46","date_gmt":"2025-12-18T14:51:46","guid":{"rendered":"https:\/\/sabanadelamartours.com\/?post_type=product&#038;p=17778"},"modified":"2026-02-14T02:13:02","modified_gmt":"2026-02-14T02:13:02","slug":"prohlidka-mesta-samana-pozorovani-velryb-cayo-levantado","status":"publish","type":"product","link":"https:\/\/sabanadelamartours.com\/cs\/prohlidka\/prohlidka-mesta-samana-pozorovani-velryb-cayo-levantado\/","title":{"rendered":"Samana: Samana: prohl\u00eddka m\u011bsta + pozorov\u00e1n\u00ed velryb + Cayo Levantado"},"content":{"rendered":"<p>Setk\u00e1me se s v\u00e1mi na Maleconu v Saman\u011b v 8:30 (p\u0159esn\u00e9 m\u00edsto setk\u00e1n\u00ed a dal\u0161\u00ed podrobnosti jsou uvedeny v potvrzuj\u00edc\u00ed zpr\u00e1v\u011b). Nejd\u0159\u00edve se vyd\u00e1me na prohl\u00eddku m\u011bsta a pot\u00e9 poplujeme lod\u00ed, abychom pozorovali velryby v jejich vlastn\u00edm prost\u0159ed\u00ed. Po pozorov\u00e1n\u00ed se vyd\u00e1me na typick\u00fd dominik\u00e1nsk\u00fd ob\u011bd na ostrov Cayo Levantado. Po ob\u011bd\u011b budete m\u00edt voln\u00fd \u010das na pl\u00e1\u017e, proch\u00e1zku po ostrov\u011b, hran\u00ed volejbalu nebo jen odpo\u010dinek ve st\u00ednu. Kolem 16:30 se vr\u00e1t\u00edme zp\u011bt do komunity Samana, kde z\u00e1\u017eitek zakon\u010d\u00edme.<\/p>\n<p>Dal\u0161\u00ed v\u011bci, kter\u00e9 je t\u0159eba vz\u00edt na v\u011bdom\u00ed<\/p>\n<p>Jedn\u00e1 se o z\u00e1\u017eitek, kter\u00fd v\u00e1m umo\u017en\u00ed vid\u011bt velryby zbl\u00edzka. Nesm\u00edte s nimi plavat ani se jich dot\u00fdkat.<\/p>\n<p>V p\u0159\u00edpad\u011b, \u017ee byste cht\u011bli podniknout soukrom\u00fd v\u00fdlet a nep\u0159ipojit se ke skupin\u011b, kontaktujte n\u00e1s a my v\u00e1m za\u0161leme ceny a dal\u0161\u00ed podrobnosti.<\/p>\n<div class=\"toggle-content__content toggle-content__content--expanded toggle-content__content--packable\" data-v-59485d64=\"\">\n<div data-test-id=\"activity-full-description-text\" data-v-5835c99c=\"\">M\u00e1me tak\u00e9 mo\u017enost pozorov\u00e1n\u00ed velryb z Punta Cany, Sabana de la Mar\/Miches a dal\u0161\u00edch m\u00edst za p\u0159\u00edplatek.<\/div>\n<\/div>\n<div class=\"toggle-content__label-placeholder\" data-v-59485d64=\"\"><\/div>","protected":false},"excerpt":{"rendered":"<div data-track=\"overview\" data-v-83a2b402=\"\">\n<section id=\"activity-overview\" class=\"activity-overview\" data-component=\"overview\" data-v-83a2b402=\"\" data-v-f3236c42=\"\">\n<p class=\"activity-overview__content\" data-test-id=\"activity-overview-content\" data-v-f3236c42=\"\">Za\u010dn\u011bte prohl\u00eddkou m\u011bsta Samana Vychutnejte si pozorov\u00e1n\u00ed velryb zbl\u00edzka na vyhl\u00eddkov\u00e9 plavb\u011b z m\u011bsta Saman\u00e1. Zastavte se na ostrov\u011b Cayo Levantado na ob\u011bd a voln\u00fd \u010das na prohl\u00eddku.<\/p>\n<\/section>\n<\/div>\n<div data-track=\"key-details\" data-v-83a2b402=\"\"><\/div>","protected":false},"featured_media":17982,"template":"","meta":[],"product_brand":[],"product_cat":[97],"product_tag":[101,102],"class_list":{"0":"post-17778","1":"product","2":"type-product","3":"status-publish","4":"has-post-thumbnail","6":"product_cat-dominican-republic","7":"product_tag-excursion","8":"product_tag-tour","10":"first","11":"instock","12":"shipping-taxable","13":"product-type-external"},"_links":{"self":[{"href":"https:\/\/sabanadelamartours.com\/cs\/wp-json\/wp\/v2\/product\/17778","targetHints":{"allow":["GET"]}}],"collection":[{"href":"https:\/\/sabanadelamartours.com\/cs\/wp-json\/wp\/v2\/product"}],"about":[{"href":"https:\/\/sabanadelamartours.com\/cs\/wp-json\/wp\/v2\/types\/product"}],"version-history":[{"count":2,"href":"https:\/\/sabanadelamartours.com\/cs\/wp-json\/wp\/v2\/product\/17778\/revisions"}],"predecessor-version":[{"id":19137,"href":"https:\/\/sabanadelamartours.com\/cs\/wp-json\/wp\/v2\/product\/17778\/revisions\/19137"}],"wp:featuredmedia":[{"embeddable":true,"href":"https:\/\/sabanadelamartours.com\/cs\/wp-json\/wp\/v2\/media\/17982"}],"wp:attachment":[{"href":"https:\/\/sabanadelamartours.com\/cs\/wp-json\/wp\/v2\/media?parent=17778"}],"wp:term":[{"taxonomy":"product_brand","embeddable":true,"href":"https:\/\/sabanadelamartours.com\/cs\/wp-json\/wp\/v2\/product_brand?post=17778"},{"taxonomy":"product_cat","embeddable":true,"href":"https:\/\/sabanadelamartours.com\/cs\/wp-json\/wp\/v2\/product_cat?post=17778"},{"taxonomy":"product_tag","embeddable":true,"href":"https:\/\/sabanadelamartours.com\/cs\/wp-json\/wp\/v2\/product_tag?post=17778"}],"curies":[{"name":"wp","href":"https:\/\/api.w.org\/{rel}","templated":true}]}}