{"id":17860,"date":"2025-12-18T14:54:54","date_gmt":"2025-12-18T14:54:54","guid":{"rendered":"https:\/\/sabanadelamartours.com\/?post_type=product&#038;p=17860"},"modified":"2026-01-10T15:19:02","modified_gmt":"2026-01-10T15:19:02","slug":"-670","status":"publish","type":"product","link":"https:\/\/sabanadelamartours.com\/cs\/prohlidka\/-670\/","title":{"rendered":"J\u00edzda na dunov\u00fdch bugin\u00e1ch v Punta Can\u011b"},"content":{"rendered":"<p>Join us on a thrilling half-day excursion through the scenic beauty of Macao, and discover how using transition words in your travel experience can enhance the readability of your vacation memories. From convenient hotel pickups to off-road buggy escapades, we\u2019ll make sure your journey flows seamlessly. Dive into mud pools, explore local treasures, and even enjoy a refreshing swim in a picturesque cave. Your return journey to Macao Beach completes this adventure, showing the perfect relationship between adventure and relaxation. Please note our transportation options, including group transportation for larger parties, to ensure your trip is as smooth as your writing.<\/p>","protected":false},"excerpt":{"rendered":"<div data-track=\"overview\" data-v-83a2b402=\"\">\n<section id=\"activity-overview\" class=\"activity-overview\" data-component=\"overview\" data-v-83a2b402=\"\" data-v-f3236c42=\"\">\n<p class=\"activity-overview__content\" data-test-id=\"activity-overview-content\" data-v-f3236c42=\"\">Objevte neprob\u00e1dan\u00e9 kr\u00e1sy pl\u00e1\u017ee Macao. P\u0159ipravte se na vzru\u0161en\u00ed v ter\u00e9nn\u00edch bugin\u00e1ch<\/p>\n<\/section>\n<\/div>\n<div data-track=\"key-details\" data-v-83a2b402=\"\"><\/div>","protected":false},"featured_media":18084,"template":"","meta":[],"product_brand":[],"product_cat":[97],"product_tag":[101,102],"class_list":{"0":"post-17860","1":"product","2":"type-product","3":"status-publish","4":"has-post-thumbnail","6":"product_cat-dominican-republic","7":"product_tag-excursion","8":"product_tag-tour","10":"first","11":"instock","12":"shipping-taxable","13":"product-type-external"},"_links":{"self":[{"href":"https:\/\/sabanadelamartours.com\/cs\/wp-json\/wp\/v2\/product\/17860","targetHints":{"allow":["GET"]}}],"collection":[{"href":"https:\/\/sabanadelamartours.com\/cs\/wp-json\/wp\/v2\/product"}],"about":[{"href":"https:\/\/sabanadelamartours.com\/cs\/wp-json\/wp\/v2\/types\/product"}],"version-history":[{"count":2,"href":"https:\/\/sabanadelamartours.com\/cs\/wp-json\/wp\/v2\/product\/17860\/revisions"}],"predecessor-version":[{"id":18801,"href":"https:\/\/sabanadelamartours.com\/cs\/wp-json\/wp\/v2\/product\/17860\/revisions\/18801"}],"wp:featuredmedia":[{"embeddable":true,"href":"https:\/\/sabanadelamartours.com\/cs\/wp-json\/wp\/v2\/media\/18084"}],"wp:attachment":[{"href":"https:\/\/sabanadelamartours.com\/cs\/wp-json\/wp\/v2\/media?parent=17860"}],"wp:term":[{"taxonomy":"product_brand","embeddable":true,"href":"https:\/\/sabanadelamartours.com\/cs\/wp-json\/wp\/v2\/product_brand?post=17860"},{"taxonomy":"product_cat","embeddable":true,"href":"https:\/\/sabanadelamartours.com\/cs\/wp-json\/wp\/v2\/product_cat?post=17860"},{"taxonomy":"product_tag","embeddable":true,"href":"https:\/\/sabanadelamartours.com\/cs\/wp-json\/wp\/v2\/product_tag?post=17860"}],"curies":[{"name":"wp","href":"https:\/\/api.w.org\/{rel}","templated":true}]}}