{"id":17921,"date":"2025-12-18T14:57:53","date_gmt":"2025-12-18T14:57:53","guid":{"rendered":"https:\/\/sabanadelamartours.com\/?post_type=product&#038;p=17921"},"modified":"2026-01-10T15:21:19","modified_gmt":"2026-01-10T15:21:19","slug":"z-punta-cana-los-haitises-cano-hondo-soukroma-plavba-lodi","status":"publish","type":"product","link":"https:\/\/sabanadelamartours.com\/cs\/prohlidka\/z-punta-cana-los-haitises-cano-hondo-soukroma-plavba-lodi\/","title":{"rendered":"Z Punta Cany: Los Haitises &amp; Ca\u00f1o Hondo Soukrom\u00e1 plavba lod\u00ed"},"content":{"rendered":"<p>Visiting the caves, mangroves and Cano Hondo Natural pools in Los Haitises National Park. Come with us and visit the most beautiful national park of the Dominican Republic, Visiting Mangroves, Caves, and San Lorenzo Bay. After private transportation from Punta Cana areas, this private boat trip starts from the Sabana de la Mar community learning about the history of Sabana de la Mar.<\/p>\n<p>After we start from the Main port of Los Haitises National Park name Ca\u00f1o Hondo (Deep Creek) on a BOAT with Life jackets. We will enjoy the Red Mangroves Forest until arrive in San Lorenzo Bay. Small bay into Saman\u00e1 Bay. And here we go! The first amazing thing that you can see is the collection of a Huge limestones mountain island called Mogotes. on top of them more than 700 species of Plants and many wetlands&#8217; birds flying around. Later Visiting Caves with pictographs from our indigenous communities 750 years ago.<\/p>\n<p>P\u0159es mangrovov\u00e9 porosty se dostanete k otev\u0159en\u00e9mu z\u00e1livu San Lorenzo, odkud m\u016f\u017eete fotografovat drsnou lesn\u00ed krajinu. Pod\u00edvejte se do vody a spat\u0159ete kapust\u0148\u00e1ky, kor\u00fd\u0161e a delf\u00edny.<\/p>\n<p>The national park\u2019s name comes from its original inhabitants, the Taino Indians. In their language \u201cHaitises\u201d translates to highlands or Hills, a reference to the coastline\u2019s steep geological formations with Limestones. Adventure deeper into the park to explore caves such as the Cueva de la Arena and Cueva de la Linea. Caves in the reserve were used as shelter by the Taino Indians and, later, by hiding pirates. Look for drawings by Indians that decorate some of the walls. After visiting Los Haitises National Park, we will go back to the port where our trip started.<\/p>","protected":false},"excerpt":{"rendered":"<div data-track=\"overview\" data-v-83a2b402=\"\">\n<section id=\"activity-overview\" class=\"activity-overview\" data-component=\"overview\" data-v-83a2b402=\"\" data-v-f3236c42=\"\">\n<p class=\"activity-overview__content\" data-test-id=\"activity-overview-content\" data-v-f3236c42=\"\">Vydejte se na soukrom\u00fd celodenn\u00ed v\u00fdlet z Punta Cany mezi bujn\u00e9 ostrovy n\u00e1rodn\u00edho parku Los Haitises a prohl\u00e9dn\u011bte si p\u0159\u00edrodn\u00ed jez\u00edrka Ca\u00f1o Hondo. Proje\u010fte se lod\u00ed tajemn\u00fdmi mangrovov\u00fdmi porosty a jeskyn\u011bmi.<\/p>\n<\/section>\n<\/div>\n<div data-track=\"key-details\" data-v-83a2b402=\"\"><\/div>","protected":false},"featured_media":18133,"template":"","meta":[],"product_brand":[],"product_cat":[97],"product_tag":[101,102],"class_list":{"0":"post-17921","1":"product","2":"type-product","3":"status-publish","4":"has-post-thumbnail","6":"product_cat-dominican-republic","7":"product_tag-excursion","8":"product_tag-tour","10":"first","11":"instock","12":"sale","13":"shipping-taxable","14":"product-type-external"},"_links":{"self":[{"href":"https:\/\/sabanadelamartours.com\/cs\/wp-json\/wp\/v2\/product\/17921","targetHints":{"allow":["GET"]}}],"collection":[{"href":"https:\/\/sabanadelamartours.com\/cs\/wp-json\/wp\/v2\/product"}],"about":[{"href":"https:\/\/sabanadelamartours.com\/cs\/wp-json\/wp\/v2\/types\/product"}],"version-history":[{"count":1,"href":"https:\/\/sabanadelamartours.com\/cs\/wp-json\/wp\/v2\/product\/17921\/revisions"}],"predecessor-version":[{"id":18803,"href":"https:\/\/sabanadelamartours.com\/cs\/wp-json\/wp\/v2\/product\/17921\/revisions\/18803"}],"wp:featuredmedia":[{"embeddable":true,"href":"https:\/\/sabanadelamartours.com\/cs\/wp-json\/wp\/v2\/media\/18133"}],"wp:attachment":[{"href":"https:\/\/sabanadelamartours.com\/cs\/wp-json\/wp\/v2\/media?parent=17921"}],"wp:term":[{"taxonomy":"product_brand","embeddable":true,"href":"https:\/\/sabanadelamartours.com\/cs\/wp-json\/wp\/v2\/product_brand?post=17921"},{"taxonomy":"product_cat","embeddable":true,"href":"https:\/\/sabanadelamartours.com\/cs\/wp-json\/wp\/v2\/product_cat?post=17921"},{"taxonomy":"product_tag","embeddable":true,"href":"https:\/\/sabanadelamartours.com\/cs\/wp-json\/wp\/v2\/product_tag?post=17921"}],"curies":[{"name":"wp","href":"https:\/\/api.w.org\/{rel}","templated":true}]}}