{"id":17981,"date":"2025-12-18T15:00:55","date_gmt":"2025-12-18T15:00:55","guid":{"rendered":"https:\/\/sabanadelamartours.com\/?post_type=product&#038;p=17981"},"modified":"2026-02-14T02:05:42","modified_gmt":"2026-02-14T02:05:42","slug":"transfery-z-letiste-punta-cana-do-hotelu-1-nebo-2-smery","status":"publish","type":"product","link":"https:\/\/sabanadelamartours.com\/cs\/prohlidka\/transfery-z-letiste-punta-cana-do-hotelu-1-nebo-2-smery\/","title":{"rendered":"Transfery z\/na leti\u0161t\u011b Punta Cana 1 nebo 2 sm\u011bry"},"content":{"rendered":"<p>U\u017eijte si pohodln\u00fd a bezpe\u010dn\u00fd transfer z hotelu na leti\u0161t\u011b, na zaj\u00edmav\u00e9 v\u00fdlety nebo do obl\u00edben\u00fdch n\u00e1kupn\u00edch center. Nechejte se s \u00fasm\u011bvem p\u0159iv\u00edtat zku\u0161en\u00fdmi \u0159idi\u010di a nechte se v\u010das a profesion\u00e1ln\u011b dov\u00e9zt do c\u00edle.<\/p>\n<p>Napl\u00e1nujte si dobrodru\u017estv\u00ed na ostrov\u011b, prozkoumejte m\u00edstn\u00ed poklady nebo prost\u011b jen pot\u0159ebujete bezprobl\u00e9mov\u00fd transfer. Nechte se vyzvednout z hotelu a odv\u00e9zt na m\u00edsto ur\u010den\u00ed. Vyberte si z r\u016fzn\u00fdch variant vozidel podle sv\u00fdch pot\u0159eb.<\/p>\n<p>Za\u017eijte luxusn\u00ed transfer z leti\u0161t\u011b Punta Cana do sv\u00e9ho hotelu! Na\u0161e slu\u017eby, zn\u00e1m\u00e9 sv\u00fdm komfortem a eleganc\u00ed, v\u00e1m zajist\u00ed jedine\u010dnou cestu. Ka\u017ed\u00fd detail, od exkluzivn\u00ed identifikace \u0159idi\u010de a\u017e po soukrom\u00ed v na\u0161\u00ed modern\u00ed jednotce s lamin\u00e1tov\u00fdmi okny, klimatizac\u00ed a polohovateln\u00fdmi sedadly, je navr\u017een tak, aby poskytoval jedine\u010dn\u00fd z\u00e1\u017eitek.<\/p>\n<p>Va\u0161e cesta za\u010d\u00edn\u00e1 v kav\u00e1rn\u011b, kde v\u00e1s p\u0159iv\u00edt\u00e1 n\u00e1\u0161 zku\u0161en\u00fd \u0159idi\u010d a osobn\u011b v\u00e1s dovede k vozidlu. Nejen\u017ee v\u00e1s p\u0159eprav\u00edme, ale vytvo\u0159\u00edme pro v\u00e1s nezapomenuteln\u00e9 okam\u017eiky od prvn\u00edho setk\u00e1n\u00ed a\u017e po p\u0159\u00edjezd do hotelu. V\u00edtejte v p\u0159epravn\u00ed slu\u017eb\u011b, kter\u00e1 nov\u011b definuje dokonalost.<\/p>","protected":false},"excerpt":{"rendered":"<div data-track=\"overview\" data-v-83a2b402=\"\">\n<section id=\"activity-overview\" class=\"activity-overview\" data-component=\"overview\" data-v-83a2b402=\"\" data-v-f3236c42=\"\">\n<p class=\"activity-overview__content\" data-test-id=\"activity-overview-content\" data-v-f3236c42=\"\">U\u017eijte si pohodln\u00fd a bezpe\u010dn\u00fd transfer z hotelu na leti\u0161t\u011b, mezi hotely nebo do n\u00e1kupn\u00edch center v Punta Can\u011b. P\u0159iv\u00edtejte se s \u0159idi\u010dem a dorazte na m\u00edsto ur\u010den\u00ed v\u010das.<\/p>\n<\/section>\n<\/div>\n<div data-track=\"key-details\" data-v-83a2b402=\"\"><\/div>","protected":false},"featured_media":18182,"template":"","meta":[],"product_brand":[],"product_cat":[97],"product_tag":[101,102],"class_list":{"0":"post-17981","1":"product","2":"type-product","3":"status-publish","4":"has-post-thumbnail","6":"product_cat-dominican-republic","7":"product_tag-excursion","8":"product_tag-tour","10":"first","11":"instock","12":"shipping-taxable","13":"product-type-external"},"_links":{"self":[{"href":"https:\/\/sabanadelamartours.com\/cs\/wp-json\/wp\/v2\/product\/17981","targetHints":{"allow":["GET"]}}],"collection":[{"href":"https:\/\/sabanadelamartours.com\/cs\/wp-json\/wp\/v2\/product"}],"about":[{"href":"https:\/\/sabanadelamartours.com\/cs\/wp-json\/wp\/v2\/types\/product"}],"version-history":[{"count":1,"href":"https:\/\/sabanadelamartours.com\/cs\/wp-json\/wp\/v2\/product\/17981\/revisions"}],"predecessor-version":[{"id":19124,"href":"https:\/\/sabanadelamartours.com\/cs\/wp-json\/wp\/v2\/product\/17981\/revisions\/19124"}],"wp:featuredmedia":[{"embeddable":true,"href":"https:\/\/sabanadelamartours.com\/cs\/wp-json\/wp\/v2\/media\/18182"}],"wp:attachment":[{"href":"https:\/\/sabanadelamartours.com\/cs\/wp-json\/wp\/v2\/media?parent=17981"}],"wp:term":[{"taxonomy":"product_brand","embeddable":true,"href":"https:\/\/sabanadelamartours.com\/cs\/wp-json\/wp\/v2\/product_brand?post=17981"},{"taxonomy":"product_cat","embeddable":true,"href":"https:\/\/sabanadelamartours.com\/cs\/wp-json\/wp\/v2\/product_cat?post=17981"},{"taxonomy":"product_tag","embeddable":true,"href":"https:\/\/sabanadelamartours.com\/cs\/wp-json\/wp\/v2\/product_tag?post=17981"}],"curies":[{"name":"wp","href":"https:\/\/api.w.org\/{rel}","templated":true}]}}