{"id":18032,"date":"2025-12-18T15:03:36","date_gmt":"2025-12-18T15:03:36","guid":{"rendered":"https:\/\/sabanadelamartours.com\/?post_type=product&#038;p=18032"},"modified":"2025-12-18T15:12:28","modified_gmt":"2025-12-18T15:12:28","slug":"-675","status":"publish","type":"product","link":"https:\/\/sabanadelamartours.com\/cs\/prohlidka\/-675\/","title":{"rendered":"Cenov\u011b dostupn\u00e9 pozorov\u00e1n\u00ed velryb v Saman\u00e1 - pouze $39 | Dominik\u00e1nsk\u00e1 republika Z\u00e1jezdy"},"content":{"rendered":"<div class=\"wpb-content-wrapper\"><div class=\"vc_row wpb_row st bg-holder\"><div class='container'><div class='row'>\n\t<div class=\"wpb_column column_container col-md-12\"><div class=\"vc_column-inner wpb_wrapper\">\n\t\t\t\n\t<div class=\"wpb_text_column wpb_content_element\" >\n\t\t<div class=\"wpb_wrapper\">\n\t\t\t<h1><strong>Pozorov\u00e1n\u00ed velryb a v\u00fdlet na Cayo Levantado: Zaru\u010den\u011b nejlep\u0161\u00ed cena!<\/strong><\/h1>\n<p>\ud83c\udf0a <strong>Vydejte se na nejv\u011bt\u0161\u00ed dobrodru\u017estv\u00ed na Saman\u011b za bezkonkuren\u010dn\u00ed cenu!<\/strong> \ud83c\udf34<\/p>\n<p>Hled\u00e1te nej\u00fa\u017easn\u011bj\u0161\u00ed a cenov\u011b nejdostupn\u011bj\u0161\u00ed z\u00e1\u017eitek z pozorov\u00e1n\u00ed velryb na Saman\u011b? M\u00e1me pro v\u00e1s nab\u00eddku! Na\u0161e str\u00e1nky <strong>Pozorov\u00e1n\u00ed velryb a v\u00fdlet na Cayo Levantado<\/strong> nab\u00edz\u00ed <strong>nejlep\u0161\u00ed hodnota za va\u0161e pen\u00edze<\/strong>, kter\u00e1 spojuje dva nezapomenuteln\u00e9 z\u00e1\u017eitky v jednom dokonal\u00e9m dni - a to v\u0161e v are\u00e1lu <strong>Garance nejni\u017e\u0161\u00ed ceny<\/strong>.<\/p>\n<hr \/>\n<h3><strong>Itiner\u00e1\u0159 z\u00e1jezdu<\/strong><\/h3>\n<h4><strong>10:00 - Sraz v p\u0159\u00edstavu Carenero<\/strong><\/h4>\n<p>Za\u010dn\u011bte sv\u016fj den bez stresu v <strong>P\u0159\u00edstav Carenero<\/strong>, Saman\u00e1, kde v\u00e1s n\u00e1\u0161 p\u0159\u00e1telsk\u00fd t\u00fdm p\u0159iv\u00edt\u00e1 na palub\u011b pohodln\u00e9 a modern\u00ed lodi.<\/p>\n<h4><strong>10:15 - Pozorov\u00e1n\u00ed velryb v z\u00e1toce Saman\u00e1<\/strong><\/h4>\n<p>Vyplujte na proslulou <strong>\u00dato\u010di\u0161t\u011b pro pozorov\u00e1n\u00ed velryb<\/strong> a obdivovat majest\u00e1tn\u00ed keporkaky. Sta\u0148te se sv\u011bdky jejich velkolep\u00e9ho chov\u00e1n\u00ed - pl\u00e1c\u00e1n\u00ed ocasem a zp\u011bvu - a z\u00e1rove\u0148 si vychutnejte odborn\u00fd v\u00fdklad na\u0161ich pr\u016fvodc\u016f.<\/p>\n<h4><strong>12:00 - Voln\u00fd \u010das na ostrov\u011b Cayo Levantado (Bacardi Island)<\/strong><\/h4>\n<p>Po neuv\u011b\u0159iteln\u00e9m dopoledni str\u00e1ven\u00e9m s velrybami se vyd\u00e1me do <strong>Cayo Levantado<\/strong>, tropick\u00fd r\u00e1j zn\u00e1m\u00fd sv\u00fdmi pl\u00e1\u017eemi s b\u00edl\u00fdm p\u00edskem a k\u0159i\u0161\u0165\u00e1lov\u011b \u010distou vodou. Str\u00e1vit <strong>voln\u00fd \u010das<\/strong> relaxovat, koupat se nebo prozkoum\u00e1vat ostrov podle libosti.<\/p>\n<h4><strong>14:30 - N\u00e1vrat do p\u0159\u00edstavu Carenero<\/strong><\/h4>\n<p>Opust\u00edme ostrov a vr\u00e1t\u00edme se na Samanu, kam doraz\u00edme v dob\u011b, kdy se <strong>Carenero Port mezi 14:30 a 15:00 hod.<\/strong>, p\u0159i\u010dem\u017e m\u00e1te dostatek \u010dasu na to, abyste si u\u017eili zbytek dne.<\/p>\n<hr \/>\n<h3><strong>Pro\u010d je tato prohl\u00eddka velryb na Saman\u011b cenov\u011b nejv\u00fdhodn\u011bj\u0161\u00ed?<\/strong><\/h3>\n<p>\u2705 <strong>Dv\u011b dobrodru\u017estv\u00ed v jednom<\/strong> - Pozorov\u00e1n\u00ed velryb + n\u00e1v\u0161t\u011bva Cayo Levantado za jedinou n\u00edzkou cenu!<br \/>\n\u2705 <strong>Z\u00e1ruka nejni\u017e\u0161\u00ed ceny<\/strong> - Nikde jinde nenajdete lep\u0161\u00ed nab\u00eddku.<br \/>\n\u2705 <strong>\u017d\u00e1dn\u00e9 skryt\u00e9 poplatky<\/strong> - Transparentn\u00ed cena zahrnuje j\u00edzdu lod\u00ed, pr\u016fvodce a vstup do rezervace.<br \/>\n\u2705 <strong>Vysoce kvalitn\u00ed slu\u017eby<\/strong> - Modern\u00ed lod\u011b, odborn\u00ed pr\u016fvodci a nejpohodln\u011bj\u0161\u00ed z\u00e1\u017eitek.<\/p>\n<hr \/>\n<h3><strong>Sez\u00f3nn\u00ed nab\u00eddka: Rezervujte v\u010das a u\u0161et\u0159ete!<\/strong><\/h3>\n<p>\ud83d\udcc6 <strong>Hlavn\u00ed sez\u00f3na<\/strong>: Leden a\u017e b\u0159ezen je nejlep\u0161\u00edm obdob\u00edm pro pozorov\u00e1n\u00ed keporkak\u016f.<br \/>\n\ud83d\udcb8 <strong>Exkluzivn\u00ed nab\u00eddka<\/strong>: Rezervujte si m\u00edsto je\u0161t\u011b dnes a zajist\u011bte si <strong>nejlep\u0161\u00ed cena pro pozorov\u00e1n\u00ed velryb v Saman\u00e1<\/strong>!<\/p>\n<hr \/>\n<h3><strong>Jak rezervovat<\/strong><\/h3>\n<p>\ud83d\udcde <a href=\"http:\/\/CALLTO:+18097206035\"><strong>Zavolejte n\u00e1m<\/strong><\/a> abyste si zajistili m\u00edsto.<br \/>\n\ud83d\udce7 <a href=\"MAILTO:RESERVABATOUR@GMAIL.COM\"><strong>Po\u0161lete n\u00e1m e-mail<\/strong> <\/a>pro skupinov\u00e9 rezervace nebo speci\u00e1ln\u00ed po\u017eadavky.<br \/>\n\ud83c\udf10 <a href=\"https:\/\/bookingadventures.tours\/booking.php?slug=Whale_watching_and_Cayo_levantado_low_price\" target=\"_blank\" rel=\"noopener\"><strong>Rezervujte online<\/strong> <\/a>pro rychl\u00e9 a snadn\u00e9 rezervace.<\/p>\n<p>\ud83d\udea8 <strong>Posp\u011b\u0161te si! K dispozici je omezen\u00fd po\u010det m\u00edst<\/strong>-Nenechte si uj\u00edt tuto neuv\u011b\u0159itelnou p\u0159\u00edle\u017eitost za\u017e\u00edt <strong>Nejl\u00e9pe hodnocen\u00e1 prohl\u00eddka Saman\u00e1 za nejlep\u0161\u00ed cenu!<\/strong><\/p>\n\n\t\t<\/div>\n\t<\/div>\n<div class=\"vc_empty_space\"   style=\"height: 32px\"><span class=\"vc_empty_space_inner\"><\/span><\/div>\n\t<div class=\"wpb_text_column wpb_content_element\" >\n\t\t<div class=\"wpb_wrapper\">\n\t\t\t<h2>Dal\u0161\u00ed mo\u017enosti pozorov\u00e1n\u00ed velryb:<\/h2>\n\n\t\t<\/div>\n\t<\/div>\n<div class=\"vc_empty_space\"   style=\"height: 32px\"><span class=\"vc_empty_space_inner\"><\/span><\/div><div class=\"woocommerce columns-4\"><ul class=\"products columns-4\">\n<li class=\"product type-product post-18154 status-publish first instock product_cat-dominican-republic product_tag-excursion product_tag-tour has-post-thumbnail shipping-taxable product-type-external\">\r\n\t<a href=\"https:\/\/sabanadelamartours.com\/cs\/prohlidka\/-685\/\" class=\"woocommerce-LoopProduct-link woocommerce-loop-product__link\"><img fetchpriority=\"high\" decoding=\"async\" width=\"300\" height=\"300\" src=\"https:\/\/sabanadelamartours.com\/wp-content\/uploads\/2025\/12\/99-53-300x300.png\" class=\"attachment-woocommerce_thumbnail size-woocommerce_thumbnail\" alt=\"Las Terrenas: Soukrom\u00e9 p\u016fldenn\u00ed pozorov\u00e1n\u00ed velryb\" srcset=\"https:\/\/sabanadelamartours.com\/wp-content\/uploads\/2025\/12\/99-53-300x300.png 300w, https:\/\/sabanadelamartours.com\/wp-content\/uploads\/2025\/12\/99-53-1536x1536.png 1536w, https:\/\/sabanadelamartours.com\/wp-content\/uploads\/2025\/12\/99-53-2048x2048.png 2048w, https:\/\/sabanadelamartours.com\/wp-content\/uploads\/2025\/12\/99-53-100x100.png 100w, https:\/\/sabanadelamartours.com\/wp-content\/uploads\/2025\/12\/99-53-266x266.png 266w\" sizes=\"(max-width: 300px) 100vw, 300px\" \/><h2 class=\"woocommerce-loop-product__title\">Las Terrenas: Soukrom\u00e9 p\u016fldenn\u00ed pozorov\u00e1n\u00ed velryb<\/h2>\n\t<span class=\"price\"><span class=\"woocs_price_code\" data-currency=\"\" data-redraw-id=\"69ea544513b77\"  data-product-id=\"18154\"><span class=\"woocommerce-Price-amount amount\"><bdi>450.00<span class=\"woocommerce-Price-currencySymbol\">&#36;<\/span><\/bdi><\/span><\/span><\/span>\n<\/a><a href=\"https:\/\/tourreservationlink.com\/en\/booking\/las-terrenas-private-whale-watching-half-day\" aria-describedby=\"woocommerce_loop_add_to_cart_link_describedby_18154\" data-quantity=\"1\" class=\"button product_type_external\" data-product_id=\"18154\" data-product_sku=\"\" aria-label=\"KOUPIT VSTUPENKU\" rel=\"nofollow noopener\" target=\"_blank\">KOUPIT VSTUPENKU<\/a>\t<span id=\"woocommerce_loop_add_to_cart_link_describedby_18154\" class=\"screen-reader-text\">\n\t\t\t<\/span>\n<\/li>\r\n<\/ul>\n<\/div><\/div>\n\t<\/div> \n<\/div><!--End .row--><\/div><!--End .container--><\/div>\n<\/div>","protected":false},"excerpt":{"rendered":"<p><strong>Nejlep\u0161\u00ed cena Velryba &amp; Cayo Levantado Tour - Saman\u00e1<\/strong><\/p>\n<p>Za\u017eijte dokonal\u00fd <strong>pozorov\u00e1n\u00ed velryb v Saman\u00e1<\/strong> na <strong>Garance nejlep\u0161\u00ed ceny<\/strong>! Sta\u0148te se sv\u011bdky majest\u00e1tn\u00edch keporkak\u016f ve slavn\u00e9 <strong>\u00dato\u010di\u0161t\u011b Saman\u00e1 Bay pro pozorov\u00e1n\u00ed velryb<\/strong>, a pak si odpo\u010dinout na nedot\u010den\u00fdch pl\u00e1\u017e\u00edch v <strong>Cayo Levantado (ostrov Bacardi)<\/strong>. Tento cenov\u011b dostupn\u00fd p\u016fldenn\u00ed v\u00fdlet nab\u00edz\u00ed bezkonkuren\u010dn\u00ed hodnotu, odborn\u00e9 pr\u016fvodce a dv\u011b nezapomenuteln\u00e1 dobrodru\u017estv\u00ed v jednom. <strong>Rezervovat nyn\u00ed<\/strong> a z\u00edskejte bezkonkuren\u010dn\u00ed nab\u00eddku na nejl\u00e9pe hodnocenou exkurzi na Saman\u011b!<\/p>","protected":false},"featured_media":18204,"template":"","meta":[],"product_brand":[],"product_cat":[97,229],"product_tag":[],"class_list":{"0":"post-18032","1":"product","2":"type-product","3":"status-publish","4":"has-post-thumbnail","6":"product_cat-dominican-republic","7":"product_cat-whale-watching","9":"first","10":"instock","11":"sale","12":"shipping-taxable","13":"product-type-external"},"_links":{"self":[{"href":"https:\/\/sabanadelamartours.com\/cs\/wp-json\/wp\/v2\/product\/18032","targetHints":{"allow":["GET"]}}],"collection":[{"href":"https:\/\/sabanadelamartours.com\/cs\/wp-json\/wp\/v2\/product"}],"about":[{"href":"https:\/\/sabanadelamartours.com\/cs\/wp-json\/wp\/v2\/types\/product"}],"version-history":[{"count":0,"href":"https:\/\/sabanadelamartours.com\/cs\/wp-json\/wp\/v2\/product\/18032\/revisions"}],"wp:featuredmedia":[{"embeddable":true,"href":"https:\/\/sabanadelamartours.com\/cs\/wp-json\/wp\/v2\/media\/18204"}],"wp:attachment":[{"href":"https:\/\/sabanadelamartours.com\/cs\/wp-json\/wp\/v2\/media?parent=18032"}],"wp:term":[{"taxonomy":"product_brand","embeddable":true,"href":"https:\/\/sabanadelamartours.com\/cs\/wp-json\/wp\/v2\/product_brand?post=18032"},{"taxonomy":"product_cat","embeddable":true,"href":"https:\/\/sabanadelamartours.com\/cs\/wp-json\/wp\/v2\/product_cat?post=18032"},{"taxonomy":"product_tag","embeddable":true,"href":"https:\/\/sabanadelamartours.com\/cs\/wp-json\/wp\/v2\/product_tag?post=18032"}],"curies":[{"name":"wp","href":"https:\/\/api.w.org\/{rel}","templated":true}]}}