{"id":18067,"date":"2025-12-18T15:05:30","date_gmt":"2025-12-18T15:05:30","guid":{"rendered":"https:\/\/sabanadelamartours.com\/?post_type=product&#038;p=18067"},"modified":"2025-12-18T15:13:45","modified_gmt":"2025-12-18T15:13:45","slug":"-678","status":"publish","type":"product","link":"https:\/\/sabanadelamartours.com\/cs\/prohlidka\/-678\/","title":{"rendered":"Ferry Tickets: Saman\u00e1 &#038; Sabana de la Mar"},"content":{"rendered":"<h1><strong>J\u00edzdenky na trajekt: Saman\u00e1 do Sabana de la Mar<\/strong><\/h1>\n<p>Vyzkou\u0161ejte pohodlnou a cenov\u011b dostupnou m\u00edstn\u00ed ve\u0159ejnou dopravu pomoc\u00ed trajektov\u00e9 linky spojuj\u00edc\u00ed <strong>Saman\u00e1<\/strong> a <strong>Sabana de la Mar<\/strong>. A\u0165 u\u017e jste m\u00edstn\u00ed obyvatel\u00e9 nebo cestovatel\u00e9, kte\u0159\u00ed se vyd\u00e1vaj\u00ed na pr\u016fzkum Dominik\u00e1nsk\u00e9 republiky, tento trajekt nab\u00edz\u00ed malebnou a spolehlivou cestu p\u0159es z\u00e1liv.<\/p>\n<h3><strong>Pl\u00e1n trajekt\u016f<\/strong><\/h3>\n<h4><strong>Ze Saman\u00e1 do Sabana de la Mar: <a href=\"https:\/\/bookingadventures.tours\/booking.php?slug=Ferry_From_Saman_to_Sabana_de_la_Mar\" target=\"_blank\" rel=\"noopener\">REZERVUJTE SI VSTUPENKY ZDE<\/a><\/strong><\/h4>\n<ul>\n<li>7:00<\/li>\n<li>9:00<\/li>\n<li>11:00<\/li>\n<li>15:00<\/li>\n<li>16:20<\/li>\n<\/ul>\n<h4><strong>Ze Sabana de la Mar do Saman\u00e1: <\/strong><a href=\"https:\/\/bookingadventures.tours\/booking.php?slug=Ferry_From__Sabana_de_la_Mar_to_Samana\" target=\"_blank\" rel=\"noopener\"><strong>REZERVUJTE SI VSTUPENKY ZDE<\/strong><\/a><\/h4>\n<ul>\n<li>9:00<\/li>\n<li>11:00<\/li>\n<li>15:00<\/li>\n<li>17:00<\/li>\n<\/ul>\n<h3><strong>Kl\u00ed\u010dov\u00e9 \u00fadaje:<\/strong><\/h3>\n<ul>\n<li><strong>Typ slu\u017eby:<\/strong> M\u00edstn\u00ed ve\u0159ejn\u00e1 doprava trajektem.<\/li>\n<li><strong>Doba trv\u00e1n\u00ed:<\/strong> P\u0159ibli\u017en\u011b 45 minut a\u017e 1 hodina v z\u00e1vislosti na po\u010das\u00ed.<\/li>\n<li><strong>Cenov\u00e1 dostupnost:<\/strong> Cenov\u011b v\u00fdhodn\u00e1 mo\u017enost p\u0159ejezdu z\u00e1toky Saman\u00e1.<\/li>\n<li><strong>Styl lodi:<\/strong> Trajekty jsou tradi\u010dn\u00ed ryb\u00e1\u0159sk\u00e9 lod\u011b, \u010dasto star\u0161\u00ed, ale funk\u010dn\u00ed.<\/li>\n<\/ul>\n<h3><strong>Pro\u010d si vybrat trajekt?<\/strong><\/h3>\n<ul>\n<li>B\u011bhem cesty se m\u016f\u017eete kochat n\u00e1dhern\u00fdmi v\u00fdhledy na z\u00e1liv Saman\u00e1.<\/li>\n<li>Spolehliv\u00e9 j\u00edzdn\u00ed \u0159\u00e1dy navr\u017een\u00e9 tak, aby vyhovovaly m\u00edstn\u00edm obyvatel\u016fm i turist\u016fm.<\/li>\n<li>Jedine\u010dn\u00fd zp\u016fsob, jak cestovat jako m\u00edstn\u00ed a poznat autentickou dominik\u00e1nskou kulturu.<\/li>\n<\/ul>\n<h3><strong>Co byste m\u011bli v\u011bd\u011bt, ne\u017e se vyd\u00e1te na cestu:<\/strong><\/h3>\n<ul>\n<li>Do p\u0159\u00edstavu se dostavte alespo\u0148 20 minut p\u0159ed odjezdem, abyste si zajistili m\u00edsto.<\/li>\n<li>Trajekt jezd\u00ed za de\u0161t\u011b i za slune\u010dn\u00e9ho po\u010das\u00ed, ale za nep\u0159\u00edzniv\u00e9ho po\u010das\u00ed m\u016f\u017ee m\u00edt m\u00edrn\u00e9 zpo\u017ed\u011bn\u00ed.<\/li>\n<li>Trajekt jede 15 minut a \u010dek\u00e1 n\u011bjakou dobu na dal\u0161\u00ed cestuj\u00edc\u00ed.<\/li>\n<li>Doporu\u010den\u00ed vyp\u00edt pr\u00e1\u0161ky pro p\u0159\u00edpad mo\u0159sk\u00e9 nemoci. 5 minut p\u0159ed<\/li>\n<li>Ne\u017e se vyd\u00e1te na trajekt, zajd\u011bte si na toaletu do kter\u00e9koli restaurace p\u0159ed p\u0159\u00edstavem. Ve\u0159ejn\u00e9 toalety u trajektu nedoporu\u010dujeme<\/li>\n<\/ul>\n<p>Napl\u00e1nujte si cestu a vyu\u017eijte tuto mo\u017enost m\u00edstn\u00ed dopravy! V p\u0159\u00edpad\u011b dal\u0161\u00edch dotaz\u016f n\u00e1s nev\u00e1hejte kontaktovat na adrese +18097206035 nebo n\u00e1s nav\u0161tivte na termin\u00e1lu trajekt\u016f.<\/p>","protected":false},"excerpt":{"rendered":"<p>Cenov\u011b dostupn\u00e1 trajektov\u00e1 doprava ze Saman\u00e1 do Sabana de la Mar: Ve\u0159ejn\u00e1 doprava s malebn\u00fdm v\u00fdhledem na z\u00e1liv<\/p>","protected":false},"featured_media":18258,"template":"","meta":[],"product_brand":[],"product_cat":[97],"product_tag":[],"class_list":{"0":"post-18067","1":"product","2":"type-product","3":"status-publish","4":"has-post-thumbnail","6":"product_cat-dominican-republic","8":"first","9":"instock","10":"shipping-taxable","11":"product-type-simple"},"_links":{"self":[{"href":"https:\/\/sabanadelamartours.com\/cs\/wp-json\/wp\/v2\/product\/18067","targetHints":{"allow":["GET"]}}],"collection":[{"href":"https:\/\/sabanadelamartours.com\/cs\/wp-json\/wp\/v2\/product"}],"about":[{"href":"https:\/\/sabanadelamartours.com\/cs\/wp-json\/wp\/v2\/types\/product"}],"version-history":[{"count":0,"href":"https:\/\/sabanadelamartours.com\/cs\/wp-json\/wp\/v2\/product\/18067\/revisions"}],"wp:featuredmedia":[{"embeddable":true,"href":"https:\/\/sabanadelamartours.com\/cs\/wp-json\/wp\/v2\/media\/18258"}],"wp:attachment":[{"href":"https:\/\/sabanadelamartours.com\/cs\/wp-json\/wp\/v2\/media?parent=18067"}],"wp:term":[{"taxonomy":"product_brand","embeddable":true,"href":"https:\/\/sabanadelamartours.com\/cs\/wp-json\/wp\/v2\/product_brand?post=18067"},{"taxonomy":"product_cat","embeddable":true,"href":"https:\/\/sabanadelamartours.com\/cs\/wp-json\/wp\/v2\/product_cat?post=18067"},{"taxonomy":"product_tag","embeddable":true,"href":"https:\/\/sabanadelamartours.com\/cs\/wp-json\/wp\/v2\/product_tag?post=18067"}],"curies":[{"name":"wp","href":"https:\/\/api.w.org\/{rel}","templated":true}]}}