{"id":10167,"date":"2025-12-18T09:26:34","date_gmt":"2025-12-18T09:26:34","guid":{"rendered":"https:\/\/sabanadelamartours.com\/?post_type=product&#038;p=10167"},"modified":"2026-01-09T14:40:43","modified_gmt":"2026-01-09T14:40:43","slug":"bayahibe-ganztagesausflug-zur-insel-saona","status":"publish","type":"product","link":"https:\/\/sabanadelamartours.com\/de\/tour\/bayahibe-ganztagesausflug-zur-insel-saona\/","title":{"rendered":"Bayahibe: Ganzt\u00e4gige Exkursion zur Insel Saona"},"content":{"rendered":"<p>Bayahibe: Ganzt\u00e4gige Exkursion zur Insel Saona<\/p>\n<p>Begeben Sie sich auf ein unvergessliches Abenteuer auf der atemberaubenden Insel Saona, einem versteckten Juwel, das f\u00fcr seine unber\u00fchrten wei\u00dfen Sandstr\u00e4nde, das schillernde t\u00fcrkisfarbene Wasser und die sich wiegenden Palmen bekannt ist, die ein malerisches Tropenparadies bilden. Dieser Ausflug bietet eine idyllische Atmosph\u00e4re, in der Entspannung und Vergn\u00fcgen im Vordergrund stehen.<\/p>\n<p>Ihr Tag beginnt mit einer bequemen Abholung von Ihrem Hotel, wo Sie von freundlichen Mitarbeitern begr\u00fc\u00dft werden, die Sie nach Bayahibe begleiten. In dem charmanten K\u00fcstendorf angekommen, gehen Sie an Bord eines Schnellbootes, das Sie durch das einladende Karibische Meer zur Insel Saona bringt.<\/p>\n<p>Unterwegs halten Sie an einem atemberaubenden Naturpool, einer ruhigen Oase mit kristallklarem Wasser, das zu einem erfrischenden Bad einl\u00e4dt. Nehmen Sie sich hier einen Moment Zeit, um zu entspannen und die Sch\u00f6nheit der Umgebung zu genie\u00dfen, bevor Sie Ihre Expedition zur Insel Saona fortsetzen.<\/p>\n<p>Nach Ihrer Ankunft haben Sie etwa 3,5 Stunden Zeit, um sich zu sonnen, am weichen Sandstrand spazieren zu gehen oder Wasseraktivit\u00e4ten wie Schnorcheln in den lebhaften Korallenriffen zu genie\u00dfen. Die Atmosph\u00e4re ist perfekt, um den tropischen Charme aufzusaugen und die entspannte Inselatmosph\u00e4re zu genie\u00dfen.<\/p>\n<p>Um 14:35 Uhr ist es Zeit, die R\u00fcckreise anzutreten. Sie gehen an Bord eines lebhaften Katamarans f\u00fcr die R\u00fcckfahrt nach Bayahibe, wo sich die Atmosph\u00e4re in ein fr\u00f6hliches Fest verwandelt. Tanzen Sie zu peppiger Musik und mischen Sie sich unter die Mitreisenden, um die 1,5-st\u00fcndige R\u00fcckfahrt zu einem berauschenden Erlebnis zu machen.<\/p>\n<p>Nach einem sonnigen Tag voller Spa\u00df und unvergesslicher Momente werden Sie zu Ihrer Unterkunft zur\u00fcckgebracht und nehmen die sch\u00f6nsten Erinnerungen an einen herrlichen Tag auf der Insel Saona mit.<\/p>","protected":false},"excerpt":{"rendered":"<p>Erkunden Sie die wundersch\u00f6ne Insel Saona. Erleben Sie die malerischen nat\u00fcrlichen Pools und wei\u00dfen Sandstr\u00e4nde der Karibik, bevor Sie Ihre R\u00fcckreise mit einer Party auf einem Katamaran feiern.<\/p>","protected":false},"featured_media":10202,"template":"","meta":[],"product_brand":[],"product_cat":[97,98],"product_tag":[99,100],"class_list":{"0":"post-10167","1":"product","2":"type-product","3":"status-publish","4":"has-post-thumbnail","6":"product_cat-dominican-republic","7":"product_cat-saona-island","8":"product_tag-isla-saona","9":"product_tag-saona-island","11":"first","12":"instock","13":"sale","14":"shipping-taxable","15":"product-type-external"},"_links":{"self":[{"href":"https:\/\/sabanadelamartours.com\/de\/wp-json\/wp\/v2\/product\/10167","targetHints":{"allow":["GET"]}}],"collection":[{"href":"https:\/\/sabanadelamartours.com\/de\/wp-json\/wp\/v2\/product"}],"about":[{"href":"https:\/\/sabanadelamartours.com\/de\/wp-json\/wp\/v2\/types\/product"}],"version-history":[{"count":1,"href":"https:\/\/sabanadelamartours.com\/de\/wp-json\/wp\/v2\/product\/10167\/revisions"}],"predecessor-version":[{"id":18778,"href":"https:\/\/sabanadelamartours.com\/de\/wp-json\/wp\/v2\/product\/10167\/revisions\/18778"}],"wp:featuredmedia":[{"embeddable":true,"href":"https:\/\/sabanadelamartours.com\/de\/wp-json\/wp\/v2\/media\/10202"}],"wp:attachment":[{"href":"https:\/\/sabanadelamartours.com\/de\/wp-json\/wp\/v2\/media?parent=10167"}],"wp:term":[{"taxonomy":"product_brand","embeddable":true,"href":"https:\/\/sabanadelamartours.com\/de\/wp-json\/wp\/v2\/product_brand?post=10167"},{"taxonomy":"product_cat","embeddable":true,"href":"https:\/\/sabanadelamartours.com\/de\/wp-json\/wp\/v2\/product_cat?post=10167"},{"taxonomy":"product_tag","embeddable":true,"href":"https:\/\/sabanadelamartours.com\/de\/wp-json\/wp\/v2\/product_tag?post=10167"}],"curies":[{"name":"wp","href":"https:\/\/api.w.org\/{rel}","templated":true}]}}