{"id":10175,"date":"2025-12-18T09:26:35","date_gmt":"2025-12-18T09:26:35","guid":{"rendered":"https:\/\/sabanadelamartours.com\/?post_type=product&#038;p=10175"},"modified":"2025-12-18T09:31:01","modified_gmt":"2025-12-18T09:31:01","slug":"punta-cana-buggy-oder-atv-tour-am-strand-und-cenote-besuch","status":"publish","type":"product","link":"https:\/\/sabanadelamartours.com\/de\/tour\/punta-cana-buggy-oder-atv-tour-am-strand-und-cenote-besuch\/","title":{"rendered":"Punta Cana: Buggy- oder ATV-Tour am Strand und Besuch einer Cenote"},"content":{"rendered":"<div class=\"woocommerce-product-details__short-description\">\n<div data-track=\"overview\" data-v-56a1a938=\"\">\n<section id=\"activity-overview\" class=\"activity-overview\" data-component=\"overview\" data-v-56a1a938=\"\" data-v-f3236c42=\"\">\n<p data-test-id=\"activity-overview-content\" data-v-f3236c42=\"\"><strong>Punta Cana: Buggy- oder ATV-Tour am Strand und Besuch einer Cenote<\/strong><\/p>\n<p class=\"activity-overview__content\" data-test-id=\"activity-overview-content\" data-v-f3236c42=\"\">Machen Sie eine Buggy- oder ATV-Fahrt entlang der malerischen Str\u00e4nde von Punta Cana. Entspannen Sie sich am Macao Beach, schwimmen Sie in unber\u00fchrtem karibischem Wasser und besuchen Sie eine idyllische Cenote.<\/p>\n<\/section>\n<\/div>\n<\/div>\n<p>Sie werden von Ihrem Hotel abgeholt und machen sich auf den Weg ins Landesinnere von Punta Cana. Tauchen Sie ein in die nat\u00fcrliche Sch\u00f6nheit der Landschaft, die von Kaffee- und Kakaoplantagen ges\u00e4umt ist. Lernen Sie die Strecke kennen und erfahren Sie, wie Sie den Buggy oder das ATV sicher bedienen.<\/p>\n<p>Starten Sie dann den Motor und machen Sie sich auf den Weg durch die zerkl\u00fcftete, schlammbedeckte Piste. Halten Sie am Macao Beach, abseits der gro\u00dfen Hotels. Entspannen Sie sich auf dem sauberen Sand und schwimmen Sie im kristallklaren karibischen Wasser. Fahren Sie weiter auf der Buggy-Route zu den Indigenous Springs. Entdecken Sie diese idyllische Cenote, w\u00e4hrend Sie aussteigen, um den unterirdischen Pool zu erkunden. Nehmen Sie ein Bad im t\u00fcrkisfarbenen Wasser, bevor Sie weiterfahren. Beenden Sie Ihre Tour mit dem R\u00fccktransport zu Ihrem Hotel in Punta Cana.<\/p>","protected":false},"excerpt":{"rendered":"<div data-track=\"overview\" data-v-56a1a938=\"\">\n<section id=\"activity-overview\" class=\"activity-overview\" data-component=\"overview\" data-v-56a1a938=\"\" data-v-f3236c42=\"\">\n<p class=\"activity-overview__content\" data-test-id=\"activity-overview-content\" data-v-f3236c42=\"\">Machen Sie eine Buggy- oder ATV-Fahrt entlang der malerischen Str\u00e4nde von Punta Cana. Entspannen Sie sich am Macao Beach, schwimmen Sie in unber\u00fchrtem karibischem Wasser und besuchen Sie eine idyllische Cenote.<\/p>\n<\/section>\n<\/div>\n<div data-track=\"key-details\" data-v-56a1a938=\"\"><\/div>","protected":false},"featured_media":10301,"template":"","meta":[],"product_brand":[],"product_cat":[97],"product_tag":[101,102],"class_list":{"0":"post-10175","1":"product","2":"type-product","3":"status-publish","4":"has-post-thumbnail","6":"product_cat-dominican-republic","7":"product_tag-excursion","8":"product_tag-tour","10":"first","11":"instock","12":"sale","13":"shipping-taxable","14":"product-type-external"},"_links":{"self":[{"href":"https:\/\/sabanadelamartours.com\/de\/wp-json\/wp\/v2\/product\/10175","targetHints":{"allow":["GET"]}}],"collection":[{"href":"https:\/\/sabanadelamartours.com\/de\/wp-json\/wp\/v2\/product"}],"about":[{"href":"https:\/\/sabanadelamartours.com\/de\/wp-json\/wp\/v2\/types\/product"}],"version-history":[{"count":0,"href":"https:\/\/sabanadelamartours.com\/de\/wp-json\/wp\/v2\/product\/10175\/revisions"}],"wp:featuredmedia":[{"embeddable":true,"href":"https:\/\/sabanadelamartours.com\/de\/wp-json\/wp\/v2\/media\/10301"}],"wp:attachment":[{"href":"https:\/\/sabanadelamartours.com\/de\/wp-json\/wp\/v2\/media?parent=10175"}],"wp:term":[{"taxonomy":"product_brand","embeddable":true,"href":"https:\/\/sabanadelamartours.com\/de\/wp-json\/wp\/v2\/product_brand?post=10175"},{"taxonomy":"product_cat","embeddable":true,"href":"https:\/\/sabanadelamartours.com\/de\/wp-json\/wp\/v2\/product_cat?post=10175"},{"taxonomy":"product_tag","embeddable":true,"href":"https:\/\/sabanadelamartours.com\/de\/wp-json\/wp\/v2\/product_tag?post=10175"}],"curies":[{"name":"wp","href":"https:\/\/api.w.org\/{rel}","templated":true}]}}