{"id":10178,"date":"2025-12-18T09:26:35","date_gmt":"2025-12-18T09:26:35","guid":{"rendered":"https:\/\/sabanadelamartours.com\/?post_type=product&#038;p=10178"},"modified":"2026-01-05T03:38:26","modified_gmt":"2026-01-05T03:38:26","slug":"punta-cana-scape-park-eintritt-fur-cenote-zip-lines-hohlen","status":"publish","type":"product","link":"https:\/\/sabanadelamartours.com\/de\/tour\/punta-cana-scape-park-eintritt-fur-cenote-zip-lines-hohlen\/","title":{"rendered":"Punta Cana: Scape Park Eintritt f\u00fcr Cenote, Zip Lines, &amp; H\u00f6hlen"},"content":{"rendered":"<p><strong>Punta Cana: Scape Park Eintritt f\u00fcr Cenote, Zip Lines, &amp; H\u00f6hlen<\/strong><\/p>\n<p>Beginnen Sie mit der Abholung von Ihrer Unterkunft in Punta Cana und entspannen Sie sich auf dem landschaftlich reizvollen Transfer zum Scape Park, der sich in einer \u00fcppigen Umgebung im Dschungel befindet.<\/p>\n<p>Betreten Sie den Park mit Ihrer Eintrittskarte. Tauchen Sie ein in eine Welt der Sensationen, die von aufregenden und adrenalingeladenen Abenteuern bis hin zu sanften und kulturellen Erlebnissen alles bietet. F\u00fchlen Sie den Rausch des Fliegens durch das Bl\u00e4tterdach der B\u00e4ume, w\u00e4hrend Sie auf einem Rundkurs mit acht Seilrutschen entlang einer imposanten Klippe sausen. Tauchen Sie in das azurblaue Wasser einer unterirdischen Quelle ein und schwimmen Sie in einer Cenote.<\/p>\n<p>Beobachten Sie farbenfrohe Papageien, begegnen Sie Nashornleguanen und halten Sie Ausschau nach den verspielten Totenkopf- und Kapuziner\u00e4ffchen, die in dieser Gegend zu Hause sind. Beobachten Sie Nutztiere wie Pferde, Ziegen und Ponys und interagieren Sie mit ihnen.<\/p>\n<p>Erforschen Sie ein ausgedehntes unterirdisches Netzwerk von Kammern und Tunneln und sehen Sie beeindruckende geologische Formationen in der H\u00f6hle von Iguabonita. Machen Sie einen Kulturspaziergang, um Nachbildungen der H\u00e4user der alten Taino-Indianer, der spanischen Eroberer, der afrikanischen Sklaven und der traditionellen dominikanischen H\u00e4user zu sehen.<\/p>\n<p>Sie haben die M\u00f6glichkeit, Ihr Erlebnis zu erweitern, indem Sie eine Kreuzfahrt buchen, die ein Schnorchelerlebnis beinhaltet. Kehren Sie am Ende Ihres aufregenden Tages zu Ihrem Abholpunkt zur\u00fcck.<\/p>","protected":false},"excerpt":{"rendered":"<div data-track=\"overview\" data-v-56a1a938=\"\">\n<section id=\"activity-overview\" class=\"activity-overview\" data-component=\"overview\" data-v-56a1a938=\"\" data-v-f3236c42=\"\">\n<p class=\"activity-overview__content\" data-test-id=\"activity-overview-content\" data-v-f3236c42=\"\">Viel Spa\u00df mit dieser Eintrittskarte und dem Hoteltransfer zum Scape Park in Punta Cana. Genie\u00dfen Sie einen Rundkurs mit acht Seilbahnen, treffen Sie exotische Tiere, schwimmen Sie in einer Cenote und besuchen Sie die Iguabonita-H\u00f6hle.<\/p>\n<\/section>\n<\/div>\n<div data-track=\"key-details\" data-v-56a1a938=\"\"><\/div>","protected":false},"featured_media":10353,"template":"","meta":[],"product_brand":[],"product_cat":[97],"product_tag":[101,102],"class_list":{"0":"post-10178","1":"product","2":"type-product","3":"status-publish","4":"has-post-thumbnail","6":"product_cat-dominican-republic","7":"product_tag-excursion","8":"product_tag-tour","10":"first","11":"instock","12":"sale","13":"shipping-taxable","14":"product-type-external"},"_links":{"self":[{"href":"https:\/\/sabanadelamartours.com\/de\/wp-json\/wp\/v2\/product\/10178","targetHints":{"allow":["GET"]}}],"collection":[{"href":"https:\/\/sabanadelamartours.com\/de\/wp-json\/wp\/v2\/product"}],"about":[{"href":"https:\/\/sabanadelamartours.com\/de\/wp-json\/wp\/v2\/types\/product"}],"version-history":[{"count":1,"href":"https:\/\/sabanadelamartours.com\/de\/wp-json\/wp\/v2\/product\/10178\/revisions"}],"predecessor-version":[{"id":18404,"href":"https:\/\/sabanadelamartours.com\/de\/wp-json\/wp\/v2\/product\/10178\/revisions\/18404"}],"wp:featuredmedia":[{"embeddable":true,"href":"https:\/\/sabanadelamartours.com\/de\/wp-json\/wp\/v2\/media\/10353"}],"wp:attachment":[{"href":"https:\/\/sabanadelamartours.com\/de\/wp-json\/wp\/v2\/media?parent=10178"}],"wp:term":[{"taxonomy":"product_brand","embeddable":true,"href":"https:\/\/sabanadelamartours.com\/de\/wp-json\/wp\/v2\/product_brand?post=10178"},{"taxonomy":"product_cat","embeddable":true,"href":"https:\/\/sabanadelamartours.com\/de\/wp-json\/wp\/v2\/product_cat?post=10178"},{"taxonomy":"product_tag","embeddable":true,"href":"https:\/\/sabanadelamartours.com\/de\/wp-json\/wp\/v2\/product_tag?post=10178"}],"curies":[{"name":"wp","href":"https:\/\/api.w.org\/{rel}","templated":true}]}}