{"id":10180,"date":"2025-12-18T09:26:35","date_gmt":"2025-12-18T09:26:35","guid":{"rendered":"https:\/\/sabanadelamartours.com\/?post_type=product&#038;p=10180"},"modified":"2026-02-09T04:15:01","modified_gmt":"2026-02-09T04:15:01","slug":"delphinschwimmen-und-begegnungen-in-punta-cana","status":"publish","type":"product","link":"https:\/\/sabanadelamartours.com\/de\/tour\/delphinschwimmen-und-begegnungen-in-punta-cana\/","title":{"rendered":"Punta Cana: Delphin Entdeckung Schwimmen und Begegnungen"},"content":{"rendered":"<p><strong>Punta Cana: Delphin Entdeckung Schwimmen und Begegnungen<\/strong><\/p>\n<p>Genie\u00dfen Sie das einzigartige Erlebnis, mit Delfinen in Punta Cana zu schwimmen. Bei diesem unvergesslichen Erlebnis spielen Sie mit Delfinen, die Sie umarmen und anschmiegen und ihre akrobatischen Kunstst\u00fccke vorf\u00fchren.<\/p>\n<p>W\u00e4hlen Sie aus einem von 3 Delphinschwimm-Programmen. Jedes Programm beinhaltet verschiedene Delphin-Aktivit\u00e4ten, einschlie\u00dflich Delphin-H\u00e4ndesch\u00fctteln und Umarmungen.<\/p>\n<p>An den Wochenenden haben Sie auch Zugang zur Isla del Pirata. Dort k\u00f6nnen Sie auf der fantastischen Pirateninsel spielen, die mit Wassertunneln und Rutschen, Pools f\u00fcr Erwachsene und Kinder sowie einem Whirlpool ausgestattet ist. Au\u00dferdem haben Sie Zugang zu Liegest\u00fchlen, Duschen, Badezimmern und Umkleidekabinen.<\/p>\n<p><strong>Delfin-Begegnung - Anf\u00e4nger<\/strong><\/p>\n<p>Diese Option ist f\u00fcr alle Altersgruppen geeignet. Schwimmen ist optional, denn Sie k\u00f6nnen auf einer Plattform stehen und beobachten, wie die Delfine zu Ihnen kommen. Lassen Sie sich von den Delfinen die Hand sch\u00fctteln und umarmen und beobachten Sie ihre erstaunliche Luftakrobatik. Sie k\u00f6nnen auch mit den Delfinen schwimmen und sie streicheln.<\/p>\n<p><strong>Delphin-Schwimmabenteuer - Fortgeschrittene<\/strong><\/p>\n<p>Diese Option umfasst den Belly Ride, bei dem Sie sich an den Flossen des Delfins festhalten, w\u00e4hrend er r\u00fcckw\u00e4rts \u00fcber das Wasser reitet. Dazu geh\u00f6rt auch der Boogie Push, bei dem der Delfin Sie \u00fcber die Wasseroberfl\u00e4che schiebt, w\u00e4hrend Sie auf einem Boogie Board fahren. Sie bekommen auch einen freundlichen H\u00e4ndedruck und eine Umarmung vom Delphin.<\/p>\n<p><strong>Royal Swim - Fortgeschrittene<\/strong><\/p>\n<p>Diese Aktivit\u00e4t ist das dynamischste Erlebnis, das im Center angeboten wird, und umfasst Besonderheiten wie den Fu\u00dfsto\u00df, bei dem Sie schweben, w\u00e4hrend zwei Delfine Sie aus dem Wasser heben. Versuchen Sie den R\u00fcckenschwimmzug, bei dem Sie von zwei Delfinen \u00fcber das Wasser gezogen werden, w\u00e4hrend Sie ihre Flossen festhalten.<\/p>","protected":false},"excerpt":{"rendered":"<div data-track=\"overview\" data-v-56a1a938=\"\">\n<section id=\"activity-overview\" class=\"activity-overview\" data-component=\"overview\" data-v-56a1a938=\"\" data-v-f3236c42=\"\">\n<p class=\"activity-overview__content\" data-test-id=\"activity-overview-content\" data-v-f3236c42=\"\">Tauchen Sie bei einem von 3 Programmen mit Delfinen ein. Schwimmen und spielen Sie mit den Tieren, beobachten Sie ihre Luftakrobatik und lassen Sie sich von einem Delfin umarmen und die Hand sch\u00fctteln. Sie k\u00f6nnen auch verschiedene Spiele mit den Delfinen spielen.<\/p>\n<\/section>\n<\/div>\n<div data-track=\"key-details\" data-v-56a1a938=\"\"><\/div>","protected":false},"featured_media":10377,"template":"","meta":[],"product_brand":[],"product_cat":[97],"product_tag":[101,102],"class_list":{"0":"post-10180","1":"product","2":"type-product","3":"status-publish","4":"has-post-thumbnail","6":"product_cat-dominican-republic","7":"product_tag-excursion","8":"product_tag-tour","10":"first","11":"instock","12":"sale","13":"shipping-taxable","14":"product-type-external"},"_links":{"self":[{"href":"https:\/\/sabanadelamartours.com\/de\/wp-json\/wp\/v2\/product\/10180","targetHints":{"allow":["GET"]}}],"collection":[{"href":"https:\/\/sabanadelamartours.com\/de\/wp-json\/wp\/v2\/product"}],"about":[{"href":"https:\/\/sabanadelamartours.com\/de\/wp-json\/wp\/v2\/types\/product"}],"version-history":[{"count":2,"href":"https:\/\/sabanadelamartours.com\/de\/wp-json\/wp\/v2\/product\/10180\/revisions"}],"predecessor-version":[{"id":18820,"href":"https:\/\/sabanadelamartours.com\/de\/wp-json\/wp\/v2\/product\/10180\/revisions\/18820"}],"wp:featuredmedia":[{"embeddable":true,"href":"https:\/\/sabanadelamartours.com\/de\/wp-json\/wp\/v2\/media\/10377"}],"wp:attachment":[{"href":"https:\/\/sabanadelamartours.com\/de\/wp-json\/wp\/v2\/media?parent=10180"}],"wp:term":[{"taxonomy":"product_brand","embeddable":true,"href":"https:\/\/sabanadelamartours.com\/de\/wp-json\/wp\/v2\/product_brand?post=10180"},{"taxonomy":"product_cat","embeddable":true,"href":"https:\/\/sabanadelamartours.com\/de\/wp-json\/wp\/v2\/product_cat?post=10180"},{"taxonomy":"product_tag","embeddable":true,"href":"https:\/\/sabanadelamartours.com\/de\/wp-json\/wp\/v2\/product_tag?post=10180"}],"curies":[{"name":"wp","href":"https:\/\/api.w.org\/{rel}","templated":true}]}}