{"id":10187,"date":"2025-12-18T09:26:35","date_gmt":"2025-12-18T09:26:35","guid":{"rendered":"https:\/\/sabanadelamartours.com\/?post_type=product&#038;p=10187"},"modified":"2026-02-09T04:19:37","modified_gmt":"2026-02-09T04:19:37","slug":"schwimmen-mit-delfinen-in-punta-cana","status":"publish","type":"product","link":"https:\/\/sabanadelamartours.com\/de\/tour\/schwimmen-mit-delfinen-in-punta-cana\/","title":{"rendered":"Schwimmen mit Delphinen in Punta Cana"},"content":{"rendered":"<p><strong>Schwimmen mit Delphinen in Punta Cana<\/strong><\/p>\n<p>Wir sind ein Naturpark in Punta Cana, Dominikanische Republik, dessen Hauptattraktion das Schwimmen und die Interaktion mit Delfinen im Meer ist. Unsere Hauptaufgabe ist es, Ihnen ein einzigartiges und unvergessliches Erlebnis zu bieten, w\u00e4hrend Sie etwas \u00fcber die Erhaltung der Artenvielfalt auf dem Land und im Meer lernen.<\/p>\n<p>All dies in einer nat\u00fcrlichen Umgebung von gro\u00dfer Sch\u00f6nheit, wo die \u00fcppige Vegetation auf das warme Wasser des Karibischen Meeres trifft.<\/p>\n<p>Lassen Sie sich von den Impulsen der Natur mitrei\u00dfen und entdecken Sie die vielen M\u00f6glichkeiten, die auf Sie warten!<\/p>\n<p>Sie k\u00f6nnen zwischen unseren verschiedenen Interaktions- oder Schwimmpl\u00e4nen w\u00e4hlen:<\/p>\n<p>Fantastisches Programm<\/p>\n<p>Man muss kein erfahrener Schwimmer sein, um ein sch\u00f6nes Erlebnis mit Delfinen zu haben. Jeder kann an diesem Programm teilnehmen!!!<\/p>\n<p>Einer unserer freundlichen Delfine wird Sie mit seinen freundlichen Flossen begr\u00fc\u00dfen und dann k\u00f6nnen Sie den magischen Moment genie\u00dfen, einen Delfin zu k\u00fcssen.<\/p>\n<p>* Es ist f\u00fcr maximal 20 Personen pro Gruppe ausgelegt.<\/p>\n<p>* Zeit im Wasser: 40 Minuten<\/p>\n<p>*Beinhaltet Aktivit\u00e4t mit 1 (einem) Delphin<\/p>\n<p>* Konzipiert f\u00fcr alle Arten von Schwimmern, vom Anf\u00e4nger bis zum Experten<\/p>\n<p>Entdeckerprogramm Abenteuer ist das, was Sie bei diesem Programm erleben! Mach dich bereit, mit unseren freundlichen Delfinen zu schwimmen und entdecke ihre erstaunliche St\u00e4rke, gepaart mit Sanftmut.<\/p>\n<p>50 Minuten lang tanzen und spielen Sie im Wasser mit den Delfinen und erhalten anschlie\u00dfend einen z\u00e4rtlichen Delfinkuss. Sie werden auch Interaktionen wie den Bauch- und R\u00fcckenritt durchf\u00fchren.<\/p>\n<p>Programm f\u00fcr maximal 12 Personen pro Gruppe Dieses Programm wurde f\u00fcr Schwimmer mit mittlerem Niveau und dar\u00fcber entwickelt.<\/p>\n<p>Exzellenz-Programm<\/p>\n<p>Unter der Anleitung unserer Trainer lernen Sie den Footpush, bei dem die Delfine Sie mit voller Geschwindigkeit anschieben. Sie werden auch die unglaubliche Erfahrung machen, mit beiden Delfinen einen Ritt auf dem R\u00fccken zu machen. Sie werden bewundern k\u00f6nnen, wie die Delfine \u00fcber Sie springen.<\/p>\n<p>Zeit im Wasser, 60 Minuten Dieses Programm ist f\u00fcr maximal 10 Personen pro Gruppe ausgelegt. Es werden zwei Delphine pro Gruppe sein. F\u00fcr Leute, die ein mittleres Niveau und mehr haben, um zu schwimmen<\/p>","protected":false},"excerpt":{"rendered":"<div data-track=\"overview\" data-v-83a2b402=\"\">\n<section id=\"activity-overview\" class=\"activity-overview\" data-component=\"overview\" data-v-83a2b402=\"\" data-v-f3236c42=\"\">\n<p class=\"activity-overview__content\" data-test-id=\"activity-overview-content\" data-v-f3236c42=\"\">- Genie\u00dfen Sie ein unvergleichliches und unvergessliches Erlebnis mit den Delfinen.<\/p>\n<\/section>\n<\/div>\n<div data-track=\"key-details\" data-v-83a2b402=\"\"><\/div>","protected":false},"featured_media":10474,"template":"","meta":[],"product_brand":[],"product_cat":[97],"product_tag":[101,102],"class_list":{"0":"post-10187","1":"product","2":"type-product","3":"status-publish","4":"has-post-thumbnail","6":"product_cat-dominican-republic","7":"product_tag-excursion","8":"product_tag-tour","10":"first","11":"instock","12":"sale","13":"shipping-taxable","14":"product-type-external"},"_links":{"self":[{"href":"https:\/\/sabanadelamartours.com\/de\/wp-json\/wp\/v2\/product\/10187","targetHints":{"allow":["GET"]}}],"collection":[{"href":"https:\/\/sabanadelamartours.com\/de\/wp-json\/wp\/v2\/product"}],"about":[{"href":"https:\/\/sabanadelamartours.com\/de\/wp-json\/wp\/v2\/types\/product"}],"version-history":[{"count":1,"href":"https:\/\/sabanadelamartours.com\/de\/wp-json\/wp\/v2\/product\/10187\/revisions"}],"predecessor-version":[{"id":18825,"href":"https:\/\/sabanadelamartours.com\/de\/wp-json\/wp\/v2\/product\/10187\/revisions\/18825"}],"wp:featuredmedia":[{"embeddable":true,"href":"https:\/\/sabanadelamartours.com\/de\/wp-json\/wp\/v2\/media\/10474"}],"wp:attachment":[{"href":"https:\/\/sabanadelamartours.com\/de\/wp-json\/wp\/v2\/media?parent=10187"}],"wp:term":[{"taxonomy":"product_brand","embeddable":true,"href":"https:\/\/sabanadelamartours.com\/de\/wp-json\/wp\/v2\/product_brand?post=10187"},{"taxonomy":"product_cat","embeddable":true,"href":"https:\/\/sabanadelamartours.com\/de\/wp-json\/wp\/v2\/product_cat?post=10187"},{"taxonomy":"product_tag","embeddable":true,"href":"https:\/\/sabanadelamartours.com\/de\/wp-json\/wp\/v2\/product_tag?post=10187"}],"curies":[{"name":"wp","href":"https:\/\/api.w.org\/{rel}","templated":true}]}}