{"id":10188,"date":"2025-12-18T09:26:35","date_gmt":"2025-12-18T09:26:35","guid":{"rendered":"https:\/\/sabanadelamartours.com\/?post_type=product&#038;p=10188"},"modified":"2026-01-10T16:06:06","modified_gmt":"2026-01-10T16:06:06","slug":"-5","status":"publish","type":"product","link":"https:\/\/sabanadelamartours.com\/de\/tour\/-5\/","title":{"rendered":"Punta Cana: Coco Bongo Nightclub Erlebnis mit Transfer"},"content":{"rendered":"<p>Tauchen Sie ein in eine Nacht voller Musik, Konfetti, Spezialeffekte, Lichtshows und Nonstop-Action im Coco Bongo. W\u00e4hlen Sie zwischen Open Bar und Gold Member. Je nach gew\u00e4hlter Option genie\u00dfen Sie die ganze Nacht \u00fcber verschiedene Vorteile, wie nationale Getr\u00e4nke, Premium-Getr\u00e4nke und vieles mehr.<\/p>\n<p>Das Coco Bongo ist bekannt f\u00fcr seine glitzernden Darbietungen und seine Musik, die Sie garantiert auf die Tanzfl\u00e4che bringt. Sobald die Lichter gedimmt sind, geht die Show erst richtig los. Dann f\u00e4llt glitzerndes Konfetti vom Himmel und Tribute Acts betreten die B\u00fchne und bringen das Beste von Madonna, Michael Jackson und Beyonc\u00e9.<\/p>\n<p>Wenn Sie das Nachtleben, das Tanzen und tropische Cocktails lieben, dann m\u00fcssen Sie das Coco Bongo Punta Cana einfach erleben.<\/p>","protected":false},"excerpt":{"rendered":"<div data-track=\"overview\" data-v-83a2b402=\"\">\n<section id=\"activity-overview\" class=\"activity-overview\" data-component=\"overview\" data-v-83a2b402=\"\" data-v-f3236c42=\"\">\n<p class=\"activity-overview__content\" data-test-id=\"activity-overview-content\" data-v-f3236c42=\"\">Genie\u00dfen Sie das Spektakel in einem der ber\u00fchmtesten Nachtclubs Lateinamerikas. Die N\u00e4chte im Coco Bongo sind magisch, mit einem vielf\u00e4ltigen Showcase und einer gro\u00dfen Vielfalt an wechselnden Szenarien.<\/p>\n<\/section>\n<\/div>\n<div data-track=\"key-details\" data-v-83a2b402=\"\"><\/div>","protected":false},"featured_media":10482,"template":"","meta":[],"product_brand":[],"product_cat":[97],"product_tag":[101,102],"class_list":{"0":"post-10188","1":"product","2":"type-product","3":"status-publish","4":"has-post-thumbnail","6":"product_cat-dominican-republic","7":"product_tag-excursion","8":"product_tag-tour","10":"first","11":"instock","12":"shipping-taxable","13":"product-type-external"},"_links":{"self":[{"href":"https:\/\/sabanadelamartours.com\/de\/wp-json\/wp\/v2\/product\/10188","targetHints":{"allow":["GET"]}}],"collection":[{"href":"https:\/\/sabanadelamartours.com\/de\/wp-json\/wp\/v2\/product"}],"about":[{"href":"https:\/\/sabanadelamartours.com\/de\/wp-json\/wp\/v2\/types\/product"}],"version-history":[{"count":1,"href":"https:\/\/sabanadelamartours.com\/de\/wp-json\/wp\/v2\/product\/10188\/revisions"}],"predecessor-version":[{"id":18415,"href":"https:\/\/sabanadelamartours.com\/de\/wp-json\/wp\/v2\/product\/10188\/revisions\/18415"}],"wp:featuredmedia":[{"embeddable":true,"href":"https:\/\/sabanadelamartours.com\/de\/wp-json\/wp\/v2\/media\/10482"}],"wp:attachment":[{"href":"https:\/\/sabanadelamartours.com\/de\/wp-json\/wp\/v2\/media?parent=10188"}],"wp:term":[{"taxonomy":"product_brand","embeddable":true,"href":"https:\/\/sabanadelamartours.com\/de\/wp-json\/wp\/v2\/product_brand?post=10188"},{"taxonomy":"product_cat","embeddable":true,"href":"https:\/\/sabanadelamartours.com\/de\/wp-json\/wp\/v2\/product_cat?post=10188"},{"taxonomy":"product_tag","embeddable":true,"href":"https:\/\/sabanadelamartours.com\/de\/wp-json\/wp\/v2\/product_tag?post=10188"}],"curies":[{"name":"wp","href":"https:\/\/api.w.org\/{rel}","templated":true}]}}