{"id":10299,"date":"2025-12-18T09:29:59","date_gmt":"2025-12-18T09:29:59","guid":{"rendered":"https:\/\/sabanadelamartours.com\/?post_type=product&#038;p=10299"},"modified":"2026-02-09T06:02:30","modified_gmt":"2026-02-09T06:02:30","slug":"von-barahona-larimar-mine-tour","status":"publish","type":"product","link":"https:\/\/sabanadelamartours.com\/de\/tour\/von-barahona-larimar-mine-tour\/","title":{"rendered":"Von Barahona aus: Larimar Mine Tour"},"content":{"rendered":"<p>Nachdem Sie von Ihrem Hotel in der Region Barahona abgeholt wurden, fahren Sie entlang der spektakul\u00e4ren K\u00fcstenstra\u00dfe nach Bahoruco. Gut versteckt in den Bergen besuchen Sie die einzige Larimar-Mine der Welt, einen blauen Stein, den es nur in der Dominikanischen Republik gibt. Dieser 1974 entdeckte Stein ist kratzfest und sehr leicht zu polieren und wird f\u00fcr die Herstellung einzigartig sch\u00f6ner Schmuckst\u00fccke verwendet. In der Mine angekommen, haben Sie die M\u00f6glichkeit, das Gel\u00e4nde zu besichtigen und mit den Minenarbeitern zu sprechen, bevor Sie ein erfrischendes Bad im Wasser eines nat\u00fcrlichen Pools nehmen, bevor Sie zu Ihrer Unterkunft in Barahona zur\u00fcckkehren.<\/p>","protected":false},"excerpt":{"rendered":"<p>Besuchen Sie die einzige Larimar-Mine der Welt. Treffen Sie die Bergleute und erfahren Sie mehr \u00fcber den Abbau dieses besonderen blauen Steins.<\/p>","protected":false},"featured_media":10686,"template":"","meta":[],"product_brand":[],"product_cat":[97],"product_tag":[101,102],"class_list":{"0":"post-10299","1":"product","2":"type-product","3":"status-publish","4":"has-post-thumbnail","6":"product_cat-dominican-republic","7":"product_tag-excursion","8":"product_tag-tour","10":"first","11":"instock","12":"shipping-taxable","13":"product-type-external"},"_links":{"self":[{"href":"https:\/\/sabanadelamartours.com\/de\/wp-json\/wp\/v2\/product\/10299","targetHints":{"allow":["GET"]}}],"collection":[{"href":"https:\/\/sabanadelamartours.com\/de\/wp-json\/wp\/v2\/product"}],"about":[{"href":"https:\/\/sabanadelamartours.com\/de\/wp-json\/wp\/v2\/types\/product"}],"version-history":[{"count":1,"href":"https:\/\/sabanadelamartours.com\/de\/wp-json\/wp\/v2\/product\/10299\/revisions"}],"predecessor-version":[{"id":18874,"href":"https:\/\/sabanadelamartours.com\/de\/wp-json\/wp\/v2\/product\/10299\/revisions\/18874"}],"wp:featuredmedia":[{"embeddable":true,"href":"https:\/\/sabanadelamartours.com\/de\/wp-json\/wp\/v2\/media\/10686"}],"wp:attachment":[{"href":"https:\/\/sabanadelamartours.com\/de\/wp-json\/wp\/v2\/media?parent=10299"}],"wp:term":[{"taxonomy":"product_brand","embeddable":true,"href":"https:\/\/sabanadelamartours.com\/de\/wp-json\/wp\/v2\/product_brand?post=10299"},{"taxonomy":"product_cat","embeddable":true,"href":"https:\/\/sabanadelamartours.com\/de\/wp-json\/wp\/v2\/product_cat?post=10299"},{"taxonomy":"product_tag","embeddable":true,"href":"https:\/\/sabanadelamartours.com\/de\/wp-json\/wp\/v2\/product_tag?post=10299"}],"curies":[{"name":"wp","href":"https:\/\/api.w.org\/{rel}","templated":true}]}}