{"id":10323,"date":"2025-12-18T09:31:24","date_gmt":"2025-12-18T09:31:24","guid":{"rendered":"https:\/\/sabanadelamartours.com\/?post_type=product&#038;p=10323"},"modified":"2026-02-09T06:09:09","modified_gmt":"2026-02-09T06:09:09","slug":"-8","status":"publish","type":"product","link":"https:\/\/sabanadelamartours.com\/de\/tour\/-8\/","title":{"rendered":"Fahrradverleih in Puerto Plata"},"content":{"rendered":"<p>Erkunden Sie Puerto Plata auf zwei R\u00e4dern und erleben Sie eine einzigartige Erfahrung mit unserem Fahrradverleih in der Playa Dorada Mall! Wir von unserem Reiseveranstalter sind stolz darauf, Ihnen eine aufregende M\u00f6glichkeit zu bieten, den Charme dieser wundersch\u00f6nen Region der Dominikanischen Republik zu entdecken.<\/p>\n<p>Unsere Fahrr\u00e4der befinden sich strategisch g\u00fcnstig in der Playa Dorada Mall, so dass Sie Ihr Abenteuer direkt im Herzen des Geschehens beginnen k\u00f6nnen. Von hier aus k\u00f6nnen Sie leicht die majest\u00e4tischen goldenen Sandstr\u00e4nde erreichen, charmante St\u00e4dte erkunden und die lebhaften kulturellen Aktivit\u00e4ten genie\u00dfen, die Puerto Plata zu bieten hat.<\/p>\n<p>Wenn Sie eines unserer Fahrr\u00e4der mieten, tauchen Sie in die Authentizit\u00e4t der Region ein. So k\u00f6nnen Sie in Ihrem eigenen Tempo auf Entdeckungstour gehen und versteckte Sch\u00e4tze entdecken, die Sie sonst vielleicht \u00fcbersehen w\u00fcrden. Au\u00dferdem haben Sie die Freiheit, Ihre eigene Reiseroute zu gestalten, anzuhalten, wo immer Sie wollen, und unvergessliche Momente auf dem Weg zu erhaschen.<\/p>\n<p>Unsere Fahrr\u00e4der sind von h\u00f6chster Qualit\u00e4t und werden regelm\u00e4\u00dfig gewartet und gepflegt, um ein sicheres und komfortables Erlebnis zu gew\u00e4hrleisten. Egal, ob Sie sich f\u00fcr ein Mountainbike entscheiden, um die Natur zu erkunden, oder f\u00fcr ein Stadtrad, um die Stra\u00dfen der Stadt zu erkunden, wir haben f\u00fcr jeden Reisetyp die perfekte Option.<\/p>\n<p>Abgesehen von der Freiheit und der Qualit\u00e4t unserer Fahrr\u00e4der bietet das Mieten bei uns exklusive Vorteile. Wir stellen Ihnen detaillierte Karten mit Routenvorschl\u00e4gen zur Verf\u00fcgung, auf denen Sehensw\u00fcrdigkeiten und lokale Empfehlungen verzeichnet sind. Au\u00dferdem bieten wir Ihnen zus\u00e4tzliche Dienstleistungen wie den Verleih von Helmen und Sicherheitsschl\u00f6ssern, damit Sie sich w\u00e4hrend Ihrer Tour wohlf\u00fchlen und keine Sorgen machen m\u00fcssen.<\/p>\n<p>Entdecken Sie Puerto Plata auf eine einzigartige, aktive und umweltfreundliche Weise mit unserem Fahrradverleih in der Playa Dorada Mall. Begeben Sie sich auf ein unvergessliches Erlebnis, w\u00e4hrend Sie mit uns die Sch\u00e4tze dieser unglaublichen Region erkunden!<\/p>","protected":false},"excerpt":{"rendered":"<div data-track=\"overview\" data-v-83a2b402=\"\">\n<section id=\"activity-overview\" class=\"activity-overview\" data-component=\"overview\" data-v-83a2b402=\"\" data-v-f3236c42=\"\">\n<p class=\"activity-overview__content\" data-test-id=\"activity-overview-content\" data-v-f3236c42=\"\">Entdecken Sie Puerto Plata auf eine einzigartige und aufregende Art und Weise, indem Sie unsere Fahrr\u00e4der in der Playa Dorada Mall ausleihen.<\/p>\n<\/section>\n<\/div>\n<div data-track=\"key-details\" data-v-83a2b402=\"\"><\/div>","protected":false},"featured_media":10714,"template":"","meta":[],"product_brand":[],"product_cat":[97],"product_tag":[101,102],"class_list":{"0":"post-10323","1":"product","2":"type-product","3":"status-publish","4":"has-post-thumbnail","6":"product_cat-dominican-republic","7":"product_tag-excursion","8":"product_tag-tour","10":"first","11":"instock","12":"shipping-taxable","13":"product-type-external"},"_links":{"self":[{"href":"https:\/\/sabanadelamartours.com\/de\/wp-json\/wp\/v2\/product\/10323","targetHints":{"allow":["GET"]}}],"collection":[{"href":"https:\/\/sabanadelamartours.com\/de\/wp-json\/wp\/v2\/product"}],"about":[{"href":"https:\/\/sabanadelamartours.com\/de\/wp-json\/wp\/v2\/types\/product"}],"version-history":[{"count":1,"href":"https:\/\/sabanadelamartours.com\/de\/wp-json\/wp\/v2\/product\/10323\/revisions"}],"predecessor-version":[{"id":18875,"href":"https:\/\/sabanadelamartours.com\/de\/wp-json\/wp\/v2\/product\/10323\/revisions\/18875"}],"wp:featuredmedia":[{"embeddable":true,"href":"https:\/\/sabanadelamartours.com\/de\/wp-json\/wp\/v2\/media\/10714"}],"wp:attachment":[{"href":"https:\/\/sabanadelamartours.com\/de\/wp-json\/wp\/v2\/media?parent=10323"}],"wp:term":[{"taxonomy":"product_brand","embeddable":true,"href":"https:\/\/sabanadelamartours.com\/de\/wp-json\/wp\/v2\/product_brand?post=10323"},{"taxonomy":"product_cat","embeddable":true,"href":"https:\/\/sabanadelamartours.com\/de\/wp-json\/wp\/v2\/product_cat?post=10323"},{"taxonomy":"product_tag","embeddable":true,"href":"https:\/\/sabanadelamartours.com\/de\/wp-json\/wp\/v2\/product_tag?post=10323"}],"curies":[{"name":"wp","href":"https:\/\/api.w.org\/{rel}","templated":true}]}}