{"id":10702,"date":"2025-12-18T09:44:01","date_gmt":"2025-12-18T09:44:01","guid":{"rendered":"https:\/\/sabanadelamartours.com\/?post_type=product&#038;p=10702"},"modified":"2026-01-05T16:03:07","modified_gmt":"2026-01-05T16:03:07","slug":"cayo-arena-paradiesische-insel-und-mangroven-tour-2","status":"publish","type":"product","link":"https:\/\/sabanadelamartours.com\/de\/tour\/cayo-arena-paradiesische-insel-und-mangroven-tour-2\/","title":{"rendered":"Cayo Arena: Paradiesinsel und Mangroven Tour"},"content":{"rendered":"<div class=\"woocommerce-product-details__short-description\">\n<div data-track=\"overview\" data-v-83a2b402=\"\">\n<section id=\"activity-overview\" class=\"activity-overview\" data-component=\"overview\" data-v-83a2b402=\"\" data-v-f3236c42=\"\">\n<p data-test-id=\"activity-overview-content\" data-v-f3236c42=\"\"><strong>Cayo Arena: Paradiesinsel und Mangroven Tour<\/strong><\/p>\n<p class=\"activity-overview__content\" data-test-id=\"activity-overview-content\" data-v-f3236c42=\"\">Erkunden Sie die Nordk\u00fcste der Dominikanischen Republik und faulenzen Sie am wei\u00dfen Sandstrand von Cayo Arena. Schwimmen und schnorcheln Sie mit den bunten Meeresbewohnern in kristallklarem Wasser, machen Sie eine Schnellboottour zum Monte Cristi<\/p>\n<\/section>\n<\/div>\n<\/div>\n<p>Genie\u00dfen Sie die herrliche Aussicht auf die Landschaft, bevor Sie an Bord eines Schnellbootes nach Cayo Arena fahren.<\/p>\n<p>Lassen Sie sich vom t\u00fcrkisfarbenen Wasser und dem wei\u00dfen Sand der paradiesischen Insel begr\u00fc\u00dfen. Gehen Sie an Land, um Ihre Zehen in den Sand zu stecken und Ihre Br\u00e4une aufzufrischen. Bestaunen Sie die farbenfrohe Unterwasserwelt und die Koralleng\u00e4rten bei einer optionalen gef\u00fchrten Schnorcheltour und genie\u00dfen Sie eine Auswahl an frischen Fr\u00fcchten und Getr\u00e4nken.<\/p>\n<p>Fahren Sie mit dem Schnellboot durch den dichten Mangrovenwald des Monte-Cristi-Nationalparks und halten Sie Ausschau nach den zahlreichen Wildtieren in den Lagunen und Kan\u00e4len. Auf einem lokalen Markt erhalten Sie einen Eindruck vom Inselleben, bevor Sie mit dem Schnellboot zur\u00fcck zum Festland fahren.<\/p>\n<p class=\"p1\"><span class=\"s1\">Cayo Arena, also known as Cayo Paraiso, is a 25-minute boat ride from the departure point in Punta Rucia, located northwest of Puerto Plata. <\/span><\/p>\n<p class=\"p1\"><span class=\"s1\">This sandbar sits in the middle of the bright blue ocean, with fine white sand and shallow waters teeming with tropical fish, ideal for snorkelers of any level, or you can also choose to scuba dive. Most tour operators offer round-trip transportation from Puerto Plata, including boats that will take you to the cay with snorkeling equipment included.<\/span><\/p>","protected":false},"excerpt":{"rendered":"<div data-track=\"overview\" data-v-83a2b402=\"\">\n<section id=\"activity-overview\" class=\"activity-overview\" data-component=\"overview\" data-v-83a2b402=\"\" data-v-f3236c42=\"\">\n<p class=\"activity-overview__content\" data-test-id=\"activity-overview-content\" data-v-f3236c42=\"\">Erkunden Sie die Nordk\u00fcste der Dominikanischen Republik und faulenzen Sie am wei\u00dfen Sandstrand von Cayo Arena. Schwimmen und schnorcheln Sie mit den bunten Meeresbewohnern in kristallklarem Wasser, machen Sie eine Schnellboottour zum Monte Cristi<\/p>\n<\/section>\n<\/div>\n<div data-track=\"key-details\" data-v-83a2b402=\"\"><\/div>","protected":false},"featured_media":11014,"template":"","meta":[],"product_brand":[],"product_cat":[97],"product_tag":[101,102],"class_list":{"0":"post-10702","1":"product","2":"type-product","3":"status-publish","4":"has-post-thumbnail","6":"product_cat-dominican-republic","7":"product_tag-excursion","8":"product_tag-tour","10":"first","11":"instock","12":"sale","13":"shipping-taxable","14":"product-type-external"},"_links":{"self":[{"href":"https:\/\/sabanadelamartours.com\/de\/wp-json\/wp\/v2\/product\/10702","targetHints":{"allow":["GET"]}}],"collection":[{"href":"https:\/\/sabanadelamartours.com\/de\/wp-json\/wp\/v2\/product"}],"about":[{"href":"https:\/\/sabanadelamartours.com\/de\/wp-json\/wp\/v2\/types\/product"}],"version-history":[{"count":1,"href":"https:\/\/sabanadelamartours.com\/de\/wp-json\/wp\/v2\/product\/10702\/revisions"}],"predecessor-version":[{"id":18450,"href":"https:\/\/sabanadelamartours.com\/de\/wp-json\/wp\/v2\/product\/10702\/revisions\/18450"}],"wp:featuredmedia":[{"embeddable":true,"href":"https:\/\/sabanadelamartours.com\/de\/wp-json\/wp\/v2\/media\/11014"}],"wp:attachment":[{"href":"https:\/\/sabanadelamartours.com\/de\/wp-json\/wp\/v2\/media?parent=10702"}],"wp:term":[{"taxonomy":"product_brand","embeddable":true,"href":"https:\/\/sabanadelamartours.com\/de\/wp-json\/wp\/v2\/product_brand?post=10702"},{"taxonomy":"product_cat","embeddable":true,"href":"https:\/\/sabanadelamartours.com\/de\/wp-json\/wp\/v2\/product_cat?post=10702"},{"taxonomy":"product_tag","embeddable":true,"href":"https:\/\/sabanadelamartours.com\/de\/wp-json\/wp\/v2\/product_tag?post=10702"}],"curies":[{"name":"wp","href":"https:\/\/api.w.org\/{rel}","templated":true}]}}