{"id":10760,"date":"2025-12-18T09:46:14","date_gmt":"2025-12-18T09:46:14","guid":{"rendered":"https:\/\/sabanadelamartours.com\/?post_type=product&#038;p=10760"},"modified":"2026-02-09T05:04:46","modified_gmt":"2026-02-09T05:04:46","slug":"punta-cana-dolphin-explorer-schwimmt-und-begegnet","status":"publish","type":"product","link":"https:\/\/sabanadelamartours.com\/de\/tour\/punta-cana-dolphin-explorer-schwimmt-und-begegnet\/","title":{"rendered":"Punta Cana: Dolphin Explorer Schwimmen und Begegnungen"},"content":{"rendered":"<h5 class=\"product_title entry-title\"><span style=\"font-size: 12pt;\">Punta Cana: Dolphin Explorer Schwimmen und Begegnungen<\/span><\/h5>\n<p>Genie\u00dfen Sie das einzigartige Erlebnis, mit Delfinen in Punta Cana zu schwimmen. Bei diesem unvergesslichen Erlebnis spielen Sie mit Delfinen, die Sie umarmen und anschmiegen und ihre akrobatischen Kunstst\u00fccke vorf\u00fchren.<\/p>\n<p>Sie haben auch Zugang zur Seel\u00f6wen- und Vogelshow. Dort k\u00f6nnen Sie auf der fantastischen Pirateninsel spielen. Es gibt auch Duschen, Badezimmer und Umkleider\u00e4ume.<\/p>\n<p>Schwimmen ist optional, denn Sie k\u00f6nnen auf einer Plattform stehen und beobachten, wie die Delfine zu Ihnen kommen. Lassen Sie sich von den Delfinen die Hand sch\u00fctteln und umarmen und beobachten Sie ihre erstaunliche Luftakrobatik. Sie k\u00f6nnen auch mit den Delfinen schwimmen und sie streicheln.<\/p>\n<p>Sie k\u00f6nnen Ihr Delphin-Erlebnis vor Ort erweitern.<\/p>","protected":false},"excerpt":{"rendered":"<div data-track=\"overview\" data-v-83a2b402=\"\">\n<section id=\"activity-overview\" class=\"activity-overview\" data-component=\"overview\" data-v-83a2b402=\"\" data-v-f3236c42=\"\">\n<p class=\"activity-overview__content\" data-test-id=\"activity-overview-content\" data-v-f3236c42=\"\">Tauchen Sie bei einem von 3 Programmen mit Delfinen ein. Schwimmen und spielen Sie mit den Tieren, beobachten Sie ihre Luftakrobatik und lassen Sie sich von einem Delfin umarmen und die Hand sch\u00fctteln. Sie k\u00f6nnen auch verschiedene Spiele mit den Delfinen spielen.<\/p>\n<\/section>\n<\/div>\n<div data-track=\"key-details\" data-v-83a2b402=\"\"><\/div>","protected":false},"featured_media":11111,"template":"","meta":[],"product_brand":[],"product_cat":[97],"product_tag":[101,102],"class_list":{"0":"post-10760","1":"product","2":"type-product","3":"status-publish","4":"has-post-thumbnail","6":"product_cat-dominican-republic","7":"product_tag-excursion","8":"product_tag-tour","10":"first","11":"instock","12":"sale","13":"shipping-taxable","14":"product-type-external"},"_links":{"self":[{"href":"https:\/\/sabanadelamartours.com\/de\/wp-json\/wp\/v2\/product\/10760","targetHints":{"allow":["GET"]}}],"collection":[{"href":"https:\/\/sabanadelamartours.com\/de\/wp-json\/wp\/v2\/product"}],"about":[{"href":"https:\/\/sabanadelamartours.com\/de\/wp-json\/wp\/v2\/types\/product"}],"version-history":[{"count":1,"href":"https:\/\/sabanadelamartours.com\/de\/wp-json\/wp\/v2\/product\/10760\/revisions"}],"predecessor-version":[{"id":18849,"href":"https:\/\/sabanadelamartours.com\/de\/wp-json\/wp\/v2\/product\/10760\/revisions\/18849"}],"wp:featuredmedia":[{"embeddable":true,"href":"https:\/\/sabanadelamartours.com\/de\/wp-json\/wp\/v2\/media\/11111"}],"wp:attachment":[{"href":"https:\/\/sabanadelamartours.com\/de\/wp-json\/wp\/v2\/media?parent=10760"}],"wp:term":[{"taxonomy":"product_brand","embeddable":true,"href":"https:\/\/sabanadelamartours.com\/de\/wp-json\/wp\/v2\/product_brand?post=10760"},{"taxonomy":"product_cat","embeddable":true,"href":"https:\/\/sabanadelamartours.com\/de\/wp-json\/wp\/v2\/product_cat?post=10760"},{"taxonomy":"product_tag","embeddable":true,"href":"https:\/\/sabanadelamartours.com\/de\/wp-json\/wp\/v2\/product_tag?post=10760"}],"curies":[{"name":"wp","href":"https:\/\/api.w.org\/{rel}","templated":true}]}}