{"id":10790,"date":"2025-12-18T09:47:37","date_gmt":"2025-12-18T09:47:37","guid":{"rendered":"https:\/\/sabanadelamartours.com\/?post_type=product&#038;p=10790"},"modified":"2025-12-18T10:00:45","modified_gmt":"2025-12-18T10:00:45","slug":"-28","status":"publish","type":"product","link":"https:\/\/sabanadelamartours.com\/de\/tour\/-28\/","title":{"rendered":"Erkunden Sie Hig\u00fcey: Halbt\u00e4gige kulturelle Tour von Punta Cana"},"content":{"rendered":"<div class=\"toggle-content__content toggle-content__content--expanded toggle-content__content--packable\" data-v-59485d64=\"\">\n<div data-test-id=\"activity-full-description-text\" data-v-5835c99c=\"\">Erkunden Sie Hig\u00fcey: Halbt\u00e4gige kulturelle Tour von Punta Cana<\/div>\n<div data-test-id=\"activity-full-description-text\" data-v-5835c99c=\"\"><\/div>\n<div data-test-id=\"activity-full-description-text\" data-v-5835c99c=\"\">Begeben Sie sich auf eine private Tour, die Sie in die reiche Geschichte und Kultur der Dominikanischen Republik eintauchen l\u00e4sst. Entdecken Sie Hig\u00fcey, eine Stadt mit einem mehr als 500 Jahre alten Erbe, und bestaunen Sie die imposante Basilika Unserer Lieben Frau von Altagracia, ein Symbol des katholischen Glaubens im Land. Genie\u00dfen Sie ein erfrischendes Bad im kristallklaren Wasser des wundersch\u00f6nen Strandes von Macau und tauchen Sie mit unserem fachkundigen Reiseleiter in authentische dominikanische Traditionen ein.<\/div>\n<div data-test-id=\"activity-full-description-text\" data-v-5835c99c=\"\"><\/div>\n<div data-test-id=\"activity-full-description-text\" data-v-5835c99c=\"\">H\u00f6hepunkte der Tour:<\/div>\n<div data-test-id=\"activity-full-description-text\" data-v-5835c99c=\"\"><\/div>\n<div data-test-id=\"activity-full-description-text\" data-v-5835c99c=\"\">Eine bereichernde Reise durch die dominikanische Geschichte und Kultur.<\/div>\n<div data-test-id=\"activity-full-description-text\" data-v-5835c99c=\"\"><\/div>\n<div data-test-id=\"activity-full-description-text\" data-v-5835c99c=\"\">Erkunden Sie die alte Stadt Hig\u00fcey und ihre pr\u00e4chtige Kathedrale. Entspannen Sie sich bei einem Bad im karibischen Meer am Strand von Macau.<\/div>\n<div data-test-id=\"activity-full-description-text\" data-v-5835c99c=\"\"><\/div>\n<div data-test-id=\"activity-full-description-text\" data-v-5835c99c=\"\">Genie\u00dfen Sie ein pers\u00f6nliches Erlebnis mit einem privaten F\u00fchrer und einem exklusiven Fahrzeug.<\/div>\n<\/div>\n<div class=\"toggle-content__label-placeholder\" data-v-59485d64=\"\"><\/div>","protected":false},"excerpt":{"rendered":"<div data-track=\"overview\" data-v-83a2b402=\"\">\n<section id=\"activity-overview\" class=\"activity-overview\" data-component=\"overview\" data-v-83a2b402=\"\" data-v-f3236c42=\"\">\n<p class=\"activity-overview__content\" data-test-id=\"activity-overview-content\" data-v-f3236c42=\"\">Entdecken Sie Hig\u00fcey von Punta Cana aus auf unserer halbt\u00e4gigen Kulturreise. Besuchen Sie emblematische Orte und tauchen Sie in die dominikanische Geschichte und Kultur ein. Eine bereichernde Erfahrung in nur ein paar Stunden!<\/p>\n<\/section>\n<\/div>\n<div data-track=\"key-details\" data-v-83a2b402=\"\"><\/div>","protected":false},"featured_media":11128,"template":"","meta":[],"product_brand":[],"product_cat":[77],"product_tag":[],"class_list":{"0":"post-10790","1":"product","2":"type-product","3":"status-publish","4":"has-post-thumbnail","6":"product_cat-uncategorized","8":"first","9":"instock","10":"sale","11":"shipping-taxable","12":"product-type-external"},"_links":{"self":[{"href":"https:\/\/sabanadelamartours.com\/de\/wp-json\/wp\/v2\/product\/10790","targetHints":{"allow":["GET"]}}],"collection":[{"href":"https:\/\/sabanadelamartours.com\/de\/wp-json\/wp\/v2\/product"}],"about":[{"href":"https:\/\/sabanadelamartours.com\/de\/wp-json\/wp\/v2\/types\/product"}],"version-history":[{"count":0,"href":"https:\/\/sabanadelamartours.com\/de\/wp-json\/wp\/v2\/product\/10790\/revisions"}],"wp:featuredmedia":[{"embeddable":true,"href":"https:\/\/sabanadelamartours.com\/de\/wp-json\/wp\/v2\/media\/11128"}],"wp:attachment":[{"href":"https:\/\/sabanadelamartours.com\/de\/wp-json\/wp\/v2\/media?parent=10790"}],"wp:term":[{"taxonomy":"product_brand","embeddable":true,"href":"https:\/\/sabanadelamartours.com\/de\/wp-json\/wp\/v2\/product_brand?post=10790"},{"taxonomy":"product_cat","embeddable":true,"href":"https:\/\/sabanadelamartours.com\/de\/wp-json\/wp\/v2\/product_cat?post=10790"},{"taxonomy":"product_tag","embeddable":true,"href":"https:\/\/sabanadelamartours.com\/de\/wp-json\/wp\/v2\/product_tag?post=10790"}],"curies":[{"name":"wp","href":"https:\/\/api.w.org\/{rel}","templated":true}]}}