{"id":10912,"date":"2025-12-18T09:52:04","date_gmt":"2025-12-18T09:52:04","guid":{"rendered":"https:\/\/sabanadelamartours.com\/?post_type=product&#038;p=10912"},"modified":"2026-01-05T16:26:50","modified_gmt":"2026-01-05T16:26:50","slug":"-37","status":"publish","type":"product","link":"https:\/\/sabanadelamartours.com\/de\/tour\/-37\/","title":{"rendered":"Punta Cana: Schnellboot- und Schnorcheltour mit Hotelabholung"},"content":{"rendered":"<p>Punta Cana: Schnellboot- und Schnorcheltour mit Hotelabholung<\/p>\n<p>Erleben Sie das Beste von Punta Cana auf einer kombinierten Tour, die Ihnen die ganze Sch\u00f6nheit und die Wunder der Karibik zeigt. Segeln Sie in einem Hochgeschwindigkeitsboot entlang der K\u00fcste von B\u00e1varo-Punta Cana und tauchen Sie mit der Schnorcheloption in Welten unter der Oberfl\u00e4che ein.<\/p>\n<p>Erleben Sie die atemberaubenden Naturlandschaften des bayerischen Korallenriffs und haben Sie die M\u00f6glichkeit, mit den tropischen Meeresbewohnern zu schwimmen, w\u00e4hrend Sie auf dem Meeresgrund navigieren. Erleben Sie den Adrenalinschub beim Fahren entlang der t\u00fcrkisfarbenen K\u00fcste und genie\u00dfen Sie die k\u00fchle Meeresbrise an einem sch\u00f6nen sonnigen Tag.<\/p>\n<p>Schnorcheln Sie vor dem Bayerischen Riff und entlang des Meeresbodens unter Anleitung Ihres zertifizierten F\u00fchrers. Beobachten Sie eine Vielzahl von Meereslebewesen und tropischen Fischen in der Karibik. Genie\u00dfen Sie kostenlose Softdrinks und Wasser in Flaschen. Hin- und R\u00fcckfahrt zum Hotel, Anleitung und Ausr\u00fcstung sind im Preis enthalten.<\/p>","protected":false},"excerpt":{"rendered":"<div data-track=\"overview\" data-v-83a2b402=\"\">\n<section id=\"activity-overview\" class=\"activity-overview\" data-component=\"overview\" data-v-83a2b402=\"\" data-v-f3236c42=\"\">\n<p class=\"activity-overview__content\" data-test-id=\"activity-overview-content\" data-v-f3236c42=\"\">Erleben Sie den Nervenkitzel einer Fahrt mit dem Schnellboot entlang der K\u00fcste von B\u00e1varo-Punta Cana. Tauchen Sie in das kristallklare Wasser des Karibischen Meeres und schnorcheln Sie mit Fischen.<\/p>\n<\/section>\n<\/div>\n<div data-track=\"key-details\" data-v-83a2b402=\"\"><\/div>","protected":false},"featured_media":11217,"template":"","meta":[],"product_brand":[],"product_cat":[97],"product_tag":[101,102],"class_list":{"0":"post-10912","1":"product","2":"type-product","3":"status-publish","4":"has-post-thumbnail","6":"product_cat-dominican-republic","7":"product_tag-excursion","8":"product_tag-tour","10":"first","11":"instock","12":"sale","13":"shipping-taxable","14":"product-type-external"},"_links":{"self":[{"href":"https:\/\/sabanadelamartours.com\/de\/wp-json\/wp\/v2\/product\/10912","targetHints":{"allow":["GET"]}}],"collection":[{"href":"https:\/\/sabanadelamartours.com\/de\/wp-json\/wp\/v2\/product"}],"about":[{"href":"https:\/\/sabanadelamartours.com\/de\/wp-json\/wp\/v2\/types\/product"}],"version-history":[{"count":1,"href":"https:\/\/sabanadelamartours.com\/de\/wp-json\/wp\/v2\/product\/10912\/revisions"}],"predecessor-version":[{"id":18458,"href":"https:\/\/sabanadelamartours.com\/de\/wp-json\/wp\/v2\/product\/10912\/revisions\/18458"}],"wp:featuredmedia":[{"embeddable":true,"href":"https:\/\/sabanadelamartours.com\/de\/wp-json\/wp\/v2\/media\/11217"}],"wp:attachment":[{"href":"https:\/\/sabanadelamartours.com\/de\/wp-json\/wp\/v2\/media?parent=10912"}],"wp:term":[{"taxonomy":"product_brand","embeddable":true,"href":"https:\/\/sabanadelamartours.com\/de\/wp-json\/wp\/v2\/product_brand?post=10912"},{"taxonomy":"product_cat","embeddable":true,"href":"https:\/\/sabanadelamartours.com\/de\/wp-json\/wp\/v2\/product_cat?post=10912"},{"taxonomy":"product_tag","embeddable":true,"href":"https:\/\/sabanadelamartours.com\/de\/wp-json\/wp\/v2\/product_tag?post=10912"}],"curies":[{"name":"wp","href":"https:\/\/api.w.org\/{rel}","templated":true}]}}