{"id":10982,"date":"2025-12-18T09:54:36","date_gmt":"2025-12-18T09:54:36","guid":{"rendered":"https:\/\/sabanadelamartours.com\/?post_type=product&#038;p=10982"},"modified":"2026-01-05T16:32:24","modified_gmt":"2026-01-05T16:32:24","slug":"3in1-los-haitises-n-park-wasserfalle-montana-redonda","status":"publish","type":"product","link":"https:\/\/sabanadelamartours.com\/de\/tour\/3in1-los-haitises-n-park-wasserfalle-montana-redonda\/","title":{"rendered":"3in1: Los Haitises N. Park + Wasserf\u00e4lle + Monta\u00f1a Redonda"},"content":{"rendered":"<p>3in1: Los Haitises N. Park + Wasserf\u00e4lle + Monta\u00f1a Redonda<\/p>\n<p>Die unglaublichen Felsen ragen bis zu 30 Meter hoch aus dem Wasser. Hunderte von bedrohten Vogelarten fliegen \u00fcber die weitl\u00e4ufige Landschaft des Parks, seine H\u00f6hlen und majest\u00e4tischen Mangroven.<\/p>\n<p>Sie fahren in einem Safari-Truck zur Monta\u00f1a Redonda, bis Sie den Gipfel erreichen und den majest\u00e4tischen Panoramablick auf die Nordostk\u00fcste der Insel genie\u00dfen. Sie erfahren mehr \u00fcber die dominikanische Kultur und die Plantagen, einschlie\u00dflich Kakao und Kaffee. Sie werden im Virgin Cano Hondo Wasserfall schwimmen und blauen Bernstein kennenlernen.<\/p>\n<p>Genie\u00dfen Sie ein exquisites All-you-can-eat-Mittagsbuffet und eine alkoholfreie Open Bar rund um den Nationalpark. Es wird ein Tag voller unvergesslicher Erlebnisse sein, garantiert!<\/p>\n<div id=\"descriptionTab\" class=\"content\" aria-labelledby=\"drawer_descriptionTab\">\n<div class=\"core-styles\">\n<p>Mit einer Fl\u00e4che von 1.600 km\u00b2 ist der Nationalpark Los Haitises eines der Kronjuwelen des Nationalparksystems der Dominikanischen Republik. Los Haitises - was in der Sprache der Taino \u201ch\u00fcgeliges Land\u201d bedeutet - lockt zahlreiche Besucher an, die mit dem Boot anreisen, um die herrlichen, 30 Meter hohen Felsformationen zu sehen, die aus dem Wasser ragen.<\/p>\n<p>Der Park verf\u00fcgt au\u00dferdem \u00fcber ausgedehnte Mangrovenw\u00e4lder entlang der Bucht, die mit zahlreichen Vogelkolonien \u00fcbers\u00e4t ist, sowie \u00fcber eine Reihe von H\u00f6hlen, die f\u00fcr eine der gr\u00f6\u00dften Anzahl von Felszeichnungen und Piktogrammen des Landes bekannt sind.<\/p>\n<p>Hier k\u00f6nnen Sie mit Leichtigkeit den vom Aussterben bedrohten Ridgway-Bussard, den Hispaniola-Zwergspecht, den Hispaniola-Specht und den Hispaniola-Smaragd sowie Pelikane, Fregattv\u00f6gel, Reiher und viele andere majest\u00e4tische V\u00f6gel im Flug \u00fcber die weite Landschaft des Parks beobachten. Los Haitises beherbergt auch einen der wenigen verbliebenen Regenw\u00e4lder der DR, der einst als Drehort f\u00fcr den Spielfilm Jurassic Park diente. Erkunden Sie den Park mit dem Boot von Saman\u00e1 aus, wandern Sie durch den Regenwald, um die Flora aus der N\u00e4he zu betrachten, oder fahren Sie mit dem Kajak durch das \u00fcppige Mangrovensystem.<\/p>\n<\/div>\n<\/div>\n<p>&nbsp;<\/p>","protected":false},"excerpt":{"rendered":"<div data-track=\"overview\" data-v-83a2b402=\"\">\n<section id=\"activity-overview\" class=\"activity-overview\" data-component=\"overview\" data-v-83a2b402=\"\" data-v-f3236c42=\"\">\n<p class=\"activity-overview__content\" data-test-id=\"activity-overview-content\" data-v-f3236c42=\"\">Erleben Sie das Beste und Einzigartigste bei einem ganzt\u00e4gigen Ausflug in den Nationalpark Los Haitises und wandern Sie in den Regenw\u00e4ldern, die als Drehort f\u00fcr Jurassic Park dienten.<\/p>\n<\/section>\n<\/div>\n<div data-track=\"key-details\" data-v-83a2b402=\"\"><\/div>","protected":false},"featured_media":11251,"template":"","meta":[],"product_brand":[],"product_cat":[97,103],"product_tag":[101,102],"class_list":{"0":"post-10982","1":"product","2":"type-product","3":"status-publish","4":"has-post-thumbnail","6":"product_cat-dominican-republic","7":"product_cat-los-haitises","8":"product_tag-excursion","9":"product_tag-tour","11":"first","12":"instock","13":"sale","14":"shipping-taxable","15":"product-type-external"},"_links":{"self":[{"href":"https:\/\/sabanadelamartours.com\/de\/wp-json\/wp\/v2\/product\/10982","targetHints":{"allow":["GET"]}}],"collection":[{"href":"https:\/\/sabanadelamartours.com\/de\/wp-json\/wp\/v2\/product"}],"about":[{"href":"https:\/\/sabanadelamartours.com\/de\/wp-json\/wp\/v2\/types\/product"}],"version-history":[{"count":1,"href":"https:\/\/sabanadelamartours.com\/de\/wp-json\/wp\/v2\/product\/10982\/revisions"}],"predecessor-version":[{"id":18460,"href":"https:\/\/sabanadelamartours.com\/de\/wp-json\/wp\/v2\/product\/10982\/revisions\/18460"}],"wp:featuredmedia":[{"embeddable":true,"href":"https:\/\/sabanadelamartours.com\/de\/wp-json\/wp\/v2\/media\/11251"}],"wp:attachment":[{"href":"https:\/\/sabanadelamartours.com\/de\/wp-json\/wp\/v2\/media?parent=10982"}],"wp:term":[{"taxonomy":"product_brand","embeddable":true,"href":"https:\/\/sabanadelamartours.com\/de\/wp-json\/wp\/v2\/product_brand?post=10982"},{"taxonomy":"product_cat","embeddable":true,"href":"https:\/\/sabanadelamartours.com\/de\/wp-json\/wp\/v2\/product_cat?post=10982"},{"taxonomy":"product_tag","embeddable":true,"href":"https:\/\/sabanadelamartours.com\/de\/wp-json\/wp\/v2\/product_tag?post=10982"}],"curies":[{"name":"wp","href":"https:\/\/api.w.org\/{rel}","templated":true}]}}