{"id":11021,"date":"2025-12-18T09:56:28","date_gmt":"2025-12-18T09:56:28","guid":{"rendered":"https:\/\/sabanadelamartours.com\/?post_type=product&#038;p=11021"},"modified":"2026-02-09T05:10:45","modified_gmt":"2026-02-09T05:10:45","slug":"cayo-levantado-wasserfal-walbeobachtung","status":"publish","type":"product","link":"https:\/\/sabanadelamartours.com\/de\/tour\/cayo-levantado-wasserfal-walbeobachtung\/","title":{"rendered":"Saman\u00e1 Cayo Levantado Isla Bacard\u00ed und Waterfal + Walbeobachtung"},"content":{"rendered":"<p>Saman\u00e1 Cayo Levantado Isla Bacard\u00ed und Waterfal + Walbeobachtung<\/p>\n<p>Entdecken Sie den Zauber von Saman\u00e1, einer \u00fcppigen Halbinsel an der Nordostk\u00fcste der Dominikanischen Republik, die f\u00fcr ihre nat\u00fcrliche Sch\u00f6nheit bekannt ist und von der UNESCO zu einer der sch\u00f6nsten Buchten der Welt erkl\u00e4rt wurde. Dieses Reiseziel, das auch als globales \u00d6kotourismus-Paradies anerkannt ist, beherbergt die atemberaubende Wanderung der Buckelwale, die von Januar bis Anfang April zu beobachten ist, wenn \u00fcber 3.500 dieser majest\u00e4tischen Kreaturen die warmen Gew\u00e4sser besuchen.<\/p>\n<p>Ihr Abenteuer beginnt mit einer malerischen Bootsfahrt von Sabana de la Mar zur Bucht von Saman\u00e1. Nach der Ankunft unternehmen Sie einen aufregenden Ausritt zum majest\u00e4tischen Lim\u00f3n-Wasserfall. Der 50 Meter hohe Wasserfall verf\u00fcgt \u00fcber ein nat\u00fcrliches Becken, das von \u00fcppigem tropischen Regenwald umgeben ist und sich perfekt f\u00fcr ein erfrischendes Bad eignet.<\/p>\n<p>Anschlie\u00dfend besteigen Sie einen Safaritruck f\u00fcr eine Tour durch die historische Stadt Saman\u00e1, die 1493 von Christoph Kolumbus entdeckt wurde. W\u00e4hrend der Tour erfahren Sie mehr \u00fcber die reiche Geschichte der Stadt und die erste Begegnung zwischen Europ\u00e4ern und Einheimischen.<\/p>\n<p>Nach der Stadtbesichtigung genie\u00dfen Sie in einem Restaurant auf dem Lande ein dominikanisches Buffet mit einer Vielzahl von lokalen Gerichten und frischen tropischen Fr\u00fcchten. Anschlie\u00dfend fahren Sie nach Cayo Levantado, auch bekannt als \u201cBacardi-Insel\u201d, wo Sie freie Zeit haben, um an den wei\u00dfen Sandstr\u00e4nden und im t\u00fcrkisfarbenen Wasser zu entspannen.<\/p>\n<p>Schlie\u00dflich kehren Sie auf das Festland zur\u00fcck und werden zu Ihrer Unterkunft gebracht. Mit im Gep\u00e4ck haben Sie unvergessliche Erinnerungen an einen Tag voller Natur, Geschichte und Entspannung in einer der sch\u00f6nsten Ecken der Karibik.<\/p>","protected":false},"excerpt":{"rendered":"<div data-track=\"overview\" data-v-83a2b402=\"\">\n<section id=\"activity-overview\" class=\"activity-overview\" data-component=\"overview\" data-v-83a2b402=\"\" data-v-f3236c42=\"\">\n<p class=\"activity-overview__content\" data-test-id=\"activity-overview-content\" data-v-f3236c42=\"\">Verpassen Sie nicht die Chance, von Januar bis Anfang April die majest\u00e4tischen Buckelwale zu beobachten, die Ihrem Karibikurlaub einen Hauch von Wunder verleihen.<\/p>\n<\/section>\n<\/div>\n<div data-track=\"key-details\" data-v-83a2b402=\"\"><\/div>","protected":false},"featured_media":11277,"template":"","meta":[],"product_brand":[],"product_cat":[97],"product_tag":[101,102],"class_list":{"0":"post-11021","1":"product","2":"type-product","3":"status-publish","4":"has-post-thumbnail","6":"product_cat-dominican-republic","7":"product_tag-excursion","8":"product_tag-tour","10":"first","11":"instock","12":"sale","13":"shipping-taxable","14":"product-type-external"},"_links":{"self":[{"href":"https:\/\/sabanadelamartours.com\/de\/wp-json\/wp\/v2\/product\/11021","targetHints":{"allow":["GET"]}}],"collection":[{"href":"https:\/\/sabanadelamartours.com\/de\/wp-json\/wp\/v2\/product"}],"about":[{"href":"https:\/\/sabanadelamartours.com\/de\/wp-json\/wp\/v2\/types\/product"}],"version-history":[{"count":1,"href":"https:\/\/sabanadelamartours.com\/de\/wp-json\/wp\/v2\/product\/11021\/revisions"}],"predecessor-version":[{"id":18853,"href":"https:\/\/sabanadelamartours.com\/de\/wp-json\/wp\/v2\/product\/11021\/revisions\/18853"}],"wp:featuredmedia":[{"embeddable":true,"href":"https:\/\/sabanadelamartours.com\/de\/wp-json\/wp\/v2\/media\/11277"}],"wp:attachment":[{"href":"https:\/\/sabanadelamartours.com\/de\/wp-json\/wp\/v2\/media?parent=11021"}],"wp:term":[{"taxonomy":"product_brand","embeddable":true,"href":"https:\/\/sabanadelamartours.com\/de\/wp-json\/wp\/v2\/product_brand?post=11021"},{"taxonomy":"product_cat","embeddable":true,"href":"https:\/\/sabanadelamartours.com\/de\/wp-json\/wp\/v2\/product_cat?post=11021"},{"taxonomy":"product_tag","embeddable":true,"href":"https:\/\/sabanadelamartours.com\/de\/wp-json\/wp\/v2\/product_tag?post=11021"}],"curies":[{"name":"wp","href":"https:\/\/api.w.org\/{rel}","templated":true}]}}