{"id":11203,"date":"2025-12-18T10:03:55","date_gmt":"2025-12-18T10:03:55","guid":{"rendered":"https:\/\/sabanadelamartours.com\/?post_type=product&#038;p=11203"},"modified":"2026-02-09T05:15:44","modified_gmt":"2026-02-09T05:15:44","slug":"vip-transfer-zwischen-dem-flughafen-punta-cana-und-den-hotels-in-bayahibe","status":"publish","type":"product","link":"https:\/\/sabanadelamartours.com\/de\/tour\/vip-transfer-zwischen-dem-flughafen-punta-cana-und-den-hotels-in-bayahibe\/","title":{"rendered":"VIP-Transfer zwischen Punta Cana Flughafen und Bayahibe Hotels"},"content":{"rendered":"<p>VIP-Transfer zwischen Punta Cana Flughafen und Bayahibe Hotels<\/p>\n<p>Buchen Sie den Transfer Ihrer Wahl ohne Komplikationen, wir werden Sie w\u00e4hrend Ihrer Tour in der Dominikanischen Republik begleiten, Sie m\u00fcssen sich keine Sorgen machen, wir sind Experten f\u00fcr Transfers und dies hilft Ihnen, den Service zu erhalten, den Sie aus der Hand eines Profis verdienen, wir machen Ihre Reisen sicherer und entspannter, buchen Sie einfach im Voraus, um Ihren Service zu planen und Ihren Fahrer bereit zu haben, Sie am Flughafen Ihrer Wahl in der Dominikanischen Republik abzuholen, in Diamond sind wir bereit f\u00fcr Ihre Ankunft.<\/p>\n<p>\u00dcber Bayahibe:<\/p>\n<p>Bayah\u00edbe ist eine malerische Stadt in der Dominikanischen Republik, die eine reiche Geschichte und eine lebhafte Tourismusszene aufweist. Bayah\u00edbe liegt etwa 10 Meilen \u00f6stlich von La Romana an der Karibikk\u00fcste und wurde 1874 als Fischerdorf von Juan Brito und seiner Familie aus Puerto Rico gegr\u00fcndet. Heute ist es ein begehrtes Ziel f\u00fcr Reisende, die die nat\u00fcrliche Sch\u00f6nheit und den historischen Charme des Ortes erleben m\u00f6chten.<\/p>\n<p>\u00dcber Punta Cana:<\/p>\n<p>Punta Cana ist ein Ferienort in der \u00f6stlichsten Region der Dominikanischen Republik. Sie wurde 2006 als \u201cGemeinde Ver\u00f3n-Punta Cana\u201d politisch eingegliedert und untersteht der Gemeinde Hig\u00fcey (Provinz La Altagracia). Nach der Volksz\u00e4hlung von 2022 hatte diese Gemeinde oder dieser Bezirk 138.919 Einwohner.<\/p>\n<p>&nbsp;<\/p>\n<p>&nbsp;<\/p>","protected":false},"excerpt":{"rendered":"<div data-track=\"overview\" data-v-83a2b402=\"\">\n<section id=\"activity-overview\" class=\"activity-overview\" data-component=\"overview\" data-v-83a2b402=\"\" data-v-f3236c42=\"\">\n<p class=\"activity-overview__content\" data-test-id=\"activity-overview-content\" data-v-f3236c42=\"\">Bereit, buchen Sie Ihren Transfer im Voraus, bei diamond transportation k\u00fcmmern wir uns darum, Ihnen einen wirtschaftlichen und komfortablen Service zu bieten.<\/p>\n<\/section>\n<\/div>\n<div data-track=\"key-details\" data-v-83a2b402=\"\"><\/div>","protected":false},"featured_media":11459,"template":"","meta":[],"product_brand":[],"product_cat":[97],"product_tag":[101,102],"class_list":{"0":"post-11203","1":"product","2":"type-product","3":"status-publish","4":"has-post-thumbnail","6":"product_cat-dominican-republic","7":"product_tag-excursion","8":"product_tag-tour","10":"first","11":"instock","12":"sale","13":"shipping-taxable","14":"product-type-external"},"_links":{"self":[{"href":"https:\/\/sabanadelamartours.com\/de\/wp-json\/wp\/v2\/product\/11203","targetHints":{"allow":["GET"]}}],"collection":[{"href":"https:\/\/sabanadelamartours.com\/de\/wp-json\/wp\/v2\/product"}],"about":[{"href":"https:\/\/sabanadelamartours.com\/de\/wp-json\/wp\/v2\/types\/product"}],"version-history":[{"count":1,"href":"https:\/\/sabanadelamartours.com\/de\/wp-json\/wp\/v2\/product\/11203\/revisions"}],"predecessor-version":[{"id":18471,"href":"https:\/\/sabanadelamartours.com\/de\/wp-json\/wp\/v2\/product\/11203\/revisions\/18471"}],"wp:featuredmedia":[{"embeddable":true,"href":"https:\/\/sabanadelamartours.com\/de\/wp-json\/wp\/v2\/media\/11459"}],"wp:attachment":[{"href":"https:\/\/sabanadelamartours.com\/de\/wp-json\/wp\/v2\/media?parent=11203"}],"wp:term":[{"taxonomy":"product_brand","embeddable":true,"href":"https:\/\/sabanadelamartours.com\/de\/wp-json\/wp\/v2\/product_brand?post=11203"},{"taxonomy":"product_cat","embeddable":true,"href":"https:\/\/sabanadelamartours.com\/de\/wp-json\/wp\/v2\/product_cat?post=11203"},{"taxonomy":"product_tag","embeddable":true,"href":"https:\/\/sabanadelamartours.com\/de\/wp-json\/wp\/v2\/product_tag?post=11203"}],"curies":[{"name":"wp","href":"https:\/\/api.w.org\/{rel}","templated":true}]}}