{"id":11249,"date":"2025-12-18T10:05:28","date_gmt":"2025-12-18T10:05:28","guid":{"rendered":"https:\/\/sabanadelamartours.com\/?post_type=product&#038;p=11249"},"modified":"2026-01-05T17:03:26","modified_gmt":"2026-01-05T17:03:26","slug":"los-haitises-montana-redonda-tour","status":"publish","type":"product","link":"https:\/\/sabanadelamartours.com\/de\/tour\/los-haitises-montana-redonda-tour\/","title":{"rendered":"Von Punta Cana aus: Los Haitises Reise mit Monta\u00f1a Redonda Tour"},"content":{"rendered":"<div class=\"wpb-content-wrapper\"><div class=\"vc_row wpb_row st bg-holder\"><div class='container'><div class='row'>\n\t<div class=\"wpb_column column_container col-md-12\"><div class=\"vc_column-inner wpb_wrapper\">\n\t\t\t\n\t<div class=\"wpb_text_column wpb_content_element\" >\n\t\t<div class=\"wpb_wrapper\">\n\t\t\t<h4 class=\"product_title entry-title\">Von Punta Cana aus: Los Haitises Reise mit Monta\u00f1a Redonda Tour<\/h4>\n<p>Wir holen Sie ab 6:30 Uhr in Ihrem Hotel in Punta Cana ab und fahren zum Nationalpark Los Haitises, einer einzigartigen Karstlandschaft, die von den Gew\u00e4ssern der Saman\u00e1-Bucht umsp\u00fclt wird.<\/p>\n<p>Nach der Ankunft gehen wir an Bord eines Bootes und fahren auf dem Ca\u00f1o Hondo-Fluss in Richtung San Lorenzo-Bucht, w\u00e4hrend wir am Ufer nach roten Mangrovenb\u00e4umen Ausschau halten. Auf offenem Wasser k\u00f6nnen wir felsige Mogoten entdecken, in denen es von Pelikanen und Gabelschwanzschn\u00e4ppern wimmelt.<\/p>\n<p>Die Expedition geht weiter zu den H\u00f6hlen Arena und Linea, die einst von den Ta\u00edno-Indianern genutzt wurden. Im Inneren der H\u00f6hlen sind Piktogramme und Petroglyphen der Eingeborenen zu sehen.<\/p>\n<p>Unser n\u00e4chster Halt ist das Ca\u00f1o Hondo Paradise Hotel, wo wir das Boot verlassen und die wundersch\u00f6nen nat\u00fcrlichen Pools auf dem Hotelgel\u00e4nde besichtigen werden. Sie k\u00f6nnen ein erfrischendes Bad im Fluss Jivales nehmen, bevor Sie ein traditionelles dominikanisches Mittagessen einnehmen, das wir an diesem idyllischen Ort einnehmen werden.<\/p>\n<p>Frisch gest\u00e4rkt steigen wir in einen Jeep und fahren zum Gipfel des Berges Redonda, der sich zwischen zwei Lagunen befindet: Lim\u00f3n und Redonda. Vom Gipfel aus wird die Aussicht auf den Dschungel wie aus einem M\u00e4rchen wirken.<\/p>\n<p>Schlie\u00dflich kehren wir auf das Festland zur\u00fcck und fahren zur\u00fcck nach Punta Cana, wo wir zwischen 16:30 und 18:30 Uhr in Ihrem Hotel ankommen.<\/p>\n\n\t\t<\/div>\n\t<\/div>\n<div class=\"vc_empty_space\"   style=\"height: 32px\"><span class=\"vc_empty_space_inner\"><\/span><\/div>\n\t<div class=\"wpb_text_column wpb_content_element\" >\n\t\t<div class=\"wpb_wrapper\">\n\t\t\t<h2 class=\"collection-header_title\" data-test-id=\"collection-title\" data-v-9c8cb860=\"\">Basierend auf Ihrer Suche in Los Haitises<\/h2>\n\n\t\t<\/div>\n\t<\/div>\n<div class=\"vc_empty_space\"   style=\"height: 32px\"><span class=\"vc_empty_space_inner\"><\/span><\/div><div class=\"woocommerce columns-4\"><ul class=\"products columns-4\">\n<li class=\"product type-product post-15730 status-publish first instock product_cat-dominican-republic product_tag-excursion product_tag-tour has-post-thumbnail shipping-taxable product-type-external\">\r\n\t<a href=\"https:\/\/sabanadelamartours.com\/de\/tour\/-327\/\" class=\"woocommerce-LoopProduct-link woocommerce-loop-product__link\"><img fetchpriority=\"high\" decoding=\"async\" width=\"300\" height=\"300\" src=\"https:\/\/sabanadelamartours.com\/wp-content\/uploads\/2025\/12\/99-24-300x300.png\" class=\"attachment-woocommerce_thumbnail size-woocommerce_thumbnail\" alt=\"Cano Hondo Natural Pools &amp; Los Haitises Bootstour\" srcset=\"https:\/\/sabanadelamartours.com\/wp-content\/uploads\/2025\/12\/99-24-300x300.png 300w, https:\/\/sabanadelamartours.com\/wp-content\/uploads\/2025\/12\/99-24-1536x1536.png 1536w, https:\/\/sabanadelamartours.com\/wp-content\/uploads\/2025\/12\/99-24-2048x2048.png 2048w, https:\/\/sabanadelamartours.com\/wp-content\/uploads\/2025\/12\/99-24-100x100.png 100w, https:\/\/sabanadelamartours.com\/wp-content\/uploads\/2025\/12\/99-24-266x266.png 266w\" sizes=\"(max-width: 300px) 100vw, 300px\" \/><h2 class=\"woocommerce-loop-product__title\">Cano Hondo Natural Pools &amp; Los Haitises Bootstour<\/h2>\n\t<span class=\"price\"><span class=\"woocs_price_code\" data-currency=\"\" data-redraw-id=\"69f5bbb95f756\"  data-product-id=\"15730\"><span class=\"woocommerce-Price-amount amount\"><bdi>67.00<span class=\"woocommerce-Price-currencySymbol\">&#36;<\/span><\/bdi><\/span><\/span><\/span>\n<\/a><a href=\"https:\/\/tourreservationlink.com\/en\/booking\/cano-hondo-natural-pools-and-los-haitises-boat-tour\" aria-describedby=\"woocommerce_loop_add_to_cart_link_describedby_15730\" data-quantity=\"1\" class=\"button product_type_external\" data-product_id=\"15730\" data-product_sku=\"\" aria-label=\"TICKET KAUFEN\" rel=\"nofollow noopener\" target=\"_blank\">TICKET KAUFEN<\/a>\t<span id=\"woocommerce_loop_add_to_cart_link_describedby_15730\" class=\"screen-reader-text\">\n\t\t\t<\/span>\n<\/li>\r\n<li class=\"product type-product post-16599 status-publish instock product_cat-dominican-republic product_tag-excursion product_tag-tour has-post-thumbnail shipping-taxable product-type-external\">\r\n\t<a href=\"https:\/\/sabanadelamartours.com\/de\/tour\/los-haitises-hohlen-mangroven-regenwald-wanderung-bootstour-2\/\" class=\"woocommerce-LoopProduct-link woocommerce-loop-product__link\"><img decoding=\"async\" width=\"300\" height=\"300\" src=\"https:\/\/sabanadelamartours.com\/wp-content\/uploads\/2025\/12\/99-175-300x300.jpg\" class=\"attachment-woocommerce_thumbnail size-woocommerce_thumbnail\" alt=\"Los Haitises: Caves, Mangroves, &amp; Rainforest Hike\/Boat Tour\" srcset=\"https:\/\/sabanadelamartours.com\/wp-content\/uploads\/2025\/12\/99-175-300x300.jpg 300w, https:\/\/sabanadelamartours.com\/wp-content\/uploads\/2025\/12\/99-175-1536x1536.jpg 1536w, https:\/\/sabanadelamartours.com\/wp-content\/uploads\/2025\/12\/99-175-2048x2048.jpg 2048w, https:\/\/sabanadelamartours.com\/wp-content\/uploads\/2025\/12\/99-175-100x100.jpg 100w, https:\/\/sabanadelamartours.com\/wp-content\/uploads\/2025\/12\/99-175-266x266.jpg 266w\" sizes=\"(max-width: 300px) 100vw, 300px\" \/><h2 class=\"woocommerce-loop-product__title\">Los Haitises: Wanderung\/Bootstour durch H\u00f6hlen, Mangroven und Regenwald<\/h2>\n\t<span class=\"price\"><span class=\"woocs_price_code\" data-currency=\"\" data-redraw-id=\"69f5bbb96072a\"  data-product-id=\"16599\"><span class=\"woocommerce-Price-amount amount\"><bdi>68.00<span class=\"woocommerce-Price-currencySymbol\">&#36;<\/span><\/bdi><\/span><\/span><\/span>\n<\/a><a href=\"https:\/\/tourreservationlink.com\/en\/booking\/los-haitises-caves-mangroves-and-rainforest-hikeboat-tour\" aria-describedby=\"woocommerce_loop_add_to_cart_link_describedby_16599\" data-quantity=\"1\" class=\"button product_type_external\" data-product_id=\"16599\" data-product_sku=\"\" aria-label=\"TICKET KAUFEN\" rel=\"nofollow noopener\" target=\"_blank\">TICKET KAUFEN<\/a>\t<span id=\"woocommerce_loop_add_to_cart_link_describedby_16599\" class=\"screen-reader-text\">\n\t\t\t<\/span>\n<\/li>\r\n<li class=\"product type-product post-17357 status-publish instock product_cat-dominican-republic product_tag-excursion product_tag-tour has-post-thumbnail shipping-taxable product-type-external\">\r\n\t<a href=\"https:\/\/sabanadelamartours.com\/de\/tour\/santo-domingo-los-haitises-cayo-levantado-insel-2\/\" class=\"woocommerce-LoopProduct-link woocommerce-loop-product__link\"><img decoding=\"async\" width=\"300\" height=\"300\" src=\"https:\/\/sabanadelamartours.com\/wp-content\/uploads\/2025\/12\/99-216-300x300.jpg\" class=\"attachment-woocommerce_thumbnail size-woocommerce_thumbnail\" alt=\"Santo Domingo: Los Haitises und die Insel Cayo Levantado\" srcset=\"https:\/\/sabanadelamartours.com\/wp-content\/uploads\/2025\/12\/99-216-300x300.jpg 300w, https:\/\/sabanadelamartours.com\/wp-content\/uploads\/2025\/12\/99-216-1536x1536.jpg 1536w, https:\/\/sabanadelamartours.com\/wp-content\/uploads\/2025\/12\/99-216-2048x2048.jpg 2048w, https:\/\/sabanadelamartours.com\/wp-content\/uploads\/2025\/12\/99-216-100x100.jpg 100w, https:\/\/sabanadelamartours.com\/wp-content\/uploads\/2025\/12\/99-216-266x266.jpg 266w\" sizes=\"(max-width: 300px) 100vw, 300px\" \/><h2 class=\"woocommerce-loop-product__title\">Santo Domingo: Los Haitises und die Insel Cayo Levantado<\/h2>\n\t<span class=\"price\"><span class=\"woocs_price_code\" data-currency=\"\" data-redraw-id=\"69f5bbb961210\"  data-product-id=\"17357\"><span class=\"woocommerce-Price-amount amount\"><bdi>175.00<span class=\"woocommerce-Price-currencySymbol\">&#36;<\/span><\/bdi><\/span><\/span><\/span>\n<\/a><a href=\"https:\/\/tourreservationlink.com\/en\/booking\/santo-domingo-los-haitises-and-cayo-levantado-island\" aria-describedby=\"woocommerce_loop_add_to_cart_link_describedby_17357\" data-quantity=\"1\" class=\"button product_type_external\" data-product_id=\"17357\" data-product_sku=\"\" aria-label=\"TICKET KAUFEN\" rel=\"nofollow noopener\" target=\"_blank\">TICKET KAUFEN<\/a>\t<span id=\"woocommerce_loop_add_to_cart_link_describedby_17357\" class=\"screen-reader-text\">\n\t\t\t<\/span>\n<\/li>\r\n<\/ul>\n<\/div><div class=\"vc_empty_space\"   style=\"height: 32px\"><span class=\"vc_empty_space_inner\"><\/span><\/div><\/div>\n\t<\/div> \n<\/div><!--End .row--><\/div><!--End .container--><\/div>\n<\/div>","protected":false},"excerpt":{"rendered":"<div data-track=\"overview\" data-v-83a2b402=\"\">\n<section id=\"activity-overview\" class=\"activity-overview\" data-component=\"overview\" data-v-83a2b402=\"\" data-v-f3236c42=\"\">\n<p class=\"activity-overview__content\" data-test-id=\"activity-overview-content\" data-v-f3236c42=\"\">Erkunden Sie die Naturwunder des Nationalparks Los Haitises bei einem Ausflug von Punta Cana aus. Fahren Sie mit einem Boot den Fluss entlang, besuchen Sie nat\u00fcrliche H\u00f6hlen und Pools und fahren Sie mit dem Jeep auf den Gipfel des Monta\u00f1a Redonda.<\/p>\n<\/section>\n<\/div>\n<div data-track=\"key-details\" data-v-83a2b402=\"\"><\/div>","protected":false},"featured_media":11543,"template":"","meta":[],"product_brand":[],"product_cat":[97],"product_tag":[101,102],"class_list":{"0":"post-11249","1":"product","2":"type-product","3":"status-publish","4":"has-post-thumbnail","6":"product_cat-dominican-republic","7":"product_tag-excursion","8":"product_tag-tour","10":"first","11":"instock","12":"sale","13":"shipping-taxable","14":"product-type-external"},"_links":{"self":[{"href":"https:\/\/sabanadelamartours.com\/de\/wp-json\/wp\/v2\/product\/11249","targetHints":{"allow":["GET"]}}],"collection":[{"href":"https:\/\/sabanadelamartours.com\/de\/wp-json\/wp\/v2\/product"}],"about":[{"href":"https:\/\/sabanadelamartours.com\/de\/wp-json\/wp\/v2\/types\/product"}],"version-history":[{"count":1,"href":"https:\/\/sabanadelamartours.com\/de\/wp-json\/wp\/v2\/product\/11249\/revisions"}],"predecessor-version":[{"id":18476,"href":"https:\/\/sabanadelamartours.com\/de\/wp-json\/wp\/v2\/product\/11249\/revisions\/18476"}],"wp:featuredmedia":[{"embeddable":true,"href":"https:\/\/sabanadelamartours.com\/de\/wp-json\/wp\/v2\/media\/11543"}],"wp:attachment":[{"href":"https:\/\/sabanadelamartours.com\/de\/wp-json\/wp\/v2\/media?parent=11249"}],"wp:term":[{"taxonomy":"product_brand","embeddable":true,"href":"https:\/\/sabanadelamartours.com\/de\/wp-json\/wp\/v2\/product_brand?post=11249"},{"taxonomy":"product_cat","embeddable":true,"href":"https:\/\/sabanadelamartours.com\/de\/wp-json\/wp\/v2\/product_cat?post=11249"},{"taxonomy":"product_tag","embeddable":true,"href":"https:\/\/sabanadelamartours.com\/de\/wp-json\/wp\/v2\/product_tag?post=11249"}],"curies":[{"name":"wp","href":"https:\/\/api.w.org\/{rel}","templated":true}]}}