{"id":11275,"date":"2025-12-18T10:06:31","date_gmt":"2025-12-18T10:06:31","guid":{"rendered":"https:\/\/sabanadelamartours.com\/?post_type=product&#038;p=11275"},"modified":"2026-02-09T05:21:45","modified_gmt":"2026-02-09T05:21:45","slug":"-45","status":"publish","type":"product","link":"https:\/\/sabanadelamartours.com\/de\/tour\/-45\/","title":{"rendered":"Santo Domingo: Tagesausflug in den Nationalpark Los Haitises"},"content":{"rendered":"<p>Diese einmalige Tour bietet Ihnen die M\u00f6glichkeit, das gr\u00f6\u00dfte Naturschutzgebiet der Dominikanischen Republik zu entdecken. Erleben Sie das Juwel unter den \u00d6kotourismusreisen in der Karibik<\/p>\n<p>Wie viele Nationalparks hat die Dominikanische Republik? Wo liegt der Nationalpark Los Haitises? Was ist die Bedeutung von Haitises? Welche Art von Natur kann man in Los Haitises finden? Was ist die Verbindung zwischen dem Film Jurassic Park und Los Haitises? Warum sollten Sie bald nach Los Haitises fahren?. .<\/p>\n<p>Sie werden die wundersch\u00f6ne, traumhafte Naturlandschaft der Meeres- und Mangrovenw\u00e4lder in der Bucht von San Lorenzo entdecken. Ein unvergesslicher Abenteuertag, der Sie in die wahre Essenz dessen eintauchen l\u00e4sst, was die Dominikanische Republik zu bieten hat.<\/p>\n<section class=\"full-description activity-experience__item\" data-test-id=\"activity-full-description\" data-v-2760aec9=\"\" data-v-5835c99c=\"\">\n<div class=\"activity-accordion-item\" data-v-5835c99c=\"\">\n<div class=\"activity-accordion-item__content--hidden activity-accordion-item__content\">\n<section class=\"toggle-content\" data-v-5835c99c=\"\" data-v-59485d64=\"\">\n<div class=\"toggle-content__content toggle-content__content--expanded\" data-v-59485d64=\"\">\n<div data-test-id=\"activity-full-description-text\" data-v-5835c99c=\"\">Machen Sie sich bereit, die Dominikanische Republik aus einer anderen Perspektive zu erleben. Ein lokaler, charismatischer F\u00fchrer wird Ihnen interessante Fakten \u00fcber den Nationalpark Los Haitises verraten.<\/div>\n<\/div>\n<\/section>\n<\/div>\n<\/div>\n<\/section>\n<section class=\"activity-includes activity-experience__item\" data-test-id=\"activity-includes-section\" data-v-2760aec9=\"\" data-v-7976cbc6=\"\">\n<div class=\"activity-accordion-item\" data-v-7976cbc6=\"\">\n<div class=\"activity-accordion-item-header\"><\/div>\n<\/div>\n<\/section>","protected":false},"excerpt":{"rendered":"<div data-track=\"overview\" data-v-83a2b402=\"\">\n<section id=\"activity-overview\" class=\"activity-overview\" data-component=\"overview\" data-v-83a2b402=\"\" data-v-f3236c42=\"\">\n<p class=\"activity-overview__content\" data-test-id=\"activity-overview-content\" data-v-f3236c42=\"\">Machen Sie einen Ausflug in das gr\u00f6\u00dfte Naturschutzgebiet der Dominikanischen Republik. Erkunden Sie einzigartige H\u00f6hlen mit wundersch\u00f6nen Str\u00e4nden, sehen Sie \u00fcppige Mangrovenw\u00e4lder per Boot und besuchen Sie die abgelegene Stadt Sabana de La Mar.<\/p>\n<\/section>\n<\/div>\n<div data-track=\"key-details\" data-v-83a2b402=\"\"><\/div>","protected":false},"featured_media":11574,"template":"","meta":[],"product_brand":[],"product_cat":[97],"product_tag":[101,102],"class_list":{"0":"post-11275","1":"product","2":"type-product","3":"status-publish","4":"has-post-thumbnail","6":"product_cat-dominican-republic","7":"product_tag-excursion","8":"product_tag-tour","10":"first","11":"instock","12":"shipping-taxable","13":"product-type-external"},"_links":{"self":[{"href":"https:\/\/sabanadelamartours.com\/de\/wp-json\/wp\/v2\/product\/11275","targetHints":{"allow":["GET"]}}],"collection":[{"href":"https:\/\/sabanadelamartours.com\/de\/wp-json\/wp\/v2\/product"}],"about":[{"href":"https:\/\/sabanadelamartours.com\/de\/wp-json\/wp\/v2\/types\/product"}],"version-history":[{"count":1,"href":"https:\/\/sabanadelamartours.com\/de\/wp-json\/wp\/v2\/product\/11275\/revisions"}],"predecessor-version":[{"id":18482,"href":"https:\/\/sabanadelamartours.com\/de\/wp-json\/wp\/v2\/product\/11275\/revisions\/18482"}],"wp:featuredmedia":[{"embeddable":true,"href":"https:\/\/sabanadelamartours.com\/de\/wp-json\/wp\/v2\/media\/11574"}],"wp:attachment":[{"href":"https:\/\/sabanadelamartours.com\/de\/wp-json\/wp\/v2\/media?parent=11275"}],"wp:term":[{"taxonomy":"product_brand","embeddable":true,"href":"https:\/\/sabanadelamartours.com\/de\/wp-json\/wp\/v2\/product_brand?post=11275"},{"taxonomy":"product_cat","embeddable":true,"href":"https:\/\/sabanadelamartours.com\/de\/wp-json\/wp\/v2\/product_cat?post=11275"},{"taxonomy":"product_tag","embeddable":true,"href":"https:\/\/sabanadelamartours.com\/de\/wp-json\/wp\/v2\/product_tag?post=11275"}],"curies":[{"name":"wp","href":"https:\/\/api.w.org\/{rel}","templated":true}]}}