{"id":11310,"date":"2025-12-18T10:07:43","date_gmt":"2025-12-18T10:07:43","guid":{"rendered":"https:\/\/sabanadelamartours.com\/?post_type=product&#038;p=11310"},"modified":"2026-01-05T17:15:21","modified_gmt":"2026-01-05T17:15:21","slug":"-47","status":"publish","type":"product","link":"https:\/\/sabanadelamartours.com\/de\/tour\/-47\/","title":{"rendered":"Puerto Plata: Stadtrundfahrt"},"content":{"rendered":"<p>We will start the tour knowing the best of the Dominican Republic, we will visit the chocolate and rum factory, we will learn why we are known for amber and larimar in the museum.<\/p>\n<p>Then it will be a good time to see a panoramic view of the city, we will learn more about how the locals really live and their tastes, we will also go to the Sombrilla Street, Pink Alley, Central Park with its Cathedral and the San Felipe Fortress.<\/p>\n<p>Finally, we will take a picture with the big name of the city to remember. Our tour gives you the option to do something else if time permits (shopping, eating at a restaurant&#8230;).<\/p>","protected":false},"excerpt":{"rendered":"<div data-track=\"overview\" data-v-83a2b402=\"\">\n<section id=\"activity-overview\" class=\"activity-overview\" data-component=\"overview\" data-v-83a2b402=\"\" data-v-f3236c42=\"\">\n<p class=\"activity-overview__content\" data-test-id=\"activity-overview-content\" data-v-f3236c42=\"\">Puerto Plata ist ein Ort voller Charme, Geschichte und Kultur. Wir haben f\u00fcr jeden etwas zu bieten, von wundersch\u00f6nen Landschaften und farbenfrohen Orten bis hin zu historischen St\u00e4tten und k\u00f6stlicher K\u00fcche.<\/p>\n<\/section>\n<\/div>\n<div data-track=\"key-details\" data-v-83a2b402=\"\"><\/div>","protected":false},"featured_media":11630,"template":"","meta":[],"product_brand":[],"product_cat":[97],"product_tag":[101,102],"class_list":{"0":"post-11310","1":"product","2":"type-product","3":"status-publish","4":"has-post-thumbnail","6":"product_cat-dominican-republic","7":"product_tag-excursion","8":"product_tag-tour","10":"first","11":"instock","12":"shipping-taxable","13":"product-type-external"},"_links":{"self":[{"href":"https:\/\/sabanadelamartours.com\/de\/wp-json\/wp\/v2\/product\/11310","targetHints":{"allow":["GET"]}}],"collection":[{"href":"https:\/\/sabanadelamartours.com\/de\/wp-json\/wp\/v2\/product"}],"about":[{"href":"https:\/\/sabanadelamartours.com\/de\/wp-json\/wp\/v2\/types\/product"}],"version-history":[{"count":1,"href":"https:\/\/sabanadelamartours.com\/de\/wp-json\/wp\/v2\/product\/11310\/revisions"}],"predecessor-version":[{"id":18484,"href":"https:\/\/sabanadelamartours.com\/de\/wp-json\/wp\/v2\/product\/11310\/revisions\/18484"}],"wp:featuredmedia":[{"embeddable":true,"href":"https:\/\/sabanadelamartours.com\/de\/wp-json\/wp\/v2\/media\/11630"}],"wp:attachment":[{"href":"https:\/\/sabanadelamartours.com\/de\/wp-json\/wp\/v2\/media?parent=11310"}],"wp:term":[{"taxonomy":"product_brand","embeddable":true,"href":"https:\/\/sabanadelamartours.com\/de\/wp-json\/wp\/v2\/product_brand?post=11310"},{"taxonomy":"product_cat","embeddable":true,"href":"https:\/\/sabanadelamartours.com\/de\/wp-json\/wp\/v2\/product_cat?post=11310"},{"taxonomy":"product_tag","embeddable":true,"href":"https:\/\/sabanadelamartours.com\/de\/wp-json\/wp\/v2\/product_tag?post=11310"}],"curies":[{"name":"wp","href":"https:\/\/api.w.org\/{rel}","templated":true}]}}