{"id":11337,"date":"2025-12-18T10:08:41","date_gmt":"2025-12-18T10:08:41","guid":{"rendered":"https:\/\/sabanadelamartours.com\/?post_type=product&#038;p=11337"},"modified":"2026-02-14T07:09:10","modified_gmt":"2026-02-14T07:09:10","slug":"-50","status":"publish","type":"product","link":"https:\/\/sabanadelamartours.com\/de\/tour\/-50\/","title":{"rendered":"Samana: 4 Stunden ATV Tour Inklusive Transport"},"content":{"rendered":"<p>4-st\u00fcndige ATV-Tour (ohne Mittagessen)<\/p>\n<p>Reiseplan<\/p>\n<p>1. die Abholung vom Hotel: Das Hotel wird um 8:00 Uhr abgeholt und zum Startpunkt der ATV-Tour gebracht.<\/p>\n<p>2. ATV-Abenteuer: Beginnen Sie das aufregende 4-st\u00fcndige ATV-Abenteuer \u00fcber landschaftlich reizvolle Strecken und Offroad-Pfade.<\/p>\n<p>3. erkunden und besichtigen: Genie\u00dfen Sie die Erkundung verschiedener Landschaften, Naturpfade und besuchen Sie m\u00f6glicherweise Sehensw\u00fcrdigkeiten entlang der Strecke.<\/p>\n<p>4. abenteuerliche H\u00f6hepunkte: Erleben Sie den Nervenkitzel beim Fahren mit dem ATV durch abwechslungsreiches Gel\u00e4nde und genie\u00dfen Sie die nat\u00fcrliche Sch\u00f6nheit der Umgebung.<\/p>\n<p>5. zur\u00fcck zum Ausgangspunkt: Nach der vorgesehenen Dauer kehren Sie zum Ausgangspunkt der ATV-Tour zur\u00fcck.<\/p>\n<p>6.hotel drop-off: Die G\u00e4ste werden sicher zu ihrem jeweiligen Hotel gebracht, womit die 4-st\u00fcndige ATV-Tour abgeschlossen ist.<\/p>","protected":false},"excerpt":{"rendered":"<div data-track=\"overview\" data-v-83a2b402=\"\">\n<section id=\"activity-overview\" class=\"activity-overview\" data-component=\"overview\" data-v-83a2b402=\"\" data-v-f3236c42=\"\">\n<p class=\"activity-overview__content\" data-test-id=\"activity-overview-content\" data-v-f3236c42=\"\">Diese knappe 4-st\u00fcndige ATV-Tour bietet ein aufregendes und abenteuerliches Erlebnis, bei dem verschiedene Terrains und landschaftlich reizvolle Strecken erkundet werden, und garantiert den G\u00e4sten eine aufregende und unvergessliche Fahrt, auch ohne Mittagessen.<\/p>\n<\/section>\n<\/div>\n<div data-track=\"key-details\" data-v-83a2b402=\"\"><\/div>","protected":false},"featured_media":11656,"template":"","meta":[],"product_brand":[],"product_cat":[97],"product_tag":[101,102],"class_list":{"0":"post-11337","1":"product","2":"type-product","3":"status-publish","4":"has-post-thumbnail","6":"product_cat-dominican-republic","7":"product_tag-excursion","8":"product_tag-tour","10":"first","11":"instock","12":"shipping-taxable","13":"product-type-external"},"_links":{"self":[{"href":"https:\/\/sabanadelamartours.com\/de\/wp-json\/wp\/v2\/product\/11337","targetHints":{"allow":["GET"]}}],"collection":[{"href":"https:\/\/sabanadelamartours.com\/de\/wp-json\/wp\/v2\/product"}],"about":[{"href":"https:\/\/sabanadelamartours.com\/de\/wp-json\/wp\/v2\/types\/product"}],"version-history":[{"count":1,"href":"https:\/\/sabanadelamartours.com\/de\/wp-json\/wp\/v2\/product\/11337\/revisions"}],"predecessor-version":[{"id":18489,"href":"https:\/\/sabanadelamartours.com\/de\/wp-json\/wp\/v2\/product\/11337\/revisions\/18489"}],"wp:featuredmedia":[{"embeddable":true,"href":"https:\/\/sabanadelamartours.com\/de\/wp-json\/wp\/v2\/media\/11656"}],"wp:attachment":[{"href":"https:\/\/sabanadelamartours.com\/de\/wp-json\/wp\/v2\/media?parent=11337"}],"wp:term":[{"taxonomy":"product_brand","embeddable":true,"href":"https:\/\/sabanadelamartours.com\/de\/wp-json\/wp\/v2\/product_brand?post=11337"},{"taxonomy":"product_cat","embeddable":true,"href":"https:\/\/sabanadelamartours.com\/de\/wp-json\/wp\/v2\/product_cat?post=11337"},{"taxonomy":"product_tag","embeddable":true,"href":"https:\/\/sabanadelamartours.com\/de\/wp-json\/wp\/v2\/product_tag?post=11337"}],"curies":[{"name":"wp","href":"https:\/\/api.w.org\/{rel}","templated":true}]}}