{"id":11392,"date":"2025-12-18T10:11:00","date_gmt":"2025-12-18T10:11:00","guid":{"rendered":"https:\/\/sabanadelamartours.com\/?post_type=product&#038;p=11392"},"modified":"2025-12-18T10:21:51","modified_gmt":"2025-12-18T10:21:51","slug":"-52","status":"publish","type":"product","link":"https:\/\/sabanadelamartours.com\/de\/tour\/-52\/","title":{"rendered":""},"content":{"rendered":"<p>Erkunden Sie die Hauptstadt der Dominikanischen Republik auf dieser ganzt\u00e4gigen privaten Tour durch Santo Domingo. Schlendern Sie mit Ihrem freundlichen lokalen Guide durch die historischen Kolonialstra\u00dfen und sehen Sie einige der \u00e4ltesten Monumente der Neuen Welt in der \u00e4ltesten europ\u00e4ischen Stadt der westlichen Hemisph\u00e4re. Schlendern Sie zu Fu\u00df durch die ikonische Kolonialzone oder buchen Sie eine ganzt\u00e4gige Option, um weitere Highlights der Stadt zu sehen. Private Stadtrundfahrt durch Santo Domingo Machen Sie einen Rundgang durch die Kolonialzone und sehen Sie die Denkm\u00e4ler aus dem 16. Jahrhundert. Erfahren Sie mehr \u00fcber die lange Geschichte der Stadt mit einem privaten Reiseleiter. Besuchen Sie Attraktionen wie das Museum Alcazar de Colon, das Nationale Pantheon und die Primatenkathedrale von Amerika. W\u00e4hlen Sie die ganzt\u00e4gige Tour, um Sehensw\u00fcrdigkeiten au\u00dferhalb der Kolonialzone zu erkunden, wie den Malecon und den Kolumbus-Leuchtturm. Mittagessen in der ganzt\u00e4gigen Tour enthalten.<\/p>","protected":false},"excerpt":{"rendered":"<div data-track=\"overview\" data-v-83a2b402=\"\">\n<section id=\"activity-overview\" class=\"activity-overview\" data-component=\"overview\" data-v-83a2b402=\"\" data-v-f3236c42=\"\">\n<p class=\"activity-overview__content\" data-test-id=\"activity-overview-content\" data-v-f3236c42=\"\">Erkunden Sie die Hauptstadt der Dominikanischen Republik<\/p>\n<\/section>\n<\/div>\n<div data-track=\"key-details\" data-v-83a2b402=\"\"><\/div>","protected":false},"featured_media":11691,"template":"","meta":[],"product_brand":[],"product_cat":[97],"product_tag":[101,102],"class_list":{"0":"post-11392","1":"product","2":"type-product","3":"status-publish","4":"has-post-thumbnail","6":"product_cat-dominican-republic","7":"product_tag-excursion","8":"product_tag-tour","10":"first","11":"instock","12":"shipping-taxable","13":"product-type-external"},"_links":{"self":[{"href":"https:\/\/sabanadelamartours.com\/de\/wp-json\/wp\/v2\/product\/11392","targetHints":{"allow":["GET"]}}],"collection":[{"href":"https:\/\/sabanadelamartours.com\/de\/wp-json\/wp\/v2\/product"}],"about":[{"href":"https:\/\/sabanadelamartours.com\/de\/wp-json\/wp\/v2\/types\/product"}],"version-history":[{"count":0,"href":"https:\/\/sabanadelamartours.com\/de\/wp-json\/wp\/v2\/product\/11392\/revisions"}],"wp:featuredmedia":[{"embeddable":true,"href":"https:\/\/sabanadelamartours.com\/de\/wp-json\/wp\/v2\/media\/11691"}],"wp:attachment":[{"href":"https:\/\/sabanadelamartours.com\/de\/wp-json\/wp\/v2\/media?parent=11392"}],"wp:term":[{"taxonomy":"product_brand","embeddable":true,"href":"https:\/\/sabanadelamartours.com\/de\/wp-json\/wp\/v2\/product_brand?post=11392"},{"taxonomy":"product_cat","embeddable":true,"href":"https:\/\/sabanadelamartours.com\/de\/wp-json\/wp\/v2\/product_cat?post=11392"},{"taxonomy":"product_tag","embeddable":true,"href":"https:\/\/sabanadelamartours.com\/de\/wp-json\/wp\/v2\/product_tag?post=11392"}],"curies":[{"name":"wp","href":"https:\/\/api.w.org\/{rel}","templated":true}]}}