{"id":11401,"date":"2025-12-18T10:11:36","date_gmt":"2025-12-18T10:11:36","guid":{"rendered":"https:\/\/sabanadelamartours.com\/?post_type=product&#038;p=11401"},"modified":"2025-12-18T10:22:16","modified_gmt":"2025-12-18T10:22:16","slug":"12606","status":"publish","type":"product","link":"https:\/\/sabanadelamartours.com\/de\/tour\/12606\/","title":{"rendered":""},"content":{"rendered":"<p>Entdecken Sie die reiche Geschichte und lebendige Kultur der Dominikanischen Republik auf unserer ganzt\u00e4gigen Santo Domingo City Tour, die in Punta Cana beginnt. Dieses 9-10-st\u00fcndige Erlebnis kombiniert Spazierg\u00e4nge und Busfahrten und bietet eine umfassende Erkundung der Hauptstadt des Landes.<\/p>\n<p>Ihre Reise beginnt mit der bequemen Abholung von den Hotels und Resorts in Punta Cana, wo Sie sich auf einen Tag voller Abenteuer vorbereiten k\u00f6nnen. Sie besuchen ber\u00fchmte Sehensw\u00fcrdigkeiten wie Los Tres Ojos, ein beeindruckendes unterirdisches H\u00f6hlensystem mit kristallklaren Lagunen, und den Faro a Col\u00f3n, einen monumentalen Leuchtturm, der Christoph Kolumbus gewidmet ist. Erkunden Sie die Casa de Col\u00f3n (Kolumbus-Haus) und spazieren Sie durch den historischen Parque Col\u00f3n und den Parque Duarte im Herzen der Zona Colonial, die zum UNESCO-Weltkulturerbe geh\u00f6rt.<\/p>\n<p>Bestaunen Sie die architektonische Pracht des Alc\u00e1zar de Col\u00f3n und die Catedral Primada de Am\u00e9rica, die \u00e4lteste Kathedrale der Neuen Welt. Genie\u00dfen Sie ein k\u00f6stliches Mittagessen im Mugado-Restaurant in der Zona Colonial und probieren Sie traditionelle dominikanische Spezialit\u00e4ten. Die Tour beinhaltet auch einen Besuch in einer Larimar-Fabrik, wo Sie mehr \u00fcber diesen sch\u00f6nen, seltenen blauen Edelstein erfahren und ihn kaufen k\u00f6nnen, der nur in der Dominikanischen Republik vorkommt.<\/p>\n<p>Diese Tour, die auf Spanisch, Englisch, Franz\u00f6sisch und Portugiesisch angeboten wird, ist ideal f\u00fcr Geschichts- und Kulturliebhaber sowie f\u00fcr alle, die das Wesen von Santo Domingo kennenlernen m\u00f6chten.<\/p>","protected":false},"excerpt":{"rendered":"<div data-track=\"overview\" data-v-83a2b402=\"\">\n<section id=\"activity-overview\" class=\"activity-overview\" data-component=\"overview\" data-v-83a2b402=\"\" data-v-f3236c42=\"\">\n<p class=\"activity-overview__content\" data-test-id=\"activity-overview-content\" data-v-f3236c42=\"\">Erkunden Sie die reiche Geschichte und lebendige Kultur von Santo Domingo auf einer 9-10-st\u00fcndigen Stadtrundfahrt von Punta Cana aus, bei der Sie zu Fu\u00df und mit dem Bus unterwegs sind, um die Dominikanische Republik umfassend kennenzulernen.<\/p>\n<\/section>\n<\/div>\n<div data-track=\"key-details\" data-v-83a2b402=\"\"><\/div>","protected":false},"featured_media":11702,"template":"","meta":[],"product_brand":[],"product_cat":[97],"product_tag":[101,102],"class_list":{"0":"post-11401","1":"product","2":"type-product","3":"status-publish","4":"has-post-thumbnail","6":"product_cat-dominican-republic","7":"product_tag-excursion","8":"product_tag-tour","10":"first","11":"instock","12":"sale","13":"shipping-taxable","14":"product-type-external"},"_links":{"self":[{"href":"https:\/\/sabanadelamartours.com\/de\/wp-json\/wp\/v2\/product\/11401","targetHints":{"allow":["GET"]}}],"collection":[{"href":"https:\/\/sabanadelamartours.com\/de\/wp-json\/wp\/v2\/product"}],"about":[{"href":"https:\/\/sabanadelamartours.com\/de\/wp-json\/wp\/v2\/types\/product"}],"version-history":[{"count":0,"href":"https:\/\/sabanadelamartours.com\/de\/wp-json\/wp\/v2\/product\/11401\/revisions"}],"wp:featuredmedia":[{"embeddable":true,"href":"https:\/\/sabanadelamartours.com\/de\/wp-json\/wp\/v2\/media\/11702"}],"wp:attachment":[{"href":"https:\/\/sabanadelamartours.com\/de\/wp-json\/wp\/v2\/media?parent=11401"}],"wp:term":[{"taxonomy":"product_brand","embeddable":true,"href":"https:\/\/sabanadelamartours.com\/de\/wp-json\/wp\/v2\/product_brand?post=11401"},{"taxonomy":"product_cat","embeddable":true,"href":"https:\/\/sabanadelamartours.com\/de\/wp-json\/wp\/v2\/product_cat?post=11401"},{"taxonomy":"product_tag","embeddable":true,"href":"https:\/\/sabanadelamartours.com\/de\/wp-json\/wp\/v2\/product_tag?post=11401"}],"curies":[{"name":"wp","href":"https:\/\/api.w.org\/{rel}","templated":true}]}}