{"id":11464,"date":"2025-12-18T10:13:37","date_gmt":"2025-12-18T10:13:37","guid":{"rendered":"https:\/\/sabanadelamartours.com\/?post_type=product&#038;p=11464"},"modified":"2026-02-14T07:04:16","modified_gmt":"2026-02-14T07:04:16","slug":"-57","status":"publish","type":"product","link":"https:\/\/sabanadelamartours.com\/de\/tour\/-57\/","title":{"rendered":"4Wheel auf der Stra\u00dfe"},"content":{"rendered":"<p>Sie werden am Treffpunkt abgeholt und fahren 15 bis 25 Minuten bis zum Hauptort. Sie erhalten ein ATV und eine kurze Sicherheitseinweisung, damit Sie sich wohlf\u00fchlen und eine sichere Fahrt machen k\u00f6nnen.<\/p>\n<p>Sie folgen Ihrem ATV-F\u00fchrer auf einer aufregenden Tour, die Sie durch die l\u00e4ndliche Umgebung und die beeindruckende Landschaft von Puerto Plata f\u00fchrt,<\/p>\n<p>W\u00e4hrend des Ausflugs haben Sie die M\u00f6glichkeit, anzuhalten, Fotos zu machen und die Aussicht zu genie\u00dfen. Auch gibt es einige Zeit am Strand etwa 20min.<\/p>\n<p>Bei diesem Ausflug sind keine Flip Flops oder Sandalen erlaubt.<\/p>\n<p>Sie m\u00fcssen ein Taschentuch mitbringen, um den Mund vor Staub zu sch\u00fctzen, oder Sie k\u00f6nnen es vor Ort f\u00fcr 5 \u20ac pro Paar kaufen.<\/p>\n<div class=\"toggle-content__content toggle-content__content--expanded toggle-content__content--packable\" data-v-59485d64=\"\">\n<div data-test-id=\"activity-full-description-text\" data-v-5835c99c=\"\">Kinder m\u00fcssen ab 8 Jahren sein und teilen sich ein Doppel-ATV mit einem Erwachsenen; nat\u00fcrlich f\u00e4hrt der Erwachsene.<\/div>\n<\/div>\n<div class=\"toggle-content__label-placeholder\" data-v-59485d64=\"\"><\/div>","protected":false},"excerpt":{"rendered":"<div data-track=\"overview\" data-v-83a2b402=\"\">\n<section id=\"activity-overview\" class=\"activity-overview\" data-component=\"overview\" data-v-83a2b402=\"\" data-v-f3236c42=\"\">\n<p class=\"activity-overview__content\" data-test-id=\"activity-overview-content\" data-v-f3236c42=\"\">Ein aufregendes ATV-Abenteuer. Fahren Sie Ihr eigenes All-Terrain-Fahrzeug, auch bekannt als Quad. Zeit am Strand.<\/p>\n<\/section>\n<\/div>\n<div data-track=\"key-details\" data-v-83a2b402=\"\"><\/div>","protected":false},"featured_media":11754,"template":"","meta":[],"product_brand":[],"product_cat":[97],"product_tag":[101,102],"class_list":{"0":"post-11464","1":"product","2":"type-product","3":"status-publish","4":"has-post-thumbnail","6":"product_cat-dominican-republic","7":"product_tag-excursion","8":"product_tag-tour","10":"first","11":"instock","12":"shipping-taxable","13":"product-type-external"},"_links":{"self":[{"href":"https:\/\/sabanadelamartours.com\/de\/wp-json\/wp\/v2\/product\/11464","targetHints":{"allow":["GET"]}}],"collection":[{"href":"https:\/\/sabanadelamartours.com\/de\/wp-json\/wp\/v2\/product"}],"about":[{"href":"https:\/\/sabanadelamartours.com\/de\/wp-json\/wp\/v2\/types\/product"}],"version-history":[{"count":1,"href":"https:\/\/sabanadelamartours.com\/de\/wp-json\/wp\/v2\/product\/11464\/revisions"}],"predecessor-version":[{"id":18495,"href":"https:\/\/sabanadelamartours.com\/de\/wp-json\/wp\/v2\/product\/11464\/revisions\/18495"}],"wp:featuredmedia":[{"embeddable":true,"href":"https:\/\/sabanadelamartours.com\/de\/wp-json\/wp\/v2\/media\/11754"}],"wp:attachment":[{"href":"https:\/\/sabanadelamartours.com\/de\/wp-json\/wp\/v2\/media?parent=11464"}],"wp:term":[{"taxonomy":"product_brand","embeddable":true,"href":"https:\/\/sabanadelamartours.com\/de\/wp-json\/wp\/v2\/product_brand?post=11464"},{"taxonomy":"product_cat","embeddable":true,"href":"https:\/\/sabanadelamartours.com\/de\/wp-json\/wp\/v2\/product_cat?post=11464"},{"taxonomy":"product_tag","embeddable":true,"href":"https:\/\/sabanadelamartours.com\/de\/wp-json\/wp\/v2\/product_tag?post=11464"}],"curies":[{"name":"wp","href":"https:\/\/api.w.org\/{rel}","templated":true}]}}