{"id":11541,"date":"2025-12-18T10:16:15","date_gmt":"2025-12-18T10:16:15","guid":{"rendered":"https:\/\/sabanadelamartours.com\/?post_type=product&#038;p=11541"},"modified":"2026-01-06T10:47:31","modified_gmt":"2026-01-06T10:47:31","slug":"-62","status":"publish","type":"product","link":"https:\/\/sabanadelamartours.com\/de\/tour\/-62\/","title":{"rendered":"\u00c1guilas Bay, Barahona All-Inclusive-Erlebnis"},"content":{"rendered":"<p>Unsere Eagle Bay Tour ist ein einzigartiges Naturerlebnis, das einen au\u00dfergew\u00f6hnlichen Kundenservice bietet. Das Wohlbefinden unserer Kunden liegt uns am Herzen, deshalb bieten wir Annehmlichkeiten, die ihren Komfort zu jeder Zeit garantieren. Genie\u00dfen Sie ein k\u00f6stliches Mittagessen in einer paradiesischen Atmosph\u00e4re, w\u00e4hrend Sie die nat\u00fcrliche Sch\u00f6nheit der Bucht bewundern. Au\u00dferdem haben wir Zelte am Strand aufgestellt, damit sich unsere Kunden in aller Ruhe und mit mehr Komfort entspannen k\u00f6nnen.<\/p>\n<p>Sie reisen in einem komfortablen und modernen Minivan mit Klimaanlage, so dass Sie die Reise genie\u00dfen k\u00f6nnen, ohne sich um das tropische Klima zu sorgen. Unser sachkundiges und freundliches Personal steht Ihnen w\u00e4hrend der Tour jederzeit zur Verf\u00fcgung und sorgt daf\u00fcr, dass Ihre Reise zu einem unvergesslichen Erlebnis wird.<\/p>\n<div class=\"toggle-content__content toggle-content__content--expanded toggle-content__content--packable\" data-v-59485d64=\"\">\n<div data-test-id=\"activity-full-description-text\" data-v-5835c99c=\"\">Kurzum, unsere Tour zur Bah\u00eda de las \u00c1guilas ist die perfekte Kombination aus Natur, Komfort und au\u00dfergew\u00f6hnlichem Kundenservice.<\/div>\n<\/div>\n<div class=\"toggle-content__label-placeholder\" data-v-59485d64=\"\"><\/div>","protected":false},"excerpt":{"rendered":"<div data-track=\"overview\" data-v-83a2b402=\"\">\n<section id=\"activity-overview\" class=\"activity-overview\" data-component=\"overview\" data-v-83a2b402=\"\" data-v-f3236c42=\"\">\n<p class=\"activity-overview__content\" data-test-id=\"activity-overview-content\" data-v-f3236c42=\"\">Bucht von \u00c1guilas, All-inclusive-Erlebnis von Pedernales<\/p>\n<\/section>\n<\/div>\n<div data-track=\"key-details\" data-v-83a2b402=\"\"><\/div>","protected":false},"featured_media":11849,"template":"","meta":[],"product_brand":[],"product_cat":[97],"product_tag":[101,102],"class_list":{"0":"post-11541","1":"product","2":"type-product","3":"status-publish","4":"has-post-thumbnail","6":"product_cat-dominican-republic","7":"product_tag-excursion","8":"product_tag-tour","10":"first","11":"instock","12":"shipping-taxable","13":"product-type-external"},"_links":{"self":[{"href":"https:\/\/sabanadelamartours.com\/de\/wp-json\/wp\/v2\/product\/11541","targetHints":{"allow":["GET"]}}],"collection":[{"href":"https:\/\/sabanadelamartours.com\/de\/wp-json\/wp\/v2\/product"}],"about":[{"href":"https:\/\/sabanadelamartours.com\/de\/wp-json\/wp\/v2\/types\/product"}],"version-history":[{"count":1,"href":"https:\/\/sabanadelamartours.com\/de\/wp-json\/wp\/v2\/product\/11541\/revisions"}],"predecessor-version":[{"id":18500,"href":"https:\/\/sabanadelamartours.com\/de\/wp-json\/wp\/v2\/product\/11541\/revisions\/18500"}],"wp:featuredmedia":[{"embeddable":true,"href":"https:\/\/sabanadelamartours.com\/de\/wp-json\/wp\/v2\/media\/11849"}],"wp:attachment":[{"href":"https:\/\/sabanadelamartours.com\/de\/wp-json\/wp\/v2\/media?parent=11541"}],"wp:term":[{"taxonomy":"product_brand","embeddable":true,"href":"https:\/\/sabanadelamartours.com\/de\/wp-json\/wp\/v2\/product_brand?post=11541"},{"taxonomy":"product_cat","embeddable":true,"href":"https:\/\/sabanadelamartours.com\/de\/wp-json\/wp\/v2\/product_cat?post=11541"},{"taxonomy":"product_tag","embeddable":true,"href":"https:\/\/sabanadelamartours.com\/de\/wp-json\/wp\/v2\/product_tag?post=11541"}],"curies":[{"name":"wp","href":"https:\/\/api.w.org\/{rel}","templated":true}]}}