{"id":11542,"date":"2025-12-18T10:16:15","date_gmt":"2025-12-18T10:16:15","guid":{"rendered":"https:\/\/sabanadelamartours.com\/?post_type=product&#038;p=11542"},"modified":"2026-02-09T05:29:58","modified_gmt":"2026-02-09T05:29:58","slug":"-63","status":"publish","type":"product","link":"https:\/\/sabanadelamartours.com\/de\/tour\/-63\/","title":{"rendered":"Bah\u00eda de las \u00c1guilas + Laguna de Oviedo \u00a1TODO INCLUIDO!"},"content":{"rendered":"<p>Entdecken Sie die nat\u00fcrliche Sch\u00f6nheit der Dominikanischen Republik auf einer ganzt\u00e4gigen Tour von Barahona aus. Besuchen Sie den T\u00fanel Natural de los Olivares, La Casita de Juan Bosch, die Pozos de Romeo und die Laguna Oviedo. Zum Abschluss entspannen Sie sich am wundersch\u00f6nen Strand Bah\u00eda de las \u00c1guilas.<\/p>\n<p>Beginnen Sie Ihre Tour mit einem Besuch des T\u00fanel Natural de los Olivares, einem Naturwunder, das aus vom Wasser erodiertem Kalkstein besteht. Anschlie\u00dfend besuchen Sie La Casita de Juan Bosch, wo Sie mehr \u00fcber das Leben und die Arbeit des ber\u00fchmten dominikanischen Schriftstellers und Politikers erfahren.<\/p>\n<p>Weiter geht es zu den Pozos de Romeo, einer beeindruckenden Ansammlung von kristallklaren Wasserbecken, die von tropischer Vegetation umgeben sind. Nehmen Sie ein erfrischendes Bad und genie\u00dfen Sie die Landschaft. Anschlie\u00dfend besuchen Sie die Laguna Oviedo, ein gesch\u00fctztes Feuchtgebiet, in dem verschiedene Vogelarten und Krokodile leben.<\/p>\n<p>Machen Sie eine Bootsfahrt und beobachten Sie die Flora und Fauna der Gegend. Genie\u00dfen Sie die Gelegenheit, ein nat\u00fcrliches Schlammbad in der Laguna de Oviedo zu nehmen. Der Schlamm in der Lagune ist reich an Mineralien und N\u00e4hrstoffen, die gut f\u00fcr die Haut sind.<\/p>\n<p>Zu den Vorteilen eines Schlammbads in der Laguna de Oviedo geh\u00f6ren die Tiefenreinigung der Haut, der Abbau von Giftstoffen, die Verbesserung der Durchblutung und die Verringerung von Entz\u00fcndungen. Der Schlamm kann auch dazu beitragen, die Haut weicher zu machen und ihre Textur zu verbessern.<\/p>\n<div class=\"toggle-content__content toggle-content__content--expanded toggle-content__content--packable\" data-v-59485d64=\"\">\n<div data-test-id=\"activity-full-description-text\" data-v-5835c99c=\"\">Schlie\u00dflich erreichen Sie Ihr Hauptziel, die Bah\u00eda de las \u00c1guilas. Diese Bucht gilt als einer der sch\u00f6nsten Str\u00e4nde der Welt und verf\u00fcgt \u00fcber einen weitl\u00e4ufigen Strand mit wei\u00dfem Sand und kristallklarem, t\u00fcrkisfarbenem Wasser. Genie\u00dfen Sie einen Tag am Strand, gehen Sie schnorcheln oder entspannen Sie einfach unter der karibischen Sonne.<\/div>\n<\/div>\n<div class=\"toggle-content__label-placeholder\" data-v-59485d64=\"\"><\/div>","protected":false},"excerpt":{"rendered":"<div data-track=\"overview\" data-v-83a2b402=\"\">\n<section id=\"activity-overview\" class=\"activity-overview\" data-component=\"overview\" data-v-83a2b402=\"\" data-v-f3236c42=\"\">\n<p class=\"activity-overview__content\" data-test-id=\"activity-overview-content\" data-v-f3236c42=\"\">Entdecken Sie die nat\u00fcrliche Sch\u00f6nheit der Dominikanischen Republik bei einem Tagesausflug zur Bahia de las Aguilas und zur Lagune von Oviedo.<\/p>\n<\/section>\n<\/div>\n<div data-track=\"key-details\" data-v-83a2b402=\"\"><\/div>","protected":false},"featured_media":11859,"template":"","meta":[],"product_brand":[],"product_cat":[97],"product_tag":[101,102],"class_list":{"0":"post-11542","1":"product","2":"type-product","3":"status-publish","4":"has-post-thumbnail","6":"product_cat-dominican-republic","7":"product_tag-excursion","8":"product_tag-tour","10":"first","11":"instock","12":"shipping-taxable","13":"product-type-external"},"_links":{"self":[{"href":"https:\/\/sabanadelamartours.com\/de\/wp-json\/wp\/v2\/product\/11542","targetHints":{"allow":["GET"]}}],"collection":[{"href":"https:\/\/sabanadelamartours.com\/de\/wp-json\/wp\/v2\/product"}],"about":[{"href":"https:\/\/sabanadelamartours.com\/de\/wp-json\/wp\/v2\/types\/product"}],"version-history":[{"count":1,"href":"https:\/\/sabanadelamartours.com\/de\/wp-json\/wp\/v2\/product\/11542\/revisions"}],"predecessor-version":[{"id":18501,"href":"https:\/\/sabanadelamartours.com\/de\/wp-json\/wp\/v2\/product\/11542\/revisions\/18501"}],"wp:featuredmedia":[{"embeddable":true,"href":"https:\/\/sabanadelamartours.com\/de\/wp-json\/wp\/v2\/media\/11859"}],"wp:attachment":[{"href":"https:\/\/sabanadelamartours.com\/de\/wp-json\/wp\/v2\/media?parent=11542"}],"wp:term":[{"taxonomy":"product_brand","embeddable":true,"href":"https:\/\/sabanadelamartours.com\/de\/wp-json\/wp\/v2\/product_brand?post=11542"},{"taxonomy":"product_cat","embeddable":true,"href":"https:\/\/sabanadelamartours.com\/de\/wp-json\/wp\/v2\/product_cat?post=11542"},{"taxonomy":"product_tag","embeddable":true,"href":"https:\/\/sabanadelamartours.com\/de\/wp-json\/wp\/v2\/product_tag?post=11542"}],"curies":[{"name":"wp","href":"https:\/\/api.w.org\/{rel}","templated":true}]}}