{"id":11593,"date":"2025-12-18T10:17:55","date_gmt":"2025-12-18T10:17:55","guid":{"rendered":"https:\/\/sabanadelamartours.com\/?post_type=product&#038;p=11593"},"modified":"2026-01-06T10:59:33","modified_gmt":"2026-01-06T10:59:33","slug":"-68","status":"publish","type":"product","link":"https:\/\/sabanadelamartours.com\/de\/tour\/-68\/","title":{"rendered":"Punta Cana: Blaue Lagune Cenote, Wasserfall Pool, &amp; Fluss Tour"},"content":{"rendered":"<p>Enjoy our stunning open cenote, surrounded by lush vegetation. Our freshwater lagoon is a serene place you will never want to leave. Relax and go with the flow on our beautiful Jungle River ride. Every member of the family will enjoy this relaxing and scenic trip, located in the middle of our park. A unique experience surrounded by exuberant nature, cascading curtains, and the spooky cavern. Floating on inner tubes, guests meander slowly around through a tropical landscape guided by a gentle current. An amazing and unique adventure in Punta Cana, fun for all the family!<\/p>","protected":false},"excerpt":{"rendered":"<div data-track=\"overview\" data-v-83a2b402=\"\">\n<section id=\"activity-overview\" class=\"activity-overview\" data-component=\"overview\" data-v-83a2b402=\"\" data-v-f3236c42=\"\">\n<p class=\"activity-overview__content\" data-test-id=\"activity-overview-content\" data-v-f3236c42=\"\">Bei dieser Tour mit Abholung in Bavaro, Uvero Alto und Macao in Punta Cana k\u00f6nnen Sie in einer Cenote plantschen. Gleiten Sie auf Schl\u00e4uchen in sanftem Tempo durch die tropische Landschaft und haben Sie Spa\u00df mit der ganzen Familie.<\/p>\n<\/section>\n<\/div>\n<div data-track=\"key-details\" data-v-83a2b402=\"\"><\/div>","protected":false},"featured_media":11908,"template":"","meta":[],"product_brand":[],"product_cat":[97],"product_tag":[101,102],"class_list":{"0":"post-11593","1":"product","2":"type-product","3":"status-publish","4":"has-post-thumbnail","6":"product_cat-dominican-republic","7":"product_tag-excursion","8":"product_tag-tour","10":"first","11":"instock","12":"shipping-taxable","13":"product-type-external"},"_links":{"self":[{"href":"https:\/\/sabanadelamartours.com\/de\/wp-json\/wp\/v2\/product\/11593","targetHints":{"allow":["GET"]}}],"collection":[{"href":"https:\/\/sabanadelamartours.com\/de\/wp-json\/wp\/v2\/product"}],"about":[{"href":"https:\/\/sabanadelamartours.com\/de\/wp-json\/wp\/v2\/types\/product"}],"version-history":[{"count":1,"href":"https:\/\/sabanadelamartours.com\/de\/wp-json\/wp\/v2\/product\/11593\/revisions"}],"predecessor-version":[{"id":18508,"href":"https:\/\/sabanadelamartours.com\/de\/wp-json\/wp\/v2\/product\/11593\/revisions\/18508"}],"wp:featuredmedia":[{"embeddable":true,"href":"https:\/\/sabanadelamartours.com\/de\/wp-json\/wp\/v2\/media\/11908"}],"wp:attachment":[{"href":"https:\/\/sabanadelamartours.com\/de\/wp-json\/wp\/v2\/media?parent=11593"}],"wp:term":[{"taxonomy":"product_brand","embeddable":true,"href":"https:\/\/sabanadelamartours.com\/de\/wp-json\/wp\/v2\/product_brand?post=11593"},{"taxonomy":"product_cat","embeddable":true,"href":"https:\/\/sabanadelamartours.com\/de\/wp-json\/wp\/v2\/product_cat?post=11593"},{"taxonomy":"product_tag","embeddable":true,"href":"https:\/\/sabanadelamartours.com\/de\/wp-json\/wp\/v2\/product_tag?post=11593"}],"curies":[{"name":"wp","href":"https:\/\/api.w.org\/{rel}","templated":true}]}}