{"id":11614,"date":"2025-12-18T10:18:36","date_gmt":"2025-12-18T10:18:36","guid":{"rendered":"https:\/\/sabanadelamartours.com\/?post_type=product&#038;p=11614"},"modified":"2026-02-09T05:31:40","modified_gmt":"2026-02-09T05:31:40","slug":"-69","status":"publish","type":"product","link":"https:\/\/sabanadelamartours.com\/de\/tour\/-69\/","title":{"rendered":"Punta Cana Tagesausflug von Punta Cana nach Los Haitises"},"content":{"rendered":"<p>Los Haitises Day Trip We&#8217;ll pick you up at your hotel in Punta Cana from 6:30 am onwards and set off for Los Haitises National Park, a unique karst landscape bathed by the waters of Saman\u00e1 Bay.<\/p>\n<p>Nach der Ankunft gehen wir an Bord eines Bootes und fahren auf dem Ca\u00f1o Hondo-Fluss in Richtung San Lorenzo-Bucht, w\u00e4hrend wir am Ufer nach roten Mangrovenb\u00e4umen Ausschau halten. Auf offenem Wasser k\u00f6nnen wir felsige Mogoten entdecken, in denen es von Pelikanen und Gabelschwanzschn\u00e4ppern wimmelt.<\/p>\n<p>Die Expedition geht weiter zu den H\u00f6hlen Arena und Linea, die einst von den Ta\u00edno-Indianern genutzt wurden. Im Inneren der H\u00f6hlen sind Piktogramme und Petroglyphen der Eingeborenen zu sehen.<\/p>\n<p>Unser n\u00e4chster Halt ist das Ca\u00f1o Hondo Paradise Hotel, wo wir das Boot verlassen und die wundersch\u00f6nen nat\u00fcrlichen Pools auf dem Hotelgel\u00e4nde besichtigen werden. Sie k\u00f6nnen ein erfrischendes Bad im Fluss Jivales nehmen, bevor Sie ein traditionelles dominikanisches Mittagessen einnehmen, das wir an diesem idyllischen Ort einnehmen werden.<\/p>\n<p>Frisch gest\u00e4rkt steigen wir in einen Jeep und fahren zum Gipfel des Berges Redonda, der sich zwischen zwei Lagunen befindet: Lim\u00f3n und Redonda. Vom Gipfel aus wird die Aussicht auf den Dschungel wie aus einem M\u00e4rchen wirken.<\/p>\n<p>Schlie\u00dflich kehren wir auf das Festland zur\u00fcck und fahren zur\u00fcck nach Punta Cana, wo wir zwischen 16:30 und 18:30 Uhr in Ihrem Hotel ankommen.<\/p>","protected":false},"excerpt":{"rendered":"<p>Tagestour zu den Naturwundern des Nationalparks Los Haitises auf einem Ausflug von Punta Cana aus. Fahren Sie auf einem Boot, besuchen Sie nat\u00fcrliche H\u00f6hlen und Pools und fahren Sie mit einem Jeep auf den Gipfel des Monta\u00f1a Redonda.<\/p>\n<div data-track=\"key-details\" data-v-83a2b402=\"\"><\/div>","protected":false},"featured_media":11924,"template":"","meta":[],"product_brand":[],"product_cat":[97],"product_tag":[101,102],"class_list":{"0":"post-11614","1":"product","2":"type-product","3":"status-publish","4":"has-post-thumbnail","6":"product_cat-dominican-republic","7":"product_tag-excursion","8":"product_tag-tour","10":"first","11":"instock","12":"shipping-taxable","13":"product-type-external"},"_links":{"self":[{"href":"https:\/\/sabanadelamartours.com\/de\/wp-json\/wp\/v2\/product\/11614","targetHints":{"allow":["GET"]}}],"collection":[{"href":"https:\/\/sabanadelamartours.com\/de\/wp-json\/wp\/v2\/product"}],"about":[{"href":"https:\/\/sabanadelamartours.com\/de\/wp-json\/wp\/v2\/types\/product"}],"version-history":[{"count":2,"href":"https:\/\/sabanadelamartours.com\/de\/wp-json\/wp\/v2\/product\/11614\/revisions"}],"predecessor-version":[{"id":18864,"href":"https:\/\/sabanadelamartours.com\/de\/wp-json\/wp\/v2\/product\/11614\/revisions\/18864"}],"wp:featuredmedia":[{"embeddable":true,"href":"https:\/\/sabanadelamartours.com\/de\/wp-json\/wp\/v2\/media\/11924"}],"wp:attachment":[{"href":"https:\/\/sabanadelamartours.com\/de\/wp-json\/wp\/v2\/media?parent=11614"}],"wp:term":[{"taxonomy":"product_brand","embeddable":true,"href":"https:\/\/sabanadelamartours.com\/de\/wp-json\/wp\/v2\/product_brand?post=11614"},{"taxonomy":"product_cat","embeddable":true,"href":"https:\/\/sabanadelamartours.com\/de\/wp-json\/wp\/v2\/product_cat?post=11614"},{"taxonomy":"product_tag","embeddable":true,"href":"https:\/\/sabanadelamartours.com\/de\/wp-json\/wp\/v2\/product_tag?post=11614"}],"curies":[{"name":"wp","href":"https:\/\/api.w.org\/{rel}","templated":true}]}}