{"id":11641,"date":"2025-12-18T10:19:29","date_gmt":"2025-12-18T10:19:29","guid":{"rendered":"https:\/\/sabanadelamartours.com\/?post_type=product&#038;p=11641"},"modified":"2025-12-18T10:32:43","modified_gmt":"2025-12-18T10:32:43","slug":"buggy-fur-2","status":"publish","type":"product","link":"https:\/\/sabanadelamartours.com\/de\/tour\/buggy-fur-2\/","title":{"rendered":"Buggy f\u00fcr 2"},"content":{"rendered":"<p>Ein Buggy-Ausflug in Puerto Plata ist ein aufregendes Erlebnis f\u00fcr Liebhaber von Abenteuer und Erkundung. Mit J Carlos Travel k\u00f6nnen Sie dieses unglaubliche Erlebnis genie\u00dfen, das Transport und Snacks beinhaltet.<\/p>\n<p>Damit Sie die Buggy-Tour in Puerto Plata genie\u00dfen k\u00f6nnen, ist es wichtig, dass Sie bequeme und sportliche Kleidung tragen. Bei dieser Aktivit\u00e4t fahren Sie mit dem Buggy \u00fcber unbefestigte Stra\u00dfen und Naturpfade. Daher ist es ratsam, Kleidung zu tragen, in der Sie sich frei bewegen k\u00f6nnen und die Sie vor der Sonne und der Meeresbrise sch\u00fctzt.<\/p>\n<p>Sobald Sie am Treffpunkt mit J Carlos Travel ankommen, werden Sie empfangen und mit der notwendigen Ausr\u00fcstung f\u00fcr den Buggy-Ausflug ausgestattet. Dann werden Sie in einem komfortablen Transportmittel zu dem Ort gebracht, an dem das Abenteuer beginnt.<\/p>\n<p>W\u00e4hrend des Buggy-Ausflugs in Puerto Plata werden Sie wundersch\u00f6ne Landschaften und beeindruckende Ausblicke auf die K\u00fcste und die Berge genie\u00dfen k\u00f6nnen. Die Route f\u00fchrt Sie \u00fcber unbefestigte Stra\u00dfen, B\u00e4che und Naturpfade, wo Sie die Frische der Natur und die Meeresbrise sp\u00fcren k\u00f6nnen.<\/p>\n<p>Damit Sie den Ausflug unbeschwert genie\u00dfen k\u00f6nnen, bietet J Carlos Travel w\u00e4hrend der Aktivit\u00e4t Snacks an. Sie werden ein erfrischendes Getr\u00e4nk und einen kleinen Snack genie\u00dfen k\u00f6nnen, um Ihre Batterien w\u00e4hrend des Abenteuers wieder aufzuladen.<\/p>\n<p>Dar\u00fcber hinaus ist das Team von J Carlos Travel sehr gut ausgebildet und erfahren in Sachen Buggy-Ausfl\u00fcge in Puerto Plata. Sie versorgen Sie mit Informationen \u00fcber die Geschichte und Kultur der Region und beantworten alle Fragen, die Sie \u00fcber die Aktivit\u00e4t oder den Ort haben.<\/p>\n<div class=\"toggle-content__content toggle-content__content--expanded toggle-content__content--packable\" data-v-59485d64=\"\">\n<div data-test-id=\"activity-full-description-text\" data-v-5835c99c=\"\">Zusammenfassend l\u00e4sst sich sagen, dass die Buggy-Tour mit J Carlos Travel eine ausgezeichnete Option ist, wenn Sie ein aufregendes Abenteuer in Puerto Plata suchen. Verpassen Sie nicht die Gelegenheit, die verborgenen Sch\u00e4tze der Nordk\u00fcste der Dominikanischen Republik in einem Buggy zu erkunden. Transport und Erfrischungen sind im Preis inbegriffen, Sie m\u00fcssen nur Sportkleidung und Lust auf ein unvergessliches Erlebnis mitbringen.<\/div>\n<\/div>\n<div class=\"toggle-content__label-placeholder\" data-v-59485d64=\"\"><\/div>","protected":false},"excerpt":{"rendered":"<div data-track=\"overview\" data-v-83a2b402=\"\">\n<section id=\"activity-overview\" class=\"activity-overview\" data-component=\"overview\" data-v-83a2b402=\"\" data-v-f3236c42=\"\">\n<p class=\"activity-overview__content\" data-test-id=\"activity-overview-content\" data-v-f3236c42=\"\">F\u00fcr Liebhaber von Abenteuer und Adrenalin Schmutzige Stra\u00dfen Teilen Sie die Fahrt<\/p>\n<\/section>\n<\/div>\n<div data-track=\"key-details\" data-v-83a2b402=\"\"><\/div>","protected":false},"featured_media":11958,"template":"","meta":[],"product_brand":[],"product_cat":[97],"product_tag":[101,102],"class_list":{"0":"post-11641","1":"product","2":"type-product","3":"status-publish","4":"has-post-thumbnail","6":"product_cat-dominican-republic","7":"product_tag-excursion","8":"product_tag-tour","10":"first","11":"instock","12":"shipping-taxable","13":"product-type-external"},"_links":{"self":[{"href":"https:\/\/sabanadelamartours.com\/de\/wp-json\/wp\/v2\/product\/11641","targetHints":{"allow":["GET"]}}],"collection":[{"href":"https:\/\/sabanadelamartours.com\/de\/wp-json\/wp\/v2\/product"}],"about":[{"href":"https:\/\/sabanadelamartours.com\/de\/wp-json\/wp\/v2\/types\/product"}],"version-history":[{"count":0,"href":"https:\/\/sabanadelamartours.com\/de\/wp-json\/wp\/v2\/product\/11641\/revisions"}],"wp:featuredmedia":[{"embeddable":true,"href":"https:\/\/sabanadelamartours.com\/de\/wp-json\/wp\/v2\/media\/11958"}],"wp:attachment":[{"href":"https:\/\/sabanadelamartours.com\/de\/wp-json\/wp\/v2\/media?parent=11641"}],"wp:term":[{"taxonomy":"product_brand","embeddable":true,"href":"https:\/\/sabanadelamartours.com\/de\/wp-json\/wp\/v2\/product_brand?post=11641"},{"taxonomy":"product_cat","embeddable":true,"href":"https:\/\/sabanadelamartours.com\/de\/wp-json\/wp\/v2\/product_cat?post=11641"},{"taxonomy":"product_tag","embeddable":true,"href":"https:\/\/sabanadelamartours.com\/de\/wp-json\/wp\/v2\/product_tag?post=11641"}],"curies":[{"name":"wp","href":"https:\/\/api.w.org\/{rel}","templated":true}]}}