{"id":11654,"date":"2025-12-18T10:20:09","date_gmt":"2025-12-18T10:20:09","guid":{"rendered":"https:\/\/sabanadelamartours.com\/?post_type=product&#038;p=11654"},"modified":"2026-02-09T05:33:43","modified_gmt":"2026-02-09T05:33:43","slug":"-72","status":"publish","type":"product","link":"https:\/\/sabanadelamartours.com\/de\/tour\/-72\/","title":{"rendered":"Puerto Plata: 2-st\u00fcndiger Reitausflug am Strand"},"content":{"rendered":"<p>Spend 2 hours riding by horseback along one of the most beautiful beaches in Puerto Plata. Start your day at Boca Nueva, where you&#8217;ll meet and mount your horse. Ride along\u00a0 Bergantin Beach, taking in the beautiful sea views and passing by villages on the way.<\/p>\n<div class=\"toggle-content__content toggle-content__content--expanded toggle-content__content--packable\" data-v-59485d64=\"\">\n<div data-test-id=\"activity-full-description-text\" data-v-5835c99c=\"\">Get ready for an extremely relaxing experience: the waves crash softly on the shore as you walk, canter, or trot along the beach. The more experienced can try their hand at a gallop. The best moment of the tour will come when you get the chance to enter the water on horseback (provided your horse is one that likes to get wet). Enjoy a dip in the ocean together with your horse for a truly unforgettable experience.<\/div>\n<\/div>\n<div class=\"toggle-content__label-placeholder\" data-v-59485d64=\"\"><\/div>\n<div data-v-59485d64=\"\"><\/div>","protected":false},"excerpt":{"rendered":"<div data-track=\"overview\" data-v-83a2b402=\"\">\n<section id=\"activity-overview\" class=\"activity-overview\" data-component=\"overview\" data-v-83a2b402=\"\" data-v-f3236c42=\"\">\n<p class=\"activity-overview__content\" data-test-id=\"activity-overview-content\" data-v-f3236c42=\"\">Entdecken Sie auf diesem 2-st\u00fcndigen Ausritt dieses wunderbare tropische Paradies zu Pferd. Folgen Sie den Pfaden zu kristallklaren Wasserf\u00e4llen, die in Kaskaden von den Felsen herabst\u00fcrzen, und zu Berggipfeln mit atemberaubenden Ausblicken auf den Ozean.<\/p>\n<\/section>\n<\/div>\n<div data-track=\"key-details\" data-v-83a2b402=\"\"><\/div>","protected":false},"featured_media":11963,"template":"","meta":[],"product_brand":[],"product_cat":[97],"product_tag":[101,102],"class_list":{"0":"post-11654","1":"product","2":"type-product","3":"status-publish","4":"has-post-thumbnail","6":"product_cat-dominican-republic","7":"product_tag-excursion","8":"product_tag-tour","10":"first","11":"instock","12":"shipping-taxable","13":"product-type-external"},"_links":{"self":[{"href":"https:\/\/sabanadelamartours.com\/de\/wp-json\/wp\/v2\/product\/11654","targetHints":{"allow":["GET"]}}],"collection":[{"href":"https:\/\/sabanadelamartours.com\/de\/wp-json\/wp\/v2\/product"}],"about":[{"href":"https:\/\/sabanadelamartours.com\/de\/wp-json\/wp\/v2\/types\/product"}],"version-history":[{"count":2,"href":"https:\/\/sabanadelamartours.com\/de\/wp-json\/wp\/v2\/product\/11654\/revisions"}],"predecessor-version":[{"id":18514,"href":"https:\/\/sabanadelamartours.com\/de\/wp-json\/wp\/v2\/product\/11654\/revisions\/18514"}],"wp:featuredmedia":[{"embeddable":true,"href":"https:\/\/sabanadelamartours.com\/de\/wp-json\/wp\/v2\/media\/11963"}],"wp:attachment":[{"href":"https:\/\/sabanadelamartours.com\/de\/wp-json\/wp\/v2\/media?parent=11654"}],"wp:term":[{"taxonomy":"product_brand","embeddable":true,"href":"https:\/\/sabanadelamartours.com\/de\/wp-json\/wp\/v2\/product_brand?post=11654"},{"taxonomy":"product_cat","embeddable":true,"href":"https:\/\/sabanadelamartours.com\/de\/wp-json\/wp\/v2\/product_cat?post=11654"},{"taxonomy":"product_tag","embeddable":true,"href":"https:\/\/sabanadelamartours.com\/de\/wp-json\/wp\/v2\/product_tag?post=11654"}],"curies":[{"name":"wp","href":"https:\/\/api.w.org\/{rel}","templated":true}]}}