{"id":11655,"date":"2025-12-18T10:20:09","date_gmt":"2025-12-18T10:20:09","guid":{"rendered":"https:\/\/sabanadelamartours.com\/?post_type=product&#038;p=11655"},"modified":"2026-01-06T11:11:24","modified_gmt":"2026-01-06T11:11:24","slug":"-73","status":"publish","type":"product","link":"https:\/\/sabanadelamartours.com\/de\/tour\/-73\/","title":{"rendered":"Saman\u00e1: Affenland und Open-Air-Safari-Truck-Tour"},"content":{"rendered":"<p>Get up close to the squirrel monkeys of Monkeyland on a guided tour. Hop on an open-air safari truck and immerse yourself in the Dominican countryside.<\/p>\n<p>Begin your day with a visit to Monkey Land. In the tropical jungle, listen to the sounds of nature while keeping an eye out for the cute little squirrel monkeys that abound in this natural environment.<\/p>\n<p>Trained staff give you a plate of fruit that you can offer to the monkeys. These cheeky, friendly creatures love shiny objects \u2014 hang on to your belongings or they will relieve you of loose items for later play.<\/p>\n<div class=\"toggle-content__content toggle-content__content--expanded toggle-content__content--packable\" data-v-59485d64=\"\">\n<div data-test-id=\"activity-full-description-text\" data-v-5835c99c=\"\">This is an awesome opportunity to get up close with these loveable, fun little monkeys.<\/div>\n<\/div>\n<div class=\"toggle-content__label-placeholder\" data-v-59485d64=\"\"><\/div>","protected":false},"excerpt":{"rendered":"<div data-track=\"overview\" data-v-83a2b402=\"\">\n<section id=\"activity-overview\" class=\"activity-overview\" data-component=\"overview\" data-v-83a2b402=\"\" data-v-f3236c42=\"\">\n<p class=\"activity-overview__content\" data-test-id=\"activity-overview-content\" data-v-f3236c42=\"\">Interagieren Sie aus n\u00e4chster N\u00e4he mit unseren wundersch\u00f6nen Totenkopf\u00e4ffchen. Beobachten Sie die Affen in einer nat\u00fcrlichen Umgebung, die einen spektakul\u00e4ren Blick auf die Berge bietet.<\/p>\n<\/section>\n<\/div>\n<div data-track=\"key-details\" data-v-83a2b402=\"\"><\/div>","protected":false},"featured_media":11968,"template":"","meta":[],"product_brand":[],"product_cat":[97],"product_tag":[101,102],"class_list":{"0":"post-11655","1":"product","2":"type-product","3":"status-publish","4":"has-post-thumbnail","6":"product_cat-dominican-republic","7":"product_tag-excursion","8":"product_tag-tour","10":"first","11":"instock","12":"shipping-taxable","13":"product-type-external"},"_links":{"self":[{"href":"https:\/\/sabanadelamartours.com\/de\/wp-json\/wp\/v2\/product\/11655","targetHints":{"allow":["GET"]}}],"collection":[{"href":"https:\/\/sabanadelamartours.com\/de\/wp-json\/wp\/v2\/product"}],"about":[{"href":"https:\/\/sabanadelamartours.com\/de\/wp-json\/wp\/v2\/types\/product"}],"version-history":[{"count":1,"href":"https:\/\/sabanadelamartours.com\/de\/wp-json\/wp\/v2\/product\/11655\/revisions"}],"predecessor-version":[{"id":18515,"href":"https:\/\/sabanadelamartours.com\/de\/wp-json\/wp\/v2\/product\/11655\/revisions\/18515"}],"wp:featuredmedia":[{"embeddable":true,"href":"https:\/\/sabanadelamartours.com\/de\/wp-json\/wp\/v2\/media\/11968"}],"wp:attachment":[{"href":"https:\/\/sabanadelamartours.com\/de\/wp-json\/wp\/v2\/media?parent=11655"}],"wp:term":[{"taxonomy":"product_brand","embeddable":true,"href":"https:\/\/sabanadelamartours.com\/de\/wp-json\/wp\/v2\/product_brand?post=11655"},{"taxonomy":"product_cat","embeddable":true,"href":"https:\/\/sabanadelamartours.com\/de\/wp-json\/wp\/v2\/product_cat?post=11655"},{"taxonomy":"product_tag","embeddable":true,"href":"https:\/\/sabanadelamartours.com\/de\/wp-json\/wp\/v2\/product_tag?post=11655"}],"curies":[{"name":"wp","href":"https:\/\/api.w.org\/{rel}","templated":true}]}}