{"id":11671,"date":"2025-12-18T10:20:45","date_gmt":"2025-12-18T10:20:45","guid":{"rendered":"https:\/\/sabanadelamartours.com\/?post_type=product&#038;p=11671"},"modified":"2026-02-14T07:01:23","modified_gmt":"2026-02-14T07:01:23","slug":"-74","status":"publish","type":"product","link":"https:\/\/sabanadelamartours.com\/de\/tour\/-74\/","title":{"rendered":"Schnorcheln auf der Insel Catalina mit Essen und Getr\u00e4nken (ganzt\u00e4gig)"},"content":{"rendered":"<p>Schnorcheln auf der Insel Catalina mit Essen und Getr\u00e4nken (ganzt\u00e4gig)<\/p>\n<p>Erleben Sie die Wunder der Dominikanischen Republik mit unserer Rundreise! Erkunden Sie<\/p>\n<p>Catalina Island, der Cumayasa River und die atemberaubende \u201cWall\u201d zum Schnorcheln.<\/p>\n<p>Beschreibung<\/p>\n<p>Entdecken Sie auf diesem Ganztagesausflug majest\u00e4tische Gebiete der Dominikanischen Republik. Kreuzfahrt<\/p>\n<p>Entlang des beeindruckenden Cumayasa-Flusses, schnorcheln Sie an der atemberaubenden \u201cWall\u201d und genie\u00dfen Sie ein Mittagsbuffet an einem wundersch\u00f6nen Strand mit warmem karibischen Wasser, Sonne und Sand. Wir beginnen unser Abenteuer am Cumayasa-Fluss, der seit 2004 wegen seiner lebendigen Fauna und der gr\u00f6\u00dften Konzentration von Mangroven in der Region unter Naturschutz steht. Nach einer kurzen Fahrt \u00fcber das Karibische Meer erreichen wir die ber\u00fchmte \u201cKorallenwand\u201d, an der Schnorchler diese wundersch\u00f6ne Unterwasserwelt erkunden k\u00f6nnen.<\/p>\n<p>Als N\u00e4chstes segeln wir nach Catalina Island, mit seinem wei\u00dfen Sand und kristallklarem Wasser, das sich perfekt zum Schnorcheln eignet. Genie\u00dfen Sie ein k\u00f6stliches Mittagessen, entspannen Sie sich und lassen Sie sich von der nat\u00fcrlichen Sch\u00f6nheit dieses Paradieses verzaubern.<\/p>\n<p>Was macht diese Aktivit\u00e4t einzigartig?<\/p>\n<p>Was diese Tour einzigartig macht, ist die perfekte Kombination aus Abenteuer, Entspannung und nat\u00fcrlicher Sch\u00f6nheit, die sie bietet. Sie begeben sich auf eine Reise durch die atemberaubenden Landschaften der Dominikanischen Republik und erkunden beim Schnorcheln die Wunder der Isla Catalina, den \u00fcppigen R\u00edo Cumayasa und die atemberaubende Unterwasserwelt des \u201cMuro\u201d.<\/p>\n<p>Einzigartige Merkmale:<\/p>\n<p>Landschaftliche Sch\u00f6nheit: Segeln Sie entlang des faszinierenden R\u00edo Cumayasa, der f\u00fcr sein kristallklares Wasser und seine \u00fcppigen Mangrovenw\u00e4lder bekannt ist und eine malerische Kulisse f\u00fcr Ihr Abenteuer bietet.<\/p>\n<p>Aufregendes Schnorcheln: Tauchen Sie in die Karibik ein und erkunden Sie die ber\u00fchmte \u201cmuro de coral\u201d, eine Korallenwand voller Meereslebewesen, die ein Paradies f\u00fcr Schnorchel-Fans ist.<\/p>\n<p>Paradies am Strand: Entspannen Sie sich auf dem wei\u00dfen Sandstrand der Isla Saona, umgeben von kristallklarem Wasser und tropischer Sch\u00f6nheit, die den perfekten Rahmen f\u00fcr Entspannung und Spa\u00df bietet. K\u00f6stliche Mahlzeiten: G\u00f6nnen Sie sich ein k\u00f6stliches Mittagsbuffet am Strand mit einer Vielzahl dominikanischer Gerichte, die Ihren Gaumen verw\u00f6hnen und Ihren Hunger stillen werden.<\/p>\n<p>Fachkundige F\u00fchrung: Profitieren Sie von der Erfahrung unserer Reiseleiter, die f\u00fcr Ihre Sicherheit sorgen und Ihnen Einblicke in die Naturwunder und die kulturelle Bedeutung der von Ihnen besuchten Orte geben. Diese Tour verspricht ein unvergessliches Erlebnis, das Abenteuer, Entspannung und die nat\u00fcrliche Sch\u00f6nheit der Dominikanischen Republik miteinander verbindet. Verpassen Sie nicht die Gelegenheit, sich auf diese einzigartige Reise zu begeben und bleibende Erinnerungen zu schaffen! 7:00 \/ 7:30 Abholung vom Hotel.<\/p>\n<p>8:00 Abfahrt vom Treffpunkt nach Bayahibe.<\/p>\n<p>\u25cf 9:45 Ankunft an unserer Anlegestelle in Cumayasa.<\/p>\n<p>\u25cf 10:00 Uhr Einsteigen in unseren Katamaran und Fahrt durch den Cumayasa-Fluss und das Karibische Meer.<\/p>\n<p>\u25cf 10:45 Halt an der Korallenwand zum Schnorcheln.<\/p>\n<p>\u25cf 12:00 Ankunft an unserem Strand auf Catalina Island. Zeit zum Genie\u00dfen, Schnorcheln und Mittagsbuffet.<\/p>\n<p>\u25cf 14:30 Uhr Segeln von Catalina zu unserer Anlegestelle im Cumayasa-Fluss.<\/p>\n<p>\u25cf 15:30 R\u00fcckfahrt mit dem Bus.<\/p>\n<p>\u25cf 17:30 Ankunft in den Hotels.<\/p>","protected":false},"excerpt":{"rendered":"<div data-track=\"overview\" data-v-83a2b402=\"\">\n<section id=\"activity-overview\" class=\"activity-overview\" data-component=\"overview\" data-v-83a2b402=\"\" data-v-f3236c42=\"\">\n<p class=\"activity-overview__content\" data-test-id=\"activity-overview-content\" data-v-f3236c42=\"\">Erkunden Sie die Insel Catalina, den Cumayasa-Fluss und die atemberaubende \u201cWall\u201d zum Schnorcheln.<\/p>\n<\/section>\n<\/div>\n<div data-track=\"key-details\" data-v-83a2b402=\"\"><\/div>","protected":false},"featured_media":11986,"template":"","meta":[],"product_brand":[],"product_cat":[97,104],"product_tag":[101,102],"class_list":{"0":"post-11671","1":"product","2":"type-product","3":"status-publish","4":"has-post-thumbnail","6":"product_cat-dominican-republic","7":"product_cat-isla-catalina","8":"product_tag-excursion","9":"product_tag-tour","11":"first","12":"instock","13":"sale","14":"shipping-taxable","15":"product-type-external"},"_links":{"self":[{"href":"https:\/\/sabanadelamartours.com\/de\/wp-json\/wp\/v2\/product\/11671","targetHints":{"allow":["GET"]}}],"collection":[{"href":"https:\/\/sabanadelamartours.com\/de\/wp-json\/wp\/v2\/product"}],"about":[{"href":"https:\/\/sabanadelamartours.com\/de\/wp-json\/wp\/v2\/types\/product"}],"version-history":[{"count":1,"href":"https:\/\/sabanadelamartours.com\/de\/wp-json\/wp\/v2\/product\/11671\/revisions"}],"predecessor-version":[{"id":19269,"href":"https:\/\/sabanadelamartours.com\/de\/wp-json\/wp\/v2\/product\/11671\/revisions\/19269"}],"wp:featuredmedia":[{"embeddable":true,"href":"https:\/\/sabanadelamartours.com\/de\/wp-json\/wp\/v2\/media\/11986"}],"wp:attachment":[{"href":"https:\/\/sabanadelamartours.com\/de\/wp-json\/wp\/v2\/media?parent=11671"}],"wp:term":[{"taxonomy":"product_brand","embeddable":true,"href":"https:\/\/sabanadelamartours.com\/de\/wp-json\/wp\/v2\/product_brand?post=11671"},{"taxonomy":"product_cat","embeddable":true,"href":"https:\/\/sabanadelamartours.com\/de\/wp-json\/wp\/v2\/product_cat?post=11671"},{"taxonomy":"product_tag","embeddable":true,"href":"https:\/\/sabanadelamartours.com\/de\/wp-json\/wp\/v2\/product_tag?post=11671"}],"curies":[{"name":"wp","href":"https:\/\/api.w.org\/{rel}","templated":true}]}}